{"id":240841,"date":"2025-03-20T16:27:39","date_gmt":"2025-03-20T16:27:39","guid":{"rendered":"https:\/\/aromasentia.com\/product\/melon-bath-dust-200g\/"},"modified":"2025-12-30T20:36:14","modified_gmt":"2025-12-30T20:36:14","slug":"badepulver-mit-melone-200g","status":"publish","type":"product","link":"https:\/\/aromasentia.com\/de\/badepulver-mit-melone-200g\/","title":{"rendered":"Badepulver mit Melone 200g"},"content":{"rendered":"<p>Genie\u00dfen Sie ein s\u00fc\u00dfes, sommerliches Bad mit Melon Bath Dust. Dieser k\u00f6stliche 200-g-Beutel verstr\u00f6mt das saftige, frische und dezent s\u00fc\u00dfe Aroma reifer, saftiger Melonen, wenn er in Ihrem Bad zischt. Er sorgt f\u00fcr ein leichtes, erfrischendes und wunderbar feuchtigkeitsspendendes Badeerlebnis, macht das Wasser weicher und hinterl\u00e4sst ein weiches und zart duftendes Hautgef\u00fchl. Perfekt f\u00fcr ein k\u00fchlendes Vergn\u00fcgen an einem warmen Tag oder wann immer Sie sich nach einem Hauch von fruchtiger S\u00fc\u00dfe in Ihrer Selbstpflege sehnen.<\/p>\n","protected":false},"excerpt":{"rendered":"<p>Genie\u00dfen Sie ein s\u00fc\u00dfes, sommerliches Bad mit Melon Bath Dust. Dieser k\u00f6stliche 200-g-Beutel verstr\u00f6mt das saftige, frische und dezent s\u00fc\u00dfe Aroma reifer, saftiger Melonen, wenn er in Ihrem Bad zischt. Er sorgt f\u00fcr ein leichtes, erfrischendes und wunderbar feuchtigkeitsspendendes Badeerlebnis, macht das Wasser weicher und hinterl\u00e4sst ein weiches und zart duftendes Hautgef\u00fchl. Perfekt f\u00fcr ein [&hellip;]<\/p>\n","protected":false},"featured_media":277950,"comment_status":"closed","ping_status":"open","template":"","meta":{"_angie_page":false},"product_brand":[],"product_cat":[19448,20683,25841,26847,26472],"product_tag":[],"class_list":{"0":"post-240841","1":"product","2":"type-product","3":"status-publish","4":"has-post-thumbnail","6":"product_cat-bad-und-korper","7":"product_cat-badekristalle-und-badesalze","8":"product_cat-dufte-aromen","9":"product_cat-fruchtig","10":"product_cat-melone","11":"pa_collection-bath-dust-190g-de","12":"pa_made-in-vereinigtes-koenigreich","13":"pa_size-200g","15":"first","16":"instock","17":"purchasable","18":"product-type-simple"},"supplier_id":null,"supplier_sku":"BAS-17","barcode":null,"atum_controlled":true,"out_stock_date":null,"out_stock_threshold":null,"inheritable":false,"inbound_stock":null,"stock_on_hold":0,"sold_today":0,"sales_last_days":0,"reserved_stock":null,"customer_returns":null,"warehouse_damage":null,"lost_in_post":null,"other_logs":null,"out_stock_days":0,"lost_sales":0,"has_location":null,"update_date":"2026-05-08T05:04:57","atum_locations":[],"atum_stock_status":"instock","restock_status":false,"low_stock_amount":"","sales_update_date":"2025-10-09T03:25:35","calc_backorders":null,"_links":{"self":[{"href":"https:\/\/aromasentia.com\/de\/wp-json\/wp\/v2\/product\/240841","targetHints":{"allow":["GET"]}}],"collection":[{"href":"https:\/\/aromasentia.com\/de\/wp-json\/wp\/v2\/product"}],"about":[{"href":"https:\/\/aromasentia.com\/de\/wp-json\/wp\/v2\/types\/product"}],"replies":[{"embeddable":true,"href":"https:\/\/aromasentia.com\/de\/wp-json\/wp\/v2\/comments?post=240841"}],"version-history":[{"count":0,"href":"https:\/\/aromasentia.com\/de\/wp-json\/wp\/v2\/product\/240841\/revisions"}],"wp:featuredmedia":[{"embeddable":true,"href":"https:\/\/aromasentia.com\/de\/wp-json\/wp\/v2\/media\/277950"}],"wp:attachment":[{"href":"https:\/\/aromasentia.com\/de\/wp-json\/wp\/v2\/media?parent=240841"}],"wp:term":[{"taxonomy":"product_brand","embeddable":true,"href":"https:\/\/aromasentia.com\/de\/wp-json\/wp\/v2\/product_brand?post=240841"},{"taxonomy":"product_cat","embeddable":true,"href":"https:\/\/aromasentia.com\/de\/wp-json\/wp\/v2\/product_cat?post=240841"},{"taxonomy":"product_tag","embeddable":true,"href":"https:\/\/aromasentia.com\/de\/wp-json\/wp\/v2\/product_tag?post=240841"}],"curies":[{"name":"wp","href":"https:\/\/api.w.org\/{rel}","templated":true}]}}