{"id":240837,"date":"2025-03-20T16:27:39","date_gmt":"2025-03-20T16:27:39","guid":{"rendered":"https:\/\/aromasentia.com\/product\/lemon-eucalyptus-bath-dust-200g\/"},"modified":"2025-12-30T20:36:14","modified_gmt":"2025-12-30T20:36:14","slug":"badepulver-mit-lemon-eucalyptus-200g","status":"publish","type":"product","link":"https:\/\/aromasentia.com\/de\/badepulver-mit-lemon-eucalyptus-200g\/","title":{"rendered":"Badepulver mit Lemon Eucalyptus 200g"},"content":{"rendered":"<p>Erfrischen und kl\u00e4ren Sie Ihre Sinne mit Lemon Eucalyptus Bath Dust. Dieser belebende 200-Gramm-Beutel kombiniert die helle Schale der Zitrone mit den kr\u00e4ftigen, kampferartigen Noten des Eukalyptus, wodurch ein stark reinigendes und belebendes Aroma entsteht. W\u00e4hrend es sich aufl\u00f6st, hilft es, die Nasenwege zu befreien und einen m\u00fcden Geist zu beleben. Es macht das Wasser weich, w\u00e4hrend sein starker Duft f\u00fcr ein therapeutisches und erfrischendes Badeerlebnis sorgt &#8211; perfekt, wenn Sie einen nat\u00fcrlichen Schub oder eine Erleichterung der Atemwege brauchen.<\/p>\n","protected":false},"excerpt":{"rendered":"<p>Erfrischen und kl\u00e4ren Sie Ihre Sinne mit Lemon Eucalyptus Bath Dust. Dieser belebende 200-Gramm-Beutel kombiniert die helle Schale der Zitrone mit den kr\u00e4ftigen, kampferartigen Noten des Eukalyptus, wodurch ein stark reinigendes und belebendes Aroma entsteht. W\u00e4hrend es sich aufl\u00f6st, hilft es, die Nasenwege zu befreien und einen m\u00fcden Geist zu beleben. Es macht das Wasser [&hellip;]<\/p>\n","protected":false},"featured_media":277917,"comment_status":"closed","ping_status":"open","template":"","meta":{"_angie_page":false},"product_brand":[],"product_cat":[19448,20683,25841,26177,26868,26238,26819],"product_tag":[],"class_list":{"0":"post-240837","1":"product","2":"type-product","3":"status-publish","4":"has-post-thumbnail","6":"product_cat-bad-und-korper","7":"product_cat-badekristalle-und-badesalze","8":"product_cat-dufte-aromen","9":"product_cat-eukalyptus","10":"product_cat-medizinisch-kampferartig","11":"product_cat-zitrone","12":"product_cat-zitrus","13":"pa_collection-bath-dust-190g-de","14":"pa_made-in-vereinigtes-koenigreich","15":"pa_size-200g","17":"first","18":"instock","19":"purchasable","20":"product-type-simple"},"supplier_id":null,"supplier_sku":"BAS-18","barcode":null,"atum_controlled":true,"out_stock_date":null,"out_stock_threshold":null,"inheritable":false,"inbound_stock":null,"stock_on_hold":0,"sold_today":0,"sales_last_days":0,"reserved_stock":null,"customer_returns":null,"warehouse_damage":null,"lost_in_post":null,"other_logs":null,"out_stock_days":0,"lost_sales":0,"has_location":null,"update_date":"2026-05-08T05:04:57","atum_locations":[],"atum_stock_status":"instock","restock_status":false,"low_stock_amount":"","sales_update_date":"2026-02-06T00:00:46","calc_backorders":null,"_links":{"self":[{"href":"https:\/\/aromasentia.com\/de\/wp-json\/wp\/v2\/product\/240837","targetHints":{"allow":["GET"]}}],"collection":[{"href":"https:\/\/aromasentia.com\/de\/wp-json\/wp\/v2\/product"}],"about":[{"href":"https:\/\/aromasentia.com\/de\/wp-json\/wp\/v2\/types\/product"}],"replies":[{"embeddable":true,"href":"https:\/\/aromasentia.com\/de\/wp-json\/wp\/v2\/comments?post=240837"}],"version-history":[{"count":0,"href":"https:\/\/aromasentia.com\/de\/wp-json\/wp\/v2\/product\/240837\/revisions"}],"wp:featuredmedia":[{"embeddable":true,"href":"https:\/\/aromasentia.com\/de\/wp-json\/wp\/v2\/media\/277917"}],"wp:attachment":[{"href":"https:\/\/aromasentia.com\/de\/wp-json\/wp\/v2\/media?parent=240837"}],"wp:term":[{"taxonomy":"product_brand","embeddable":true,"href":"https:\/\/aromasentia.com\/de\/wp-json\/wp\/v2\/product_brand?post=240837"},{"taxonomy":"product_cat","embeddable":true,"href":"https:\/\/aromasentia.com\/de\/wp-json\/wp\/v2\/product_cat?post=240837"},{"taxonomy":"product_tag","embeddable":true,"href":"https:\/\/aromasentia.com\/de\/wp-json\/wp\/v2\/product_tag?post=240837"}],"curies":[{"name":"wp","href":"https:\/\/api.w.org\/{rel}","templated":true}]}}