{"id":240833,"date":"2025-03-20T16:27:39","date_gmt":"2025-03-20T16:27:39","guid":{"rendered":"https:\/\/aromasentia.com\/product\/hawaiian-mango-bath-dust-200g\/"},"modified":"2025-12-30T20:36:14","modified_gmt":"2025-12-30T20:36:14","slug":"badepulver-mit-hawaiian-mango-200g","status":"publish","type":"product","link":"https:\/\/aromasentia.com\/de\/badepulver-mit-hawaiian-mango-200g\/","title":{"rendered":"Badepulver mit Hawaiian Mango 200g"},"content":{"rendered":"<p>Entfliehen Sie mit Hawaiian Mango Bath Dust in ein tropisches Paradies. Dieser leuchtende 200-g-Beutel sprudelt in Ihrem Bad und setzt das exotische, saftige und unglaublich s\u00fc\u00dfe Aroma reifer hawaiianischer Mangos frei. Er verwandelt Ihre Badewanne in einen duftenden Inselurlaub, macht das Wasser weich und hinterl\u00e4sst ein erfrischtes und k\u00f6stlich duftendes Gef\u00fchl auf Ihrer Haut. Tauchen Sie ein in diesen k\u00f6stlichen, fruchtigen Duft f\u00fcr ein belebendes und verw\u00f6hnendes Badeerlebnis, das Ihre Sinne an sonnige Str\u00e4nde entf\u00fchrt.<\/p>\n","protected":false},"excerpt":{"rendered":"<p>Entfliehen Sie mit Hawaiian Mango Bath Dust in ein tropisches Paradies. Dieser leuchtende 200-g-Beutel sprudelt in Ihrem Bad und setzt das exotische, saftige und unglaublich s\u00fc\u00dfe Aroma reifer hawaiianischer Mangos frei. Er verwandelt Ihre Badewanne in einen duftenden Inselurlaub, macht das Wasser weich und hinterl\u00e4sst ein erfrischtes und k\u00f6stlich duftendes Gef\u00fchl auf Ihrer Haut. Tauchen [&hellip;]<\/p>\n","protected":false},"featured_media":277884,"comment_status":"closed","ping_status":"open","template":"","meta":{"_angie_page":false},"product_brand":[],"product_cat":[19448,20683],"product_tag":[],"class_list":{"0":"post-240833","1":"product","2":"type-product","3":"status-publish","4":"has-post-thumbnail","6":"product_cat-bad-und-korper","7":"product_cat-badekristalle-und-badesalze","8":"pa_collection-bath-dust-190g-de","9":"pa_made-in-vereinigtes-koenigreich","10":"pa_size-200g","12":"first","13":"instock","14":"purchasable","15":"product-type-simple"},"supplier_id":null,"supplier_sku":"BAS-19","barcode":null,"atum_controlled":true,"out_stock_date":null,"out_stock_threshold":null,"inheritable":false,"inbound_stock":null,"stock_on_hold":0,"sold_today":0,"sales_last_days":0,"reserved_stock":null,"customer_returns":null,"warehouse_damage":null,"lost_in_post":null,"other_logs":null,"out_stock_days":0,"lost_sales":0,"has_location":null,"update_date":"2026-05-08T05:04:57","atum_locations":[],"atum_stock_status":"instock","restock_status":false,"low_stock_amount":"","sales_update_date":"2026-01-30T01:24:59","calc_backorders":null,"_links":{"self":[{"href":"https:\/\/aromasentia.com\/de\/wp-json\/wp\/v2\/product\/240833","targetHints":{"allow":["GET"]}}],"collection":[{"href":"https:\/\/aromasentia.com\/de\/wp-json\/wp\/v2\/product"}],"about":[{"href":"https:\/\/aromasentia.com\/de\/wp-json\/wp\/v2\/types\/product"}],"replies":[{"embeddable":true,"href":"https:\/\/aromasentia.com\/de\/wp-json\/wp\/v2\/comments?post=240833"}],"version-history":[{"count":0,"href":"https:\/\/aromasentia.com\/de\/wp-json\/wp\/v2\/product\/240833\/revisions"}],"wp:featuredmedia":[{"embeddable":true,"href":"https:\/\/aromasentia.com\/de\/wp-json\/wp\/v2\/media\/277884"}],"wp:attachment":[{"href":"https:\/\/aromasentia.com\/de\/wp-json\/wp\/v2\/media?parent=240833"}],"wp:term":[{"taxonomy":"product_brand","embeddable":true,"href":"https:\/\/aromasentia.com\/de\/wp-json\/wp\/v2\/product_brand?post=240833"},{"taxonomy":"product_cat","embeddable":true,"href":"https:\/\/aromasentia.com\/de\/wp-json\/wp\/v2\/product_cat?post=240833"},{"taxonomy":"product_tag","embeddable":true,"href":"https:\/\/aromasentia.com\/de\/wp-json\/wp\/v2\/product_tag?post=240833"}],"curies":[{"name":"wp","href":"https:\/\/api.w.org\/{rel}","templated":true}]}}