{"id":240813,"date":"2025-03-20T16:27:39","date_gmt":"2025-03-20T16:27:39","guid":{"rendered":"https:\/\/aromasentia.com\/product\/cherry-bath-dust-200g\/"},"modified":"2025-12-30T20:36:07","modified_gmt":"2025-12-30T20:36:07","slug":"badepulver-kirsch-200-g","status":"publish","type":"product","link":"https:\/\/aromasentia.com\/de\/badepulver-kirsch-200-g\/","title":{"rendered":"Badepulver Kirsch 200 g"},"content":{"rendered":"<p>Genie\u00dfen Sie einen Hauch von fruchtigem Vergn\u00fcgen mit Cherry Bath Dust. Dieser verspielte 200-g-Beutel zischt und l\u00f6st sich in Ihrem Bad auf und setzt das s\u00fc\u00dfe, saftige und leicht s\u00e4uerliche Aroma reifer Kirschen frei. Er macht das Wasser weicher und verleiht Ihrer Baderoutine eine lustige, lebendige Note. Ihre Haut f\u00fchlt sich weich an und duftet unwiderstehlich fruchtig. Ein perfekter Genuss f\u00fcr alle, die einen klassischen, fr\u00f6hlichen Fruchtduft lieben, der ein gew\u00f6hnliches Bad in eine k\u00f6stlich duftende Flucht verwandelt.<\/p>\n","protected":false},"excerpt":{"rendered":"<p>Genie\u00dfen Sie einen Hauch von fruchtigem Vergn\u00fcgen mit Cherry Bath Dust. Dieser verspielte 200-g-Beutel zischt und l\u00f6st sich in Ihrem Bad auf und setzt das s\u00fc\u00dfe, saftige und leicht s\u00e4uerliche Aroma reifer Kirschen frei. Er macht das Wasser weicher und verleiht Ihrer Baderoutine eine lustige, lebendige Note. Ihre Haut f\u00fchlt sich weich an und duftet [&hellip;]<\/p>\n","protected":false},"featured_media":277719,"comment_status":"closed","ping_status":"open","template":"","meta":{"_angie_page":false},"product_brand":[],"product_cat":[19448,20683],"product_tag":[],"class_list":{"0":"post-240813","1":"product","2":"type-product","3":"status-publish","4":"has-post-thumbnail","6":"product_cat-bad-und-korper","7":"product_cat-badekristalle-und-badesalze","8":"pa_collection-bath-dust-190g-de","9":"pa_made-in-vereinigtes-koenigreich","10":"pa_size-200g","12":"first","13":"instock","14":"purchasable","15":"product-type-simple"},"supplier_id":null,"supplier_sku":"BAS-26","barcode":null,"atum_controlled":true,"out_stock_date":null,"out_stock_threshold":null,"inheritable":false,"inbound_stock":null,"stock_on_hold":0,"sold_today":0,"sales_last_days":0,"reserved_stock":null,"customer_returns":null,"warehouse_damage":null,"lost_in_post":null,"other_logs":null,"out_stock_days":0,"lost_sales":0,"has_location":null,"update_date":"2026-05-08T05:04:58","atum_locations":[],"atum_stock_status":"instock","restock_status":false,"low_stock_amount":"","sales_update_date":"2025-10-09T03:25:40","calc_backorders":null,"_links":{"self":[{"href":"https:\/\/aromasentia.com\/de\/wp-json\/wp\/v2\/product\/240813","targetHints":{"allow":["GET"]}}],"collection":[{"href":"https:\/\/aromasentia.com\/de\/wp-json\/wp\/v2\/product"}],"about":[{"href":"https:\/\/aromasentia.com\/de\/wp-json\/wp\/v2\/types\/product"}],"replies":[{"embeddable":true,"href":"https:\/\/aromasentia.com\/de\/wp-json\/wp\/v2\/comments?post=240813"}],"version-history":[{"count":0,"href":"https:\/\/aromasentia.com\/de\/wp-json\/wp\/v2\/product\/240813\/revisions"}],"wp:featuredmedia":[{"embeddable":true,"href":"https:\/\/aromasentia.com\/de\/wp-json\/wp\/v2\/media\/277719"}],"wp:attachment":[{"href":"https:\/\/aromasentia.com\/de\/wp-json\/wp\/v2\/media?parent=240813"}],"wp:term":[{"taxonomy":"product_brand","embeddable":true,"href":"https:\/\/aromasentia.com\/de\/wp-json\/wp\/v2\/product_brand?post=240813"},{"taxonomy":"product_cat","embeddable":true,"href":"https:\/\/aromasentia.com\/de\/wp-json\/wp\/v2\/product_cat?post=240813"},{"taxonomy":"product_tag","embeddable":true,"href":"https:\/\/aromasentia.com\/de\/wp-json\/wp\/v2\/product_tag?post=240813"}],"curies":[{"name":"wp","href":"https:\/\/api.w.org\/{rel}","templated":true}]}}