{"id":240809,"date":"2025-03-20T16:27:39","date_gmt":"2025-03-20T16:27:39","guid":{"rendered":"https:\/\/aromasentia.com\/product\/romance-bath-dust-200g\/"},"modified":"2025-12-30T20:36:07","modified_gmt":"2025-12-30T20:36:07","slug":"badepulver-romantik-200-g","status":"publish","type":"product","link":"https:\/\/aromasentia.com\/de\/badepulver-romantik-200-g\/","title":{"rendered":"Badepulver Romantik 200 g"},"content":{"rendered":"<p>Schaffen Sie eine vertr\u00e4umte, amour\u00f6se Atmosph\u00e4re mit Romance Bath Dust. Dieser bezaubernde 200-Gramm-Beutel weckt Gef\u00fchle von Liebe und Zuneigung, die durch sanfte Blumen, s\u00fc\u00dfe Noten oder einen Hauch von sinnlichem Moschus hervorgerufen werden k\u00f6nnen. Wenn er sich aufl\u00f6st, macht er das Badewasser weich und verstr\u00f6mt einen bezaubernden Duft, der die Stimmung f\u00fcr ein romantisches und verw\u00f6hnendes Erlebnis schafft. Streuen Sie es in ein warmes Bad und h\u00fcllen Sie sich in sein verf\u00fchrerisches Aroma, das die Haut weich und die Sinne erfreut macht.<\/p>\n","protected":false},"excerpt":{"rendered":"<p>Schaffen Sie eine vertr\u00e4umte, amour\u00f6se Atmosph\u00e4re mit Romance Bath Dust. Dieser bezaubernde 200-Gramm-Beutel weckt Gef\u00fchle von Liebe und Zuneigung, die durch sanfte Blumen, s\u00fc\u00dfe Noten oder einen Hauch von sinnlichem Moschus hervorgerufen werden k\u00f6nnen. Wenn er sich aufl\u00f6st, macht er das Badewasser weich und verstr\u00f6mt einen bezaubernden Duft, der die Stimmung f\u00fcr ein romantisches und [&hellip;]<\/p>\n","protected":false},"featured_media":277686,"comment_status":"closed","ping_status":"open","template":"","meta":{"_angie_page":false},"product_brand":[],"product_cat":[19448,20683],"product_tag":[],"class_list":{"0":"post-240809","1":"product","2":"type-product","3":"status-publish","4":"has-post-thumbnail","6":"product_cat-bad-und-korper","7":"product_cat-badekristalle-und-badesalze","8":"pa_collection-bath-dust-190g-de","9":"pa_made-in-vereinigtes-koenigreich","10":"pa_size-200g","12":"first","13":"instock","14":"purchasable","15":"product-type-simple"},"supplier_id":null,"supplier_sku":"BAS-27","barcode":null,"atum_controlled":true,"out_stock_date":null,"out_stock_threshold":null,"inheritable":false,"inbound_stock":null,"stock_on_hold":0,"sold_today":0,"sales_last_days":0,"reserved_stock":null,"customer_returns":null,"warehouse_damage":null,"lost_in_post":null,"other_logs":null,"out_stock_days":0,"lost_sales":0,"has_location":null,"update_date":"2026-04-27T06:53:55","atum_locations":[],"atum_stock_status":"instock","restock_status":false,"low_stock_amount":"","sales_update_date":"2026-01-30T01:26:40","calc_backorders":null,"_links":{"self":[{"href":"https:\/\/aromasentia.com\/de\/wp-json\/wp\/v2\/product\/240809","targetHints":{"allow":["GET"]}}],"collection":[{"href":"https:\/\/aromasentia.com\/de\/wp-json\/wp\/v2\/product"}],"about":[{"href":"https:\/\/aromasentia.com\/de\/wp-json\/wp\/v2\/types\/product"}],"replies":[{"embeddable":true,"href":"https:\/\/aromasentia.com\/de\/wp-json\/wp\/v2\/comments?post=240809"}],"version-history":[{"count":0,"href":"https:\/\/aromasentia.com\/de\/wp-json\/wp\/v2\/product\/240809\/revisions"}],"wp:featuredmedia":[{"embeddable":true,"href":"https:\/\/aromasentia.com\/de\/wp-json\/wp\/v2\/media\/277686"}],"wp:attachment":[{"href":"https:\/\/aromasentia.com\/de\/wp-json\/wp\/v2\/media?parent=240809"}],"wp:term":[{"taxonomy":"product_brand","embeddable":true,"href":"https:\/\/aromasentia.com\/de\/wp-json\/wp\/v2\/product_brand?post=240809"},{"taxonomy":"product_cat","embeddable":true,"href":"https:\/\/aromasentia.com\/de\/wp-json\/wp\/v2\/product_cat?post=240809"},{"taxonomy":"product_tag","embeddable":true,"href":"https:\/\/aromasentia.com\/de\/wp-json\/wp\/v2\/product_tag?post=240809"}],"curies":[{"name":"wp","href":"https:\/\/api.w.org\/{rel}","templated":true}]}}