{"id":240805,"date":"2025-03-20T16:27:39","date_gmt":"2025-03-20T16:27:39","guid":{"rendered":"https:\/\/aromasentia.com\/product\/fig-casis-bath-dust-200g\/"},"modified":"2025-12-30T20:36:07","modified_gmt":"2025-12-30T20:36:07","slug":"badepulver-mit-feige-und-cassis-200-g","status":"publish","type":"product","link":"https:\/\/aromasentia.com\/de\/badepulver-mit-feige-und-cassis-200-g\/","title":{"rendered":"Badepulver mit Feige und Cassis, 200 g"},"content":{"rendered":"<p>Genie\u00dfen Sie das reichhaltige, fruchtige Aroma von Fig &#038; Cassis Bath Dust. Dieser raffinierte 200g-Beutel kombiniert die s\u00fc\u00dfen, erdigen Noten von reifen Feigen mit dem tiefen, beerigen Reichtum von Cassis (schwarze Johannisbeere). Wenn er in Ihrem Bad zischt, verstr\u00f6mt er einen luxuri\u00f6sen und beruhigenden Duft, der die Sinne bes\u00e4nftigt. Die elegante und zeitlose Mischung macht das Wasser weich und hinterl\u00e4sst ein verw\u00f6hntes Hautgef\u00fchl und einen herrlichen Duft &#8211; perfekt f\u00fcr ein wirklich entspannendes und verw\u00f6hnendes Bad.<\/p>\n","protected":false},"excerpt":{"rendered":"<p>Genie\u00dfen Sie das reichhaltige, fruchtige Aroma von Fig &#038; Cassis Bath Dust. Dieser raffinierte 200g-Beutel kombiniert die s\u00fc\u00dfen, erdigen Noten von reifen Feigen mit dem tiefen, beerigen Reichtum von Cassis (schwarze Johannisbeere). Wenn er in Ihrem Bad zischt, verstr\u00f6mt er einen luxuri\u00f6sen und beruhigenden Duft, der die Sinne bes\u00e4nftigt. Die elegante und zeitlose Mischung macht [&hellip;]<\/p>\n","protected":false},"featured_media":277661,"comment_status":"closed","ping_status":"open","template":"","meta":{"_angie_page":false},"product_brand":[],"product_cat":[19448,20683],"product_tag":[],"class_list":{"0":"post-240805","1":"product","2":"type-product","3":"status-publish","4":"has-post-thumbnail","6":"product_cat-bad-und-korper","7":"product_cat-badekristalle-und-badesalze","8":"pa_collection-bath-dust-190g-de","9":"pa_made-in-vereinigtes-koenigreich","10":"pa_size-200g","12":"first","13":"instock","14":"purchasable","15":"product-type-simple"},"supplier_id":null,"supplier_sku":"BAS-28","barcode":null,"atum_controlled":true,"out_stock_date":null,"out_stock_threshold":null,"inheritable":false,"inbound_stock":null,"stock_on_hold":0,"sold_today":0,"sales_last_days":0,"reserved_stock":null,"customer_returns":null,"warehouse_damage":null,"lost_in_post":null,"other_logs":null,"out_stock_days":0,"lost_sales":0,"has_location":null,"update_date":"2026-04-27T06:53:55","atum_locations":[],"atum_stock_status":"instock","restock_status":false,"low_stock_amount":"","sales_update_date":"2026-02-06T00:02:52","calc_backorders":null,"_links":{"self":[{"href":"https:\/\/aromasentia.com\/de\/wp-json\/wp\/v2\/product\/240805","targetHints":{"allow":["GET"]}}],"collection":[{"href":"https:\/\/aromasentia.com\/de\/wp-json\/wp\/v2\/product"}],"about":[{"href":"https:\/\/aromasentia.com\/de\/wp-json\/wp\/v2\/types\/product"}],"replies":[{"embeddable":true,"href":"https:\/\/aromasentia.com\/de\/wp-json\/wp\/v2\/comments?post=240805"}],"version-history":[{"count":0,"href":"https:\/\/aromasentia.com\/de\/wp-json\/wp\/v2\/product\/240805\/revisions"}],"wp:featuredmedia":[{"embeddable":true,"href":"https:\/\/aromasentia.com\/de\/wp-json\/wp\/v2\/media\/277661"}],"wp:attachment":[{"href":"https:\/\/aromasentia.com\/de\/wp-json\/wp\/v2\/media?parent=240805"}],"wp:term":[{"taxonomy":"product_brand","embeddable":true,"href":"https:\/\/aromasentia.com\/de\/wp-json\/wp\/v2\/product_brand?post=240805"},{"taxonomy":"product_cat","embeddable":true,"href":"https:\/\/aromasentia.com\/de\/wp-json\/wp\/v2\/product_cat?post=240805"},{"taxonomy":"product_tag","embeddable":true,"href":"https:\/\/aromasentia.com\/de\/wp-json\/wp\/v2\/product_tag?post=240805"}],"curies":[{"name":"wp","href":"https:\/\/api.w.org\/{rel}","templated":true}]}}