{"id":240725,"date":"2025-03-20T16:29:32","date_gmt":"2025-03-20T16:29:32","guid":{"rendered":"https:\/\/aromasentia.com\/product\/lavender-seeds-bath-dust-200g\/"},"modified":"2025-12-30T20:35:51","modified_gmt":"2025-12-30T20:35:51","slug":"badepulver-mit-lavendel-und-samen-200-g","status":"publish","type":"product","link":"https:\/\/aromasentia.com\/de\/badepulver-mit-lavendel-und-samen-200-g\/","title":{"rendered":"Badepulver mit Lavendel und Samen, 200 g"},"content":{"rendered":"<p>Entspannen Sie sich mit Lavender &#038; Seeds Bath Dust. Dieser wohltuende 200g-Beutel kombiniert das beruhigende, klassische Aroma von \u00e4therischem Lavendel\u00f6l mit der sanften Textur von Samen, eventuell Lavendelknospen oder anderen pflanzlichen Stoffen f\u00fcr ein sanftes Peeling oder zur optischen Auflockerung. Beim Aufl\u00f6sen wird ein beruhigender Duft freigesetzt, der die Entspannung f\u00f6rdert, Stress abbaut und das Badewasser weicher macht. Es eignet sich perfekt f\u00fcr ein abendliches Bad zur Vorbereitung auf einen ruhigen Schlaf und hinterl\u00e4sst ein Gef\u00fchl der Ruhe und Gelassenheit.<\/p>\n","protected":false},"excerpt":{"rendered":"<p>Entspannen Sie sich mit Lavender &#038; Seeds Bath Dust. Dieser wohltuende 200g-Beutel kombiniert das beruhigende, klassische Aroma von \u00e4therischem Lavendel\u00f6l mit der sanften Textur von Samen, eventuell Lavendelknospen oder anderen pflanzlichen Stoffen f\u00fcr ein sanftes Peeling oder zur optischen Auflockerung. Beim Aufl\u00f6sen wird ein beruhigender Duft freigesetzt, der die Entspannung f\u00f6rdert, Stress abbaut und das [&hellip;]<\/p>\n","protected":false},"featured_media":278305,"comment_status":"closed","ping_status":"open","template":"","meta":{"_angie_page":false},"product_brand":[],"product_cat":[19448,20683,26833,25841,26234],"product_tag":[],"class_list":{"0":"post-240725","1":"product","2":"type-product","3":"status-publish","4":"has-post-thumbnail","6":"product_cat-bad-und-korper","7":"product_cat-badekristalle-und-badesalze","8":"product_cat-blumig","9":"product_cat-dufte-aromen","10":"product_cat-lavendel","11":"pa_collection-bath-dust-190g-de","12":"pa_made-in-vereinigtes-koenigreich","13":"pa_size-200g","15":"first","16":"instock","17":"purchasable","18":"product-type-simple"},"supplier_id":null,"supplier_sku":"BAS-06","barcode":null,"atum_controlled":true,"out_stock_date":null,"out_stock_threshold":null,"inheritable":false,"inbound_stock":null,"stock_on_hold":0,"sold_today":0,"sales_last_days":0,"reserved_stock":null,"customer_returns":null,"warehouse_damage":null,"lost_in_post":null,"other_logs":null,"out_stock_days":0,"lost_sales":0,"has_location":null,"update_date":"2026-05-08T05:04:57","atum_locations":[],"atum_stock_status":"instock","restock_status":false,"low_stock_amount":"","sales_update_date":"2026-01-20T05:14:13","calc_backorders":null,"_links":{"self":[{"href":"https:\/\/aromasentia.com\/de\/wp-json\/wp\/v2\/product\/240725","targetHints":{"allow":["GET"]}}],"collection":[{"href":"https:\/\/aromasentia.com\/de\/wp-json\/wp\/v2\/product"}],"about":[{"href":"https:\/\/aromasentia.com\/de\/wp-json\/wp\/v2\/types\/product"}],"replies":[{"embeddable":true,"href":"https:\/\/aromasentia.com\/de\/wp-json\/wp\/v2\/comments?post=240725"}],"version-history":[{"count":0,"href":"https:\/\/aromasentia.com\/de\/wp-json\/wp\/v2\/product\/240725\/revisions"}],"wp:featuredmedia":[{"embeddable":true,"href":"https:\/\/aromasentia.com\/de\/wp-json\/wp\/v2\/media\/278305"}],"wp:attachment":[{"href":"https:\/\/aromasentia.com\/de\/wp-json\/wp\/v2\/media?parent=240725"}],"wp:term":[{"taxonomy":"product_brand","embeddable":true,"href":"https:\/\/aromasentia.com\/de\/wp-json\/wp\/v2\/product_brand?post=240725"},{"taxonomy":"product_cat","embeddable":true,"href":"https:\/\/aromasentia.com\/de\/wp-json\/wp\/v2\/product_cat?post=240725"},{"taxonomy":"product_tag","embeddable":true,"href":"https:\/\/aromasentia.com\/de\/wp-json\/wp\/v2\/product_tag?post=240725"}],"curies":[{"name":"wp","href":"https:\/\/api.w.org\/{rel}","templated":true}]}}