{"id":240709,"date":"2025-03-20T16:30:10","date_gmt":"2025-03-20T16:30:10","guid":{"rendered":"https:\/\/aromasentia.com\/product\/bath-eggs-banana\/"},"modified":"2025-12-30T20:35:44","modified_gmt":"2025-12-30T20:35:44","slug":"bath-eggs-banana","status":"publish","type":"product","link":"https:\/\/aromasentia.com\/de\/bath-eggs-banana\/","title":{"rendered":"Bath Eggs &#8211; Banana"},"content":{"rendered":"<p>Diese originalen Badebomben in Eierform (und -gr\u00f6\u00dfe) sehen toll aus und duften gut.<\/p>\n<p>Mit einem Gewicht von ca. 60 g sind sie ideal f\u00fcr Kinderb\u00e4der. Perfekt als Hochzeitsgeschenk oder zu Ostern.<\/p>\n<p>Wir bieten sechs D\u00fcfte zur Auswahl, jeder in seiner eigenen, unverwechselbaren Farbe.<\/p>\n<p>Verkauft einzeln. Bei einer Bestellung von 6 St\u00fcck werden diese in einem Eierkarton versendet.<\/p>\n","protected":false},"excerpt":{"rendered":"<p>Diese originalen Badebomben in Eierform (und -gr\u00f6\u00dfe) sehen toll aus und duften gut. Mit einem Gewicht von ca. 60 g sind sie ideal f\u00fcr Kinderb\u00e4der. Perfekt als Hochzeitsgeschenk oder zu Ostern. Wir bieten sechs D\u00fcfte zur Auswahl, jeder in seiner eigenen, unverwechselbaren Farbe. Verkauft einzeln. Bei einer Bestellung von 6 St\u00fcck werden diese in einem [&hellip;]<\/p>\n","protected":false},"featured_media":278969,"comment_status":"closed","ping_status":"open","template":"","meta":{"_angie_page":false},"product_brand":[],"product_cat":[19448,20511,26560,25841,26847],"product_tag":[],"class_list":{"0":"post-240709","1":"product","2":"type-product","3":"status-publish","4":"has-post-thumbnail","6":"product_cat-bad-und-korper","7":"product_cat-badebomben-badekugeln","8":"product_cat-banane","9":"product_cat-dufte-aromen","10":"product_cat-fruchtig","11":"pa_collection-pack-of-6-bath-eggs-de","12":"pa_made-in-irland","14":"first","15":"instock","16":"purchasable","17":"product-type-simple"},"supplier_id":null,"supplier_sku":"Begg-01DS","barcode":null,"atum_controlled":true,"out_stock_date":null,"out_stock_threshold":null,"inheritable":false,"inbound_stock":null,"stock_on_hold":0,"sold_today":0,"sales_last_days":0,"reserved_stock":null,"customer_returns":null,"warehouse_damage":null,"lost_in_post":null,"other_logs":null,"out_stock_days":0,"lost_sales":0,"has_location":null,"update_date":"2026-04-27T06:54:47","atum_locations":[],"atum_stock_status":"instock","restock_status":false,"low_stock_amount":"","sales_update_date":"2025-10-09T03:26:20","calc_backorders":null,"_links":{"self":[{"href":"https:\/\/aromasentia.com\/de\/wp-json\/wp\/v2\/product\/240709","targetHints":{"allow":["GET"]}}],"collection":[{"href":"https:\/\/aromasentia.com\/de\/wp-json\/wp\/v2\/product"}],"about":[{"href":"https:\/\/aromasentia.com\/de\/wp-json\/wp\/v2\/types\/product"}],"replies":[{"embeddable":true,"href":"https:\/\/aromasentia.com\/de\/wp-json\/wp\/v2\/comments?post=240709"}],"version-history":[{"count":0,"href":"https:\/\/aromasentia.com\/de\/wp-json\/wp\/v2\/product\/240709\/revisions"}],"wp:featuredmedia":[{"embeddable":true,"href":"https:\/\/aromasentia.com\/de\/wp-json\/wp\/v2\/media\/278969"}],"wp:attachment":[{"href":"https:\/\/aromasentia.com\/de\/wp-json\/wp\/v2\/media?parent=240709"}],"wp:term":[{"taxonomy":"product_brand","embeddable":true,"href":"https:\/\/aromasentia.com\/de\/wp-json\/wp\/v2\/product_brand?post=240709"},{"taxonomy":"product_cat","embeddable":true,"href":"https:\/\/aromasentia.com\/de\/wp-json\/wp\/v2\/product_cat?post=240709"},{"taxonomy":"product_tag","embeddable":true,"href":"https:\/\/aromasentia.com\/de\/wp-json\/wp\/v2\/product_tag?post=240709"}],"curies":[{"name":"wp","href":"https:\/\/api.w.org\/{rel}","templated":true}]}}