{"id":240705,"date":"2025-03-20T16:30:10","date_gmt":"2025-03-20T16:30:10","guid":{"rendered":"https:\/\/aromasentia.com\/product\/bath-bomb-kit-alloy-satin\/"},"modified":"2025-12-30T20:35:44","modified_gmt":"2025-12-30T20:35:44","slug":"badebomben-set-legierung-und-satin","status":"publish","type":"product","link":"https:\/\/aromasentia.com\/de\/badebomben-set-legierung-und-satin\/","title":{"rendered":"Badebomben-Set \u2013 Legierung und Satin"},"content":{"rendered":"<p><span style=\"color: rgb(75, 80, 88);\">Lassen Sie Ihrer Kreativit\u00e4t freien Lauf, indem Sie Farben in verschiedenen Stilen mischen und verschiedene Salze und D\u00fcfte kombinieren, um Ihr ideales Sinneserlebnis zu gestalten. Lassen Sie sich von der Anleitung inspirieren und kreieren Sie die perfekte Stimmung, die Sie sich w\u00fcnschen.<\/span><\/p>\n<p><span style=\"color: rgb(75, 80, 88);\">Diese einzigartigen Badebomben eignen sich hervorragend zur eigenen Entspannung oder als wunderbares Geschenk f\u00fcr einen besonderen Menschen. Werten Sie Ihre Baderoutine mit dem Badebomben-Set auf und g\u00f6nnen Sie sich ein sensationelles und belebendes Badeerlebnis wie nie zuvor!&nbsp;<\/span><\/p>\n<p><span style=\"color: rgb(75, 80, 88);\">Das DYI-Set enth\u00e4lt: Rosenbl\u00e4tter, lustige Zuckerformen, 500 g Himalaya-Salz, 200 g Zitronens\u00e4ure, 2 verschiedene Badebombenformen, 2 tolle D\u00fcfte,&nbsp;<\/span><\/p>\n<p><span style=\"color: rgb(75, 80, 88);\">3 Prim\u00e4rfarbstoffe und eine Schritt-f\u00fcr-Schritt-Anleitung.<\/span><\/p>\n<p><span style=\"color: rgb(75, 80, 88);\"><strong>Anleitung:<\/strong><\/span><\/p>\n<p><span style=\"color: rgb(75, 80, 88);\">Schritt 1: Leeren Sie das Natriumbikarbonat und Geben Sie die gew\u00fcnschte Menge Himalaya-Salz, Bl\u00fctenbl\u00e4tter und Zuckerformen in eine leere Sch\u00fcssel.<\/span><\/p>\n<p><span style=\"color: rgb(75, 80, 88);\">Schritt 2: Gie\u00dfen Sie 10 ml Wasser hinzu und verr\u00fchren Sie alles, bis die Mischung zu kleben beginnt. Wenn sie sich trocken anf\u00fchlt, geben Sie noch ein paar Tropfen Wasser hinzu.<\/span><\/p>\n<p><span style=\"color: rgb(75, 80, 88);\">Schritt 3: Wenn Sie mehrere Varianten von Badebomben herstellen m\u00f6chten, teilen Sie die Mischung gleichm\u00e4\u00dfig auf. Geben Sie das Farb- und Duft\u00f6l zu Ihrer Mischung und verr\u00fchren Sie alles gr\u00fcndlich, bevor Sie die Zitronens\u00e4ure hinzuf\u00fcgen.<\/span><\/p>\n<p><span style=\"color: rgb(75, 80, 88);\">Schritt 4: Geben Sie die Mischung in beide Seiten der Form und dr\u00fccken Sie sie fest zusammen.<\/span><\/p>\n<p><span style=\"color: rgb(75, 80, 88);\">Schritt 5: Dr\u00fccken Sie die Seiten der Form leicht zusammen, um die Badebombe freizugeben, und lassen Sie sie 60 Minuten trocknen.<\/span><\/p>\n<p><span style=\"color: rgb(75, 80, 88);\"><br \/><\/span><\/p>\n<p><span style=\"color: rgb(75, 80, 88);\"><strong>\u00dcberraschen Sie jemanden Besonderen mit diesen wunderbaren Kreationen. Holen Sie sich noch heute Ihr DIY-Badebomben-Set!<\/strong><\/span><\/p>\n","protected":false},"excerpt":{"rendered":"<p>Lassen Sie Ihrer Kreativit\u00e4t freien Lauf, indem Sie Farben in verschiedenen Stilen mischen und verschiedene Salze und D\u00fcfte kombinieren, um Ihr ideales Sinneserlebnis zu gestalten. Lassen Sie sich von der Anleitung inspirieren und kreieren Sie die perfekte Stimmung, die Sie sich w\u00fcnschen. Diese einzigartigen Badebomben eignen sich hervorragend zur eigenen Entspannung oder als wunderbares Geschenk [&hellip;]<\/p>\n","protected":false},"featured_media":278912,"comment_status":"closed","ping_status":"open","template":"","meta":{"_angie_page":false},"product_brand":[],"product_cat":[19448,20511,20512],"product_tag":[],"class_list":{"0":"post-240705","1":"product","2":"type-product","3":"status-publish","4":"has-post-thumbnail","6":"product_cat-bad-und-korper","7":"product_cat-badebomben-badekugeln","8":"product_cat-geschenksets","9":"pa_collection-bath-bomb-kit-diy-de","10":"pa_made-in-vereinigtes-koenigreich","12":"first","13":"outofstock","14":"purchasable","15":"product-type-simple"},"supplier_id":null,"supplier_sku":"BBKIT-02","barcode":null,"atum_controlled":true,"out_stock_date":"2026-04-25 15:13:31","out_stock_threshold":null,"inheritable":false,"inbound_stock":null,"stock_on_hold":0,"sold_today":0,"sales_last_days":0,"reserved_stock":null,"customer_returns":null,"warehouse_damage":null,"lost_in_post":null,"other_logs":null,"out_stock_days":0,"lost_sales":0,"has_location":null,"update_date":"2026-04-27T06:54:25","atum_locations":[],"atum_stock_status":"outofstock","restock_status":false,"low_stock_amount":"","sales_update_date":"2026-01-20T05:14:11","calc_backorders":null,"_links":{"self":[{"href":"https:\/\/aromasentia.com\/de\/wp-json\/wp\/v2\/product\/240705","targetHints":{"allow":["GET"]}}],"collection":[{"href":"https:\/\/aromasentia.com\/de\/wp-json\/wp\/v2\/product"}],"about":[{"href":"https:\/\/aromasentia.com\/de\/wp-json\/wp\/v2\/types\/product"}],"replies":[{"embeddable":true,"href":"https:\/\/aromasentia.com\/de\/wp-json\/wp\/v2\/comments?post=240705"}],"version-history":[{"count":0,"href":"https:\/\/aromasentia.com\/de\/wp-json\/wp\/v2\/product\/240705\/revisions"}],"wp:featuredmedia":[{"embeddable":true,"href":"https:\/\/aromasentia.com\/de\/wp-json\/wp\/v2\/media\/278912"}],"wp:attachment":[{"href":"https:\/\/aromasentia.com\/de\/wp-json\/wp\/v2\/media?parent=240705"}],"wp:term":[{"taxonomy":"product_brand","embeddable":true,"href":"https:\/\/aromasentia.com\/de\/wp-json\/wp\/v2\/product_brand?post=240705"},{"taxonomy":"product_cat","embeddable":true,"href":"https:\/\/aromasentia.com\/de\/wp-json\/wp\/v2\/product_cat?post=240705"},{"taxonomy":"product_tag","embeddable":true,"href":"https:\/\/aromasentia.com\/de\/wp-json\/wp\/v2\/product_tag?post=240705"}],"curies":[{"name":"wp","href":"https:\/\/api.w.org\/{rel}","templated":true}]}}