{"id":240677,"date":"2025-03-20T16:30:10","date_gmt":"2025-03-20T16:30:10","guid":{"rendered":"https:\/\/aromasentia.com\/product\/scented-shea-body-butter-90g-sweet-strawberry\/"},"modified":"2025-12-30T20:35:44","modified_gmt":"2025-12-30T20:35:44","slug":"duftende-shea-koerperbutter-90g-suesse-erdbeere","status":"publish","type":"product","link":"https:\/\/aromasentia.com\/de\/duftende-shea-koerperbutter-90g-suesse-erdbeere\/","title":{"rendered":"Duftende Shea-K\u00f6rperbutter 90g \u2013 S\u00fc\u00dfe Erdbeere"},"content":{"rendered":"<p>Verw\u00f6hnen Sie Ihre Haut und Ihre Sinne mit unserer duftenden Shea Body Butter &#8211; Sweet Strawberry. Diese k\u00f6stliche 90 g schwere K\u00f6rperbutter mit feuchtigkeitsspendendem Shea pflegt Ihre Haut intensiv und macht sie weich. Sie zieht schnell ein, mildert Trockenheit und hinterl\u00e4sst ein samtweiches, hydratisiertes Hautgef\u00fchl. Das k\u00f6stliche, saftige Aroma frischer, s\u00fc\u00dfer Erdbeeren hebt Ihre Stimmung und hinterl\u00e4sst einen lang anhaltenden, fruchtigen Duft. Ein perfekter t\u00e4glicher Genuss f\u00fcr weiche, herrlich duftende Haut, die sich wirklich verw\u00f6hnt f\u00fchlt.<\/p>\n","protected":false},"excerpt":{"rendered":"<p>Verw\u00f6hnen Sie Ihre Haut und Ihre Sinne mit unserer duftenden Shea Body Butter &#8211; Sweet Strawberry. Diese k\u00f6stliche 90 g schwere K\u00f6rperbutter mit feuchtigkeitsspendendem Shea pflegt Ihre Haut intensiv und macht sie weich. Sie zieht schnell ein, mildert Trockenheit und hinterl\u00e4sst ein samtweiches, hydratisiertes Hautgef\u00fchl. Das k\u00f6stliche, saftige Aroma frischer, s\u00fc\u00dfer Erdbeeren hebt Ihre Stimmung [&hellip;]<\/p>\n","protected":false},"featured_media":278681,"comment_status":"closed","ping_status":"open","template":"","meta":[],"product_brand":[],"product_cat":[19448,25841,26529,26847,20989],"product_tag":[],"class_list":{"0":"post-240677","1":"product","2":"type-product","3":"status-publish","4":"has-post-thumbnail","6":"product_cat-bad-und-korper","7":"product_cat-dufte-aromen","8":"product_cat-erdbeere","9":"product_cat-fruchtig","10":"product_cat-korperpflege","11":"pa_collection-scented-shea-body-butter-90g-de","12":"pa_made-in-vereinigtes-koenigreich","13":"pa_size-90g","15":"first","16":"instock","17":"purchasable","18":"product-type-simple"},"supplier_id":null,"supplier_sku":"BBFO-05","barcode":null,"atum_controlled":true,"out_stock_date":null,"out_stock_threshold":null,"inheritable":false,"inbound_stock":null,"stock_on_hold":0,"sold_today":0,"sales_last_days":0,"reserved_stock":null,"customer_returns":null,"warehouse_damage":null,"lost_in_post":null,"other_logs":null,"out_stock_days":0,"lost_sales":0,"has_location":null,"update_date":"2026-02-10T10:28:31","atum_locations":[],"atum_stock_status":"instock","restock_status":false,"low_stock_amount":"","sales_update_date":"2025-10-09T03:25:59","calc_backorders":null,"_links":{"self":[{"href":"https:\/\/aromasentia.com\/de\/wp-json\/wp\/v2\/product\/240677","targetHints":{"allow":["GET"]}}],"collection":[{"href":"https:\/\/aromasentia.com\/de\/wp-json\/wp\/v2\/product"}],"about":[{"href":"https:\/\/aromasentia.com\/de\/wp-json\/wp\/v2\/types\/product"}],"replies":[{"embeddable":true,"href":"https:\/\/aromasentia.com\/de\/wp-json\/wp\/v2\/comments?post=240677"}],"version-history":[{"count":0,"href":"https:\/\/aromasentia.com\/de\/wp-json\/wp\/v2\/product\/240677\/revisions"}],"wp:featuredmedia":[{"embeddable":true,"href":"https:\/\/aromasentia.com\/de\/wp-json\/wp\/v2\/media\/278681"}],"wp:attachment":[{"href":"https:\/\/aromasentia.com\/de\/wp-json\/wp\/v2\/media?parent=240677"}],"wp:term":[{"taxonomy":"product_brand","embeddable":true,"href":"https:\/\/aromasentia.com\/de\/wp-json\/wp\/v2\/product_brand?post=240677"},{"taxonomy":"product_cat","embeddable":true,"href":"https:\/\/aromasentia.com\/de\/wp-json\/wp\/v2\/product_cat?post=240677"},{"taxonomy":"product_tag","embeddable":true,"href":"https:\/\/aromasentia.com\/de\/wp-json\/wp\/v2\/product_tag?post=240677"}],"curies":[{"name":"wp","href":"https:\/\/api.w.org\/{rel}","templated":true}]}}