{"id":240649,"date":"2025-03-20T16:30:10","date_gmt":"2025-03-20T16:30:10","guid":{"rendered":"https:\/\/aromasentia.com\/product\/bath-eggs-tangerine-grapefruit\/"},"modified":"2025-12-30T20:35:37","modified_gmt":"2025-12-30T20:35:37","slug":"bath-eggs-tangerine-grapefruit","status":"publish","type":"product","link":"https:\/\/aromasentia.com\/de\/bath-eggs-tangerine-grapefruit\/","title":{"rendered":"Bath Eggs &#8211; Tangerine &#038; Grapefruit"},"content":{"rendered":"<p>Diese originalen Badebomben in Eierform (und -gr\u00f6\u00dfe) sehen toll aus und duften gut.<\/p>\n<p><\/p>\n<p>Mit einem Gewicht von ca. 60 g sind sie ideal f\u00fcr Kinderb\u00e4der. Perfekt als Hochzeitsgeschenk oder zu Ostern.<\/p>\n<p><\/p>\n<p>Wir bieten sechs D\u00fcfte zur Auswahl, jeder in seiner eigenen, unverwechselbaren Farbe.<\/p>\n<p>Verkauf einzeln. Bei einer Bestellung von 6 St\u00fcck werden diese in einem Eierkarton verschickt.<\/p>\n","protected":false},"excerpt":{"rendered":"<p>Diese originalen Badebomben in Eierform (und -gr\u00f6\u00dfe) sehen toll aus und duften gut. Mit einem Gewicht von ca. 60 g sind sie ideal f\u00fcr Kinderb\u00e4der. Perfekt als Hochzeitsgeschenk oder zu Ostern. Wir bieten sechs D\u00fcfte zur Auswahl, jeder in seiner eigenen, unverwechselbaren Farbe. Verkauf einzeln. Bei einer Bestellung von 6 St\u00fcck werden diese in einem [&hellip;]<\/p>\n","protected":false},"featured_media":279126,"comment_status":"closed","ping_status":"open","template":"","meta":[],"product_brand":[],"product_cat":[19448,20511,25841,26204,26401,26819],"product_tag":[],"class_list":{"0":"post-240649","1":"product","2":"type-product","3":"status-publish","4":"has-post-thumbnail","6":"product_cat-bad-und-korper","7":"product_cat-badebomben-badekugeln","8":"product_cat-dufte-aromen","9":"product_cat-grapefruit","10":"product_cat-tangerine","11":"product_cat-zitrus","12":"pa_collection-pack-of-6-bath-eggs-de","13":"pa_made-in-vereinigtes-koenigreich","15":"first","16":"instock","17":"purchasable","18":"product-type-simple"},"supplier_id":null,"supplier_sku":"Begg-06DS","barcode":null,"atum_controlled":true,"out_stock_date":null,"out_stock_threshold":null,"inheritable":false,"inbound_stock":null,"stock_on_hold":0,"sold_today":0,"sales_last_days":0,"reserved_stock":null,"customer_returns":null,"warehouse_damage":null,"lost_in_post":null,"other_logs":null,"out_stock_days":0,"lost_sales":0,"has_location":null,"update_date":"2026-02-03T08:22:11","atum_locations":[],"atum_stock_status":"instock","restock_status":false,"low_stock_amount":"","sales_update_date":"2025-10-09T03:26:19","calc_backorders":null,"_links":{"self":[{"href":"https:\/\/aromasentia.com\/de\/wp-json\/wp\/v2\/product\/240649","targetHints":{"allow":["GET"]}}],"collection":[{"href":"https:\/\/aromasentia.com\/de\/wp-json\/wp\/v2\/product"}],"about":[{"href":"https:\/\/aromasentia.com\/de\/wp-json\/wp\/v2\/types\/product"}],"replies":[{"embeddable":true,"href":"https:\/\/aromasentia.com\/de\/wp-json\/wp\/v2\/comments?post=240649"}],"version-history":[{"count":0,"href":"https:\/\/aromasentia.com\/de\/wp-json\/wp\/v2\/product\/240649\/revisions"}],"wp:featuredmedia":[{"embeddable":true,"href":"https:\/\/aromasentia.com\/de\/wp-json\/wp\/v2\/media\/279126"}],"wp:attachment":[{"href":"https:\/\/aromasentia.com\/de\/wp-json\/wp\/v2\/media?parent=240649"}],"wp:term":[{"taxonomy":"product_brand","embeddable":true,"href":"https:\/\/aromasentia.com\/de\/wp-json\/wp\/v2\/product_brand?post=240649"},{"taxonomy":"product_cat","embeddable":true,"href":"https:\/\/aromasentia.com\/de\/wp-json\/wp\/v2\/product_cat?post=240649"},{"taxonomy":"product_tag","embeddable":true,"href":"https:\/\/aromasentia.com\/de\/wp-json\/wp\/v2\/product_tag?post=240649"}],"curies":[{"name":"wp","href":"https:\/\/api.w.org\/{rel}","templated":true}]}}