{"id":240513,"date":"2025-03-20T16:33:42","date_gmt":"2025-03-20T16:33:42","guid":{"rendered":"https:\/\/aromasentia.com\/product\/chill-pills-gift-pack-350g-strawberry\/"},"modified":"2025-12-30T20:35:15","modified_gmt":"2025-12-30T20:35:15","slug":"chill-pills-badebomben-geschenkpackung-350g-erdbeere","status":"publish","type":"product","link":"https:\/\/aromasentia.com\/de\/chill-pills-badebomben-geschenkpackung-350g-erdbeere\/","title":{"rendered":"Chill Pills Badebomben Geschenkpackung 350g \u2013 Erdbeere"},"content":{"rendered":"<p><strong><span style=\"color: rgb(75, 80, 88);\">Chill Pills Badebomben Geschenkpackung 350 g \u2013 Erdbeere<\/span><\/strong><\/p>\n<p><span style=\"color: rgb(75, 80, 88);\"><strong>Strawberry Chill Pills Badebomben entfesseln den herrlichen, sonnengereiften Duft von Erdbeeren<\/strong> und bieten einen s\u00fc\u00dfen, nostalgischen Duft, der an entspannte Sommertage und saftige Erdbeerpfl\u00fcck-Abenteuer erinnert.<\/span><\/p>\n<p><span style=\"color: rgb(75, 80, 88);\"><strong>Jede Packung enth\u00e4lt 350 g (ca. 30 Chill Pills Badebomben)<\/strong><\/span><\/p>\n<p><span style=\"color: rgb(75, 80, 88);\">F\u00fcr ein verw\u00f6hnendes Badeerlebnis werden 5 Chill Pills Badebomben pro Bad empfohlen. Dadurch wird sichergestellt, dass jede Packung f\u00fcr etwa 6 B\u00e4der reicht und ein hervorragendes Preis-Leistungs-Verh\u00e4ltnis und viel Genuss bietet.<\/span><\/p>\n<p><span style=\"color: rgb(75, 80, 88);\">Eine Chill-Pille wiegt ungef\u00e4hr 12 g<\/span><\/p>\n<p><span style=\"color: rgb(75, 80, 88);\"><strong>Hergestellt<\/strong>mit Stolz und Liebe<strong>im Vereinigten K\u00f6nigreich von AW Aromatics.<\/strong><\/span><\/p>\n<p><span style=\"color: rgb(75, 80, 88);\"><em>Handgemacht \u2013 Veganfreundlich \u2013 Frei von Tierversuchen \u2013 Plastikfreie Verpackung<\/em><\/span><\/p>\n","protected":false},"excerpt":{"rendered":"<p>Chill Pills Badebomben Geschenkpackung 350 g \u2013 Erdbeere Strawberry Chill Pills Badebomben entfesseln den herrlichen, sonnengereiften Duft von Erdbeeren und bieten einen s\u00fc\u00dfen, nostalgischen Duft, der an entspannte Sommertage und saftige Erdbeerpfl\u00fcck-Abenteuer erinnert. Jede Packung enth\u00e4lt 350 g (ca. 30 Chill Pills Badebomben) F\u00fcr ein verw\u00f6hnendes Badeerlebnis werden 5 Chill Pills Badebomben pro Bad empfohlen. [&hellip;]<\/p>\n","protected":false},"featured_media":279972,"comment_status":"closed","ping_status":"open","template":"","meta":{"_angie_page":false},"product_brand":[],"product_cat":[19448,20511,25841,26529,26847,20512],"product_tag":[],"class_list":{"0":"post-240513","1":"product","2":"type-product","3":"status-publish","4":"has-post-thumbnail","6":"product_cat-bad-und-korper","7":"product_cat-badebomben-badekugeln","8":"product_cat-dufte-aromen","9":"product_cat-erdbeere","10":"product_cat-fruchtig","11":"product_cat-geschenksets","12":"pa_collection-chill-pills-gift-packs-350g-de","13":"pa_made-in-vereinigtes-koenigreich","14":"pa_size-350g","16":"first","17":"instock","18":"purchasable","19":"product-type-simple"},"supplier_id":null,"supplier_sku":"ChillP-14","barcode":null,"atum_controlled":true,"out_stock_date":null,"out_stock_threshold":null,"inheritable":false,"inbound_stock":null,"stock_on_hold":0,"sold_today":0,"sales_last_days":0,"reserved_stock":null,"customer_returns":null,"warehouse_damage":null,"lost_in_post":null,"other_logs":null,"out_stock_days":0,"lost_sales":0,"has_location":null,"update_date":"2026-05-08T05:06:09","atum_locations":[],"atum_stock_status":"instock","restock_status":false,"low_stock_amount":"","sales_update_date":"2026-01-20T05:13:47","calc_backorders":null,"_links":{"self":[{"href":"https:\/\/aromasentia.com\/de\/wp-json\/wp\/v2\/product\/240513","targetHints":{"allow":["GET"]}}],"collection":[{"href":"https:\/\/aromasentia.com\/de\/wp-json\/wp\/v2\/product"}],"about":[{"href":"https:\/\/aromasentia.com\/de\/wp-json\/wp\/v2\/types\/product"}],"replies":[{"embeddable":true,"href":"https:\/\/aromasentia.com\/de\/wp-json\/wp\/v2\/comments?post=240513"}],"version-history":[{"count":0,"href":"https:\/\/aromasentia.com\/de\/wp-json\/wp\/v2\/product\/240513\/revisions"}],"wp:featuredmedia":[{"embeddable":true,"href":"https:\/\/aromasentia.com\/de\/wp-json\/wp\/v2\/media\/279972"}],"wp:attachment":[{"href":"https:\/\/aromasentia.com\/de\/wp-json\/wp\/v2\/media?parent=240513"}],"wp:term":[{"taxonomy":"product_brand","embeddable":true,"href":"https:\/\/aromasentia.com\/de\/wp-json\/wp\/v2\/product_brand?post=240513"},{"taxonomy":"product_cat","embeddable":true,"href":"https:\/\/aromasentia.com\/de\/wp-json\/wp\/v2\/product_cat?post=240513"},{"taxonomy":"product_tag","embeddable":true,"href":"https:\/\/aromasentia.com\/de\/wp-json\/wp\/v2\/product_tag?post=240513"}],"curies":[{"name":"wp","href":"https:\/\/api.w.org\/{rel}","templated":true}]}}