{"id":240505,"date":"2025-03-20T16:33:42","date_gmt":"2025-03-20T16:33:42","guid":{"rendered":"https:\/\/aromasentia.com\/product\/chakra-bath-fizz-small-box-self-realisation\/"},"modified":"2025-12-30T20:35:07","modified_gmt":"2025-12-30T20:35:07","slug":"chakra-bath-fizz-kleine-box-selbstverwirklichung","status":"publish","type":"product","link":"https:\/\/aromasentia.com\/de\/chakra-bath-fizz-kleine-box-selbstverwirklichung\/","title":{"rendered":"Chakra Bath Fizz \u2013 Kleine Box \u2013 Selbstverwirklichung"},"content":{"rendered":"<p><span style=\"color: rgb(75, 80, 88);\">Jeder Chakra Fizzer wird mit einer Auswahl sorgf\u00e4ltig ausgew\u00e4hlter \u00e4therischer \u00d6le hergestellt und soll die vitalen Energiezentren des K\u00f6rpers wieder ins Gleichgewicht bringen und harmonisieren. Egal, ob Sie ganzheitliche Selbstpflege betreiben oder nach einzigartigen Geschenken f\u00fcr Ihre Lieben suchen, diese Fizzer sind eine ausgezeichnete Wahl.<\/span><\/p>\n<p><span style=\"color: rgb(75, 80, 88);\">Verpackt in einer Geschenkbox mit Mandala-Muster spiegelt die Verpackung die ganzheitliche Essenz des Produkts wider.<\/span><\/p>\n<p><span style=\"color: rgb(85, 57, 130);\"><strong>Kronchakra Fizzer (LILA<\/strong>) mit einer Mischung \u00e4therischer Pfefferminz\u00f6le: Diese einzigartige Mischung wurde sorgf\u00e4ltig zusammengestellt, um das Kronenchakra zu beleben und geistige Klarheit und Harmonie zu f\u00f6rdern. Mit der Kraft von Pfefferminz\u00f6l verbessert es die kognitiven Funktionen, erh\u00f6ht die Wachsamkeit und sch\u00e4rft den Fokus \u2013 wesentliche Elemente auf dem Weg zur Selbstverwirklichung. Diese revitalisierende Mischung behandelt h\u00e4ufige Probleme im Zusammenhang mit Blockaden des Kronenchakras wie Kopfschmerzen und Konzentrationsmangel und zielt darauf ab, Gleichgewicht und Klarheit in Ihrem spirituellen Bereich wiederherzustellen.<\/span><\/p>\n<p><span style=\"color: rgb(41, 105, 176);\"><strong>Third Eye Chakra Fizzer (DUNKELBLAU)<\/strong> angereichert mit einer Mischung \u00e4therischer Lavendel\u00f6le: Tauchen Sie mit diesem herrlichen Sprudelbad in eine heitere und ruhige Atmosph\u00e4re ein und f\u00f6rdern Sie ein tiefes Gef\u00fchl inneren Friedens. W\u00e4hrend der Geist zur Ruhe kommt, wird er empf\u00e4nglich f\u00fcr h\u00f6here Ebenen der Wahrnehmung und Intuition und bereichert Ihr spirituelles Bewusstsein. Die beruhigenden Eigenschaften von Lavendel k\u00f6nnen auch dazu beitragen, h\u00e4ufige Symptome von Blockaden des Dritten Auge-Chakras wie Schlafst\u00f6rungen und Unentschlossenheit zu lindern.<\/span><\/p>\n<p><span style=\"color: rgb(84, 172, 210);\"><strong>Hals-Chakra-Sprudel (BLAU)<\/strong>mit einer Mischung aus \u00e4therischen \u00d6len von Eukalyptus und Zitrone: Diese dynamische Kombination f\u00f6rdert ehrlichen Ausdruck und Offenheit in verbalen Interaktionen. Es ist erfrischend und belebend, st\u00e4rkt das Halschakra und erm\u00f6glicht authentische Kommunikation mit Authentizit\u00e4t, Durchsetzungsverm\u00f6gen und Anmut.<\/span><\/p>\n<p><span style=\"color: rgb(75, 80, 88);\">Jedes Brausetablett wiegt 0,70 Gramm und misst ungef\u00e4hr D:2,2 cm H:2 cm.<\/span><\/p>\n<p><span style=\"color: rgb(75, 80, 88);\">Die Geschenkbox wiegt 0,520 Gramm.<\/span><\/p>\n","protected":false},"excerpt":{"rendered":"<p>Jeder Chakra Fizzer wird mit einer Auswahl sorgf\u00e4ltig ausgew\u00e4hlter \u00e4therischer \u00d6le hergestellt und soll die vitalen Energiezentren des K\u00f6rpers wieder ins Gleichgewicht bringen und harmonisieren. Egal, ob Sie ganzheitliche Selbstpflege betreiben oder nach einzigartigen Geschenken f\u00fcr Ihre Lieben suchen, diese Fizzer sind eine ausgezeichnete Wahl. Verpackt in einer Geschenkbox mit Mandala-Muster spiegelt die Verpackung die [&hellip;]<\/p>\n","protected":false},"featured_media":279930,"comment_status":"closed","ping_status":"open","template":"","meta":{"_angie_page":false},"product_brand":[],"product_cat":[19448,20511,20512],"product_tag":[],"class_list":{"0":"post-240505","1":"product","2":"type-product","3":"status-publish","4":"has-post-thumbnail","6":"product_cat-bad-und-korper","7":"product_cat-badebomben-badekugeln","8":"product_cat-geschenksets","9":"pa_collection-chakra-bath-fizzers-sets-de","10":"pa_made-in-vereinigtes-koenigreich","12":"first","13":"instock","14":"purchasable","15":"product-type-simple"},"supplier_id":null,"supplier_sku":"CBF-02","barcode":null,"atum_controlled":true,"out_stock_date":null,"out_stock_threshold":null,"inheritable":false,"inbound_stock":null,"stock_on_hold":0,"sold_today":0,"sales_last_days":0,"reserved_stock":null,"customer_returns":null,"warehouse_damage":null,"lost_in_post":null,"other_logs":null,"out_stock_days":0,"lost_sales":0,"has_location":null,"update_date":"2026-04-27T06:55:59","atum_locations":[],"atum_stock_status":"instock","restock_status":false,"low_stock_amount":"","sales_update_date":"2026-01-30T01:24:37","calc_backorders":null,"_links":{"self":[{"href":"https:\/\/aromasentia.com\/de\/wp-json\/wp\/v2\/product\/240505","targetHints":{"allow":["GET"]}}],"collection":[{"href":"https:\/\/aromasentia.com\/de\/wp-json\/wp\/v2\/product"}],"about":[{"href":"https:\/\/aromasentia.com\/de\/wp-json\/wp\/v2\/types\/product"}],"replies":[{"embeddable":true,"href":"https:\/\/aromasentia.com\/de\/wp-json\/wp\/v2\/comments?post=240505"}],"version-history":[{"count":0,"href":"https:\/\/aromasentia.com\/de\/wp-json\/wp\/v2\/product\/240505\/revisions"}],"wp:featuredmedia":[{"embeddable":true,"href":"https:\/\/aromasentia.com\/de\/wp-json\/wp\/v2\/media\/279930"}],"wp:attachment":[{"href":"https:\/\/aromasentia.com\/de\/wp-json\/wp\/v2\/media?parent=240505"}],"wp:term":[{"taxonomy":"product_brand","embeddable":true,"href":"https:\/\/aromasentia.com\/de\/wp-json\/wp\/v2\/product_brand?post=240505"},{"taxonomy":"product_cat","embeddable":true,"href":"https:\/\/aromasentia.com\/de\/wp-json\/wp\/v2\/product_cat?post=240505"},{"taxonomy":"product_tag","embeddable":true,"href":"https:\/\/aromasentia.com\/de\/wp-json\/wp\/v2\/product_tag?post=240505"}],"curies":[{"name":"wp","href":"https:\/\/api.w.org\/{rel}","templated":true}]}}