{"id":240501,"date":"2025-03-20T16:33:42","date_gmt":"2025-03-20T16:33:42","guid":{"rendered":"https:\/\/aromasentia.com\/product\/chakra-bath-fizz-small-box-strength-creativity\/"},"modified":"2025-12-30T20:35:07","modified_gmt":"2025-12-30T20:35:07","slug":"chakra-bath-fizz-kleine-box-staerke-und-kreativitaet","status":"publish","type":"product","link":"https:\/\/aromasentia.com\/de\/chakra-bath-fizz-kleine-box-staerke-und-kreativitaet\/","title":{"rendered":"Chakra Bath Fizz \u2013 Kleine Box \u2013 St\u00e4rke und Kreativit\u00e4t"},"content":{"rendered":"<p><span style=\"color: rgb(75, 80, 88);\">Chakra Fizzers, hergestellt mit einer Mischung \u00e4therischer \u00d6le zur Revitalisierung und Ausrichtung der vitalen Energiezentren Ihres K\u00f6rpers. Das perfekte Geschenk f\u00fcr achtsame Suchende.<\/span><\/p>\n<p><span style=\"color: rgb(250, 197, 28);\"><strong>Solarplexus-Chakra Fizzer (GELB)<\/strong> mit \u00e4therischem Yang-Yang-\u00d6l, das die bemerkenswerte F\u00e4higkeit besitzt, innere Harmonie zu f\u00f6rdern und Stress- und Angstgef\u00fchle zu reduzieren. Durch die Beruhigung des Nervensystems kann es helfen, Spannungen abzubauen und die Energie des Plexus-Chakras frei flie\u00dfen zu lassen. Durch die Verwendung dieses Fizzers in einem Bad k\u00f6nnen Sie das Wohlbefinden Ihres Plexus-Chakras steigern. Umfassen Sie ein Gef\u00fchl pers\u00f6nlicher Kraft und emotionaler Stabilit\u00e4t, w\u00e4hrend Sie eine tiefere Verbindung zu Ihrem inneren Selbst finden und die Herausforderungen des Lebens selbstbewusst meistern.&nbsp;<\/span><\/p>\n<p><span style=\"color: rgb(251, 160, 38);\"><strong>Sacral Chakra Fizzer (ORANGE)<\/strong> mit einem dynamischen Duo aus \u00e4therischen \u00d6len aus S\u00fc\u00dforange und Zimt. Dieser einzigartige Sprudel verstr\u00f6mt einen frischen und erhebenden Duft, der positive Gef\u00fchle anregt. Er hilft Ihnen, Ihr kreatives Potenzial zu entfesseln und inspiriert Sie, mit Begeisterung neue Ideen und k\u00fcnstlerische Unternehmungen zu erkunden. Indem Sie diesen Sprudel in Ihr Bad geben, k\u00f6nnen Sie Ihre innere Quelle der Inspiration anzapfen und sich auf eine Reise der Selbstfindung und k\u00fcnstlerischen Erf\u00fcllung begeben. Erwecken Sie Ihren kreativen Geist und erf\u00fcllen Sie Ihr Leben mit neuer Leidenschaft.<\/span><\/p>\n<p><span style=\"color: rgb(184, 49, 47);\"><strong>Root Chakra Fizzer (RED)<\/strong> mit \u00e4therischen \u00d6len aus Bergamotte und Gr\u00fcner Minze. Es f\u00f6rdert ein Gef\u00fchl von Stabilit\u00e4t und Sicherheit und erm\u00f6glicht dem Wurzelchakra, sich tief in der Energie der Erde zu verankern. Zusammen unterst\u00fctzt diese synergetische Mischung die Vitalit\u00e4t des Wurzelchakras und bietet eine stabile und sichere Basis, von der aus Sie den Herausforderungen des Lebens mit Widerstandsf\u00e4higkeit und Entschlossenheit begegnen k\u00f6nnen. Indem Sie dieses Sprudelmittel Ihrem Bad hinzuf\u00fcgen, k\u00f6nnen Sie Ihr Wurzelchakra st\u00e4rken und ein neues Gef\u00fchl innerer Kraft und St\u00e4rke erfahren.<\/span><\/p>\n<p><span style=\"color: rgb(75, 80, 88);\">Jedes Sprudelmittel wiegt 0,70 Gramm&nbsp;<\/span><\/p>\n<p><span style=\"color: rgb(75, 80, 88);\">Jedes Sprudelmittel hat die Ma\u00dfe D: 2,2 cm H: 2 cm<\/span><\/p>\n<p><span style=\"color: rgb(75, 80, 88);\">Die Geschenkbox wiegt 0,280 Gramm&nbsp;<\/span><\/p>\n<p><span style=\"color: rgb(75, 80, 88);\">Verkauft in einer Geschenkbox mit Mandala-Muster, das die ganzheitliche Essenz des Produkts widerspiegelt.<\/span><\/p>\n","protected":false},"excerpt":{"rendered":"<p>Chakra Fizzers, hergestellt mit einer Mischung \u00e4therischer \u00d6le zur Revitalisierung und Ausrichtung der vitalen Energiezentren Ihres K\u00f6rpers. Das perfekte Geschenk f\u00fcr achtsame Suchende. Solarplexus-Chakra Fizzer (GELB) mit \u00e4therischem Yang-Yang-\u00d6l, das die bemerkenswerte F\u00e4higkeit besitzt, innere Harmonie zu f\u00f6rdern und Stress- und Angstgef\u00fchle zu reduzieren. Durch die Beruhigung des Nervensystems kann es helfen, Spannungen abzubauen und [&hellip;]<\/p>\n","protected":false},"featured_media":279913,"comment_status":"closed","ping_status":"open","template":"","meta":{"_angie_page":false},"product_brand":[],"product_cat":[19448,20511,20512],"product_tag":[],"class_list":{"0":"post-240501","1":"product","2":"type-product","3":"status-publish","4":"has-post-thumbnail","6":"product_cat-bad-und-korper","7":"product_cat-badebomben-badekugeln","8":"product_cat-geschenksets","9":"pa_collection-chakra-bath-fizzers-sets-de","10":"pa_made-in-vereinigtes-koenigreich","12":"first","13":"instock","14":"purchasable","15":"product-type-simple"},"supplier_id":null,"supplier_sku":"CBF-03","barcode":null,"atum_controlled":true,"out_stock_date":null,"out_stock_threshold":null,"inheritable":false,"inbound_stock":null,"stock_on_hold":0,"sold_today":0,"sales_last_days":0,"reserved_stock":null,"customer_returns":null,"warehouse_damage":null,"lost_in_post":null,"other_logs":null,"out_stock_days":0,"lost_sales":0,"has_location":null,"update_date":"2026-04-27T06:56:03","atum_locations":[],"atum_stock_status":"instock","restock_status":false,"low_stock_amount":"","sales_update_date":"2025-10-09T03:27:13","calc_backorders":null,"_links":{"self":[{"href":"https:\/\/aromasentia.com\/de\/wp-json\/wp\/v2\/product\/240501","targetHints":{"allow":["GET"]}}],"collection":[{"href":"https:\/\/aromasentia.com\/de\/wp-json\/wp\/v2\/product"}],"about":[{"href":"https:\/\/aromasentia.com\/de\/wp-json\/wp\/v2\/types\/product"}],"replies":[{"embeddable":true,"href":"https:\/\/aromasentia.com\/de\/wp-json\/wp\/v2\/comments?post=240501"}],"version-history":[{"count":0,"href":"https:\/\/aromasentia.com\/de\/wp-json\/wp\/v2\/product\/240501\/revisions"}],"wp:featuredmedia":[{"embeddable":true,"href":"https:\/\/aromasentia.com\/de\/wp-json\/wp\/v2\/media\/279913"}],"wp:attachment":[{"href":"https:\/\/aromasentia.com\/de\/wp-json\/wp\/v2\/media?parent=240501"}],"wp:term":[{"taxonomy":"product_brand","embeddable":true,"href":"https:\/\/aromasentia.com\/de\/wp-json\/wp\/v2\/product_brand?post=240501"},{"taxonomy":"product_cat","embeddable":true,"href":"https:\/\/aromasentia.com\/de\/wp-json\/wp\/v2\/product_cat?post=240501"},{"taxonomy":"product_tag","embeddable":true,"href":"https:\/\/aromasentia.com\/de\/wp-json\/wp\/v2\/product_tag?post=240501"}],"curies":[{"name":"wp","href":"https:\/\/api.w.org\/{rel}","templated":true}]}}