{"id":240497,"date":"2025-03-20T16:33:42","date_gmt":"2025-03-20T16:33:42","guid":{"rendered":"https:\/\/aromasentia.com\/product\/chakra-bath-fizz-small-box-love-truth\/"},"modified":"2025-12-30T20:35:07","modified_gmt":"2025-12-30T20:35:07","slug":"chakra-badesprudel-kleine-box-liebe-wahrheit","status":"publish","type":"product","link":"https:\/\/aromasentia.com\/de\/chakra-badesprudel-kleine-box-liebe-wahrheit\/","title":{"rendered":"Chakra Badesprudel \u2013 Kleine Box \u2013 Liebe &#038; Wahrheit"},"content":{"rendered":"<p><span style=\"color: rgb(75, 80, 88);\">Chakra-Badebomben. Diese Badebomben wurden entwickelt, um Ihren Kunden bei der \u00d6ffnung ihrer Chakren zu helfen. Sie sind erf\u00fcllt von Wahrheit, Liebe und pers\u00f6nlicher Kraft.<\/span><\/p>\n<p><span style=\"color: rgb(84, 172, 210);\"><strong>Hals-Chakra-Badebomben (BLAU)<\/strong> mit einer Mischung aus \u00e4therischen Eukalyptus- und Zitronen\u00f6len: Eukalyptus\u00f6l soll ehrlichen Ausdruck f\u00f6rdern und Offenheit im verbalen Umgang miteinander f\u00f6rdern. Zitronen\u00f6l hingegen f\u00f6rdert geistige Klarheit und st\u00e4rkt das Selbstvertrauen im Selbstausdruck. Das Baden mit dem Halschakra-Sprudelbad sorgt f\u00fcr ein erfrischendes und belebendes Erlebnis, f\u00f6rdert die Entfaltung des Halschakras und erm\u00f6glicht authentische Kommunikation mit Anmut und Durchsetzungsverm\u00f6gen.<\/span><\/p>\n<p><span style=\"color: rgb(97, 189, 109);\"><strong>Herzchakra-Sprudelbad (GR\u00dcN)<\/strong> mit \u00e4therischen \u00d6len aus Kamille und Grapefruit: Diese herrliche Mischung n\u00e4hrt und balanciert das Zentrum der Liebe, des Mitgef\u00fchls und des emotionalen Wohlbefindens. Das Baden mit diesem Sprudelbad schafft eine harmonische Umgebung, in der das Herzchakra gedeihen kann. Die Kombination aus \u00e4therischen \u00d6len aus Kamille und Grapefruit f\u00f6rdert Selbstliebe, Empathie und ges\u00fcndere Verbindungen zu anderen und sorgt f\u00fcr ein ausgeglichenes und mitf\u00fchlendes Herz.<\/span><\/p>\n<p><span style=\"color: rgb(247, 218, 100);\"><strong>Solarplexus-Chakra-Fizzer (GELB)<\/strong> angereichert mit \u00e4therischem Ylang-Ylang-\u00d6l: Ylang-Ylang-\u00d6l ist bekannt f\u00fcr seine F\u00e4higkeit, innere Harmonie zu f\u00f6rdern und Stress- und Angstgef\u00fchle zu lindern. Es beruhigt das Nervensystem. Indem es Spannungen l\u00f6st, erleichtert es den freien Energiefluss im Solarplexus-Chakra. Erleben Sie ein Gef\u00fchl pers\u00f6nlicher Kraft und emotionaler Stabilit\u00e4t, w\u00e4hrend Sie Ihre Verbindung zu Ihrem inneren Selbst vertiefen und die Herausforderungen des Lebens mit Zuversicht meistern.<\/span><\/p>\n<p><span style=\"color: rgb(75, 80, 88);\">Jeder Sprudel wiegt 0,70 Gramm.<\/span><\/p>\n<p><span style=\"color: rgb(75, 80, 88);\">Jeder Sprudel misst ungef\u00e4hr D:2,2 cm H:2 cm.<\/span><\/p>\n<p><span style=\"color: rgb(75, 80, 88);\">Die Geschenkbox wiegt 0,280 Gramm.<\/span><\/p>\n","protected":false},"excerpt":{"rendered":"<p>Chakra-Badebomben. Diese Badebomben wurden entwickelt, um Ihren Kunden bei der \u00d6ffnung ihrer Chakren zu helfen. Sie sind erf\u00fcllt von Wahrheit, Liebe und pers\u00f6nlicher Kraft. Hals-Chakra-Badebomben (BLAU) mit einer Mischung aus \u00e4therischen Eukalyptus- und Zitronen\u00f6len: Eukalyptus\u00f6l soll ehrlichen Ausdruck f\u00f6rdern und Offenheit im verbalen Umgang miteinander f\u00f6rdern. Zitronen\u00f6l hingegen f\u00f6rdert geistige Klarheit und st\u00e4rkt das Selbstvertrauen [&hellip;]<\/p>\n","protected":false},"featured_media":279896,"comment_status":"closed","ping_status":"open","template":"","meta":{"_angie_page":false},"product_brand":[],"product_cat":[19448,20511,20512],"product_tag":[],"class_list":{"0":"post-240497","1":"product","2":"type-product","3":"status-publish","4":"has-post-thumbnail","6":"product_cat-bad-und-korper","7":"product_cat-badebomben-badekugeln","8":"product_cat-geschenksets","9":"pa_collection-chakra-bath-fizzers-sets-de","10":"pa_made-in-vereinigtes-koenigreich","12":"first","13":"instock","14":"purchasable","15":"product-type-simple"},"supplier_id":null,"supplier_sku":"CBF-04","barcode":null,"atum_controlled":true,"out_stock_date":null,"out_stock_threshold":null,"inheritable":false,"inbound_stock":null,"stock_on_hold":0,"sold_today":0,"sales_last_days":0,"reserved_stock":null,"customer_returns":null,"warehouse_damage":null,"lost_in_post":null,"other_logs":null,"out_stock_days":0,"lost_sales":0,"has_location":null,"update_date":"2026-04-27T06:56:03","atum_locations":[],"atum_stock_status":"instock","restock_status":false,"low_stock_amount":"","sales_update_date":"2026-01-30T01:25:01","calc_backorders":null,"_links":{"self":[{"href":"https:\/\/aromasentia.com\/de\/wp-json\/wp\/v2\/product\/240497","targetHints":{"allow":["GET"]}}],"collection":[{"href":"https:\/\/aromasentia.com\/de\/wp-json\/wp\/v2\/product"}],"about":[{"href":"https:\/\/aromasentia.com\/de\/wp-json\/wp\/v2\/types\/product"}],"replies":[{"embeddable":true,"href":"https:\/\/aromasentia.com\/de\/wp-json\/wp\/v2\/comments?post=240497"}],"version-history":[{"count":0,"href":"https:\/\/aromasentia.com\/de\/wp-json\/wp\/v2\/product\/240497\/revisions"}],"wp:featuredmedia":[{"embeddable":true,"href":"https:\/\/aromasentia.com\/de\/wp-json\/wp\/v2\/media\/279896"}],"wp:attachment":[{"href":"https:\/\/aromasentia.com\/de\/wp-json\/wp\/v2\/media?parent=240497"}],"wp:term":[{"taxonomy":"product_brand","embeddable":true,"href":"https:\/\/aromasentia.com\/de\/wp-json\/wp\/v2\/product_brand?post=240497"},{"taxonomy":"product_cat","embeddable":true,"href":"https:\/\/aromasentia.com\/de\/wp-json\/wp\/v2\/product_cat?post=240497"},{"taxonomy":"product_tag","embeddable":true,"href":"https:\/\/aromasentia.com\/de\/wp-json\/wp\/v2\/product_tag?post=240497"}],"curies":[{"name":"wp","href":"https:\/\/api.w.org\/{rel}","templated":true}]}}