{"id":240485,"date":"2025-03-20T16:33:42","date_gmt":"2025-03-20T16:33:42","guid":{"rendered":"https:\/\/aromasentia.com\/product\/set-of-three-martini-bath-bombs\/"},"modified":"2025-12-30T20:35:07","modified_gmt":"2025-12-30T20:35:07","slug":"3er-packung-badebombe-martini","status":"publish","type":"product","link":"https:\/\/aromasentia.com\/de\/3er-packung-badebombe-martini\/","title":{"rendered":"3er-Packung Badebombe &#8211; Martini"},"content":{"rendered":"<p><strong><span style=\"color: rgb(75, 80, 88);\">Das Set mit drei Martini-Badebomben<\/span><\/strong><span style=\"color: rgb(75, 80, 88);\">geh\u00f6rt zu den beliebtesten Getr\u00e4nken in Bars und ist sehr elegant und stilvoll. Die Martini-Badebomben stehen dem in nichts nach: Sie duften nach klassischem Martini, French Martini mit Himbeere oder dem ungew\u00f6hnlichen, aber sehr beliebten Espresso Martini.<\/span><\/p>\n<p><span style=\"color: rgb(75, 80, 88);\">Die Geschenkpackung dieser Cocktail-Badebomben enth\u00e4lt drei thematisch gestaltete Getr\u00e4nkebomben, jede mit ihrem eigenen Duft und ihrer eigenen Farbe, sodass das Bad wie ein echter Cocktail riecht und aussieht. Bringen Sie Ihr Bad mit diesem prickelnden Erlebnis auf ein ganz neues Niveau!<\/span><\/p>\n","protected":false},"excerpt":{"rendered":"<p>Das Set mit drei Martini-Badebombengeh\u00f6rt zu den beliebtesten Getr\u00e4nken in Bars und ist sehr elegant und stilvoll. Die Martini-Badebomben stehen dem in nichts nach: Sie duften nach klassischem Martini, French Martini mit Himbeere oder dem ungew\u00f6hnlichen, aber sehr beliebten Espresso Martini. Die Geschenkpackung dieser Cocktail-Badebomben enth\u00e4lt drei thematisch gestaltete Getr\u00e4nkebomben, jede mit ihrem eigenen Duft [&hellip;]<\/p>\n","protected":false},"featured_media":279773,"comment_status":"closed","ping_status":"open","template":"","meta":{"_angie_page":false},"product_brand":[],"product_cat":[19448,20511],"product_tag":[],"class_list":{"0":"post-240485","1":"product","2":"type-product","3":"status-publish","4":"has-post-thumbnail","6":"product_cat-bad-und-korper","7":"product_cat-badebomben-badekugeln","8":"pa_collection-cocktail-bath-bombs-de","9":"pa_made-in-vereinigtes-koenigreich","11":"first","12":"instock","13":"purchasable","14":"product-type-simple"},"supplier_id":null,"supplier_sku":"CBB-03","barcode":null,"atum_controlled":true,"out_stock_date":null,"out_stock_threshold":null,"inheritable":false,"inbound_stock":null,"stock_on_hold":0,"sold_today":0,"sales_last_days":0,"reserved_stock":null,"customer_returns":null,"warehouse_damage":null,"lost_in_post":null,"other_logs":null,"out_stock_days":0,"lost_sales":0,"has_location":null,"update_date":"2026-04-27T06:55:59","atum_locations":[],"atum_stock_status":"instock","restock_status":false,"low_stock_amount":"","sales_update_date":"2025-10-09T03:27:13","calc_backorders":null,"_links":{"self":[{"href":"https:\/\/aromasentia.com\/de\/wp-json\/wp\/v2\/product\/240485","targetHints":{"allow":["GET"]}}],"collection":[{"href":"https:\/\/aromasentia.com\/de\/wp-json\/wp\/v2\/product"}],"about":[{"href":"https:\/\/aromasentia.com\/de\/wp-json\/wp\/v2\/types\/product"}],"replies":[{"embeddable":true,"href":"https:\/\/aromasentia.com\/de\/wp-json\/wp\/v2\/comments?post=240485"}],"version-history":[{"count":0,"href":"https:\/\/aromasentia.com\/de\/wp-json\/wp\/v2\/product\/240485\/revisions"}],"wp:featuredmedia":[{"embeddable":true,"href":"https:\/\/aromasentia.com\/de\/wp-json\/wp\/v2\/media\/279773"}],"wp:attachment":[{"href":"https:\/\/aromasentia.com\/de\/wp-json\/wp\/v2\/media?parent=240485"}],"wp:term":[{"taxonomy":"product_brand","embeddable":true,"href":"https:\/\/aromasentia.com\/de\/wp-json\/wp\/v2\/product_brand?post=240485"},{"taxonomy":"product_cat","embeddable":true,"href":"https:\/\/aromasentia.com\/de\/wp-json\/wp\/v2\/product_cat?post=240485"},{"taxonomy":"product_tag","embeddable":true,"href":"https:\/\/aromasentia.com\/de\/wp-json\/wp\/v2\/product_tag?post=240485"}],"curies":[{"name":"wp","href":"https:\/\/api.w.org\/{rel}","templated":true}]}}