{"id":240477,"date":"2025-03-20T16:35:30","date_gmt":"2025-03-20T16:35:30","guid":{"rendered":"https:\/\/aromasentia.com\/product\/bag-of-20-chill-pills-blueberry\/"},"modified":"2025-12-30T20:35:07","modified_gmt":"2025-12-30T20:35:07","slug":"chill-pills-badebomben-20-stueck-heidelbeere","status":"publish","type":"product","link":"https:\/\/aromasentia.com\/de\/chill-pills-badebomben-20-stueck-heidelbeere\/","title":{"rendered":"Chill Pills Badebomben 20 St\u00fcck &#8211; Heidelbeere"},"content":{"rendered":"<p><span style=\"color: rgb(75, 80, 88);\">Wir pr\u00e4sentieren den Neuzugang in unserer Produktfamilie: Chill Pills Badebomben Badebomben im Beutel. <strong>Jeder Beutel enth\u00e4lt 20 Chill Pills Badebomben<\/strong> f\u00fcr ein unvergleichliches Entspannungserlebnis.<\/span><\/p>\n<p><strong>Tauchen Sie ein in ein Bad mit dem unwiderstehlichen Aroma saftiger Blaubeeren.<\/strong> Dieser Duft f\u00e4ngt die Essenz eines \u00fcppigen Blaubeerfeldes ein und sorgt f\u00fcr ein erfrischendes und belebendes Badeerlebnis.<\/p>\n<p><span style=\"color: rgb(75, 80, 88);\">Stellen Sie sich vor, Sie verleihen diesen herrlichen Badebomben Ihre Marke oder pers\u00f6nliche Note und machen sie zu <strong>einzigartigen Geschenken, Partygeschenken oder sogar zu einem Markenprodukt f\u00fcr Ihr Unternehmen<\/strong>. Es ist Ihre Gelegenheit, sich auszudr\u00fccken und sich von der Masse abzuheben.<\/span><\/p>\n","protected":false},"excerpt":{"rendered":"<p>Wir pr\u00e4sentieren den Neuzugang in unserer Produktfamilie: Chill Pills Badebomben Badebomben im Beutel. Jeder Beutel enth\u00e4lt 20 Chill Pills Badebomben f\u00fcr ein unvergleichliches Entspannungserlebnis. Tauchen Sie ein in ein Bad mit dem unwiderstehlichen Aroma saftiger Blaubeeren. Dieser Duft f\u00e4ngt die Essenz eines \u00fcppigen Blaubeerfeldes ein und sorgt f\u00fcr ein erfrischendes und belebendes Badeerlebnis. Stellen Sie [&hellip;]<\/p>\n","protected":false},"featured_media":280558,"comment_status":"closed","ping_status":"open","template":"","meta":{"_angie_page":false},"product_brand":[],"product_cat":[19448],"product_tag":[],"class_list":{"0":"post-240477","1":"product","2":"type-product","3":"status-publish","4":"has-post-thumbnail","6":"product_cat-bad-und-korper","7":"pa_made-in-vereinigtes-koenigreich","9":"first","10":"outofstock","11":"purchasable","12":"product-type-simple"},"supplier_id":null,"supplier_sku":"CPBUL-13","barcode":null,"atum_controlled":true,"out_stock_date":"2025-09-04 22:24:13","out_stock_threshold":null,"inheritable":false,"inbound_stock":null,"stock_on_hold":0,"sold_today":0,"sales_last_days":0,"reserved_stock":null,"customer_returns":null,"warehouse_damage":null,"lost_in_post":null,"other_logs":null,"out_stock_days":34,"lost_sales":0,"has_location":null,"update_date":"2026-04-28T18:50:49","atum_locations":[],"atum_stock_status":"outofstock","restock_status":false,"low_stock_amount":"","sales_update_date":"2025-10-09T03:28:29","calc_backorders":null,"_links":{"self":[{"href":"https:\/\/aromasentia.com\/de\/wp-json\/wp\/v2\/product\/240477","targetHints":{"allow":["GET"]}}],"collection":[{"href":"https:\/\/aromasentia.com\/de\/wp-json\/wp\/v2\/product"}],"about":[{"href":"https:\/\/aromasentia.com\/de\/wp-json\/wp\/v2\/types\/product"}],"replies":[{"embeddable":true,"href":"https:\/\/aromasentia.com\/de\/wp-json\/wp\/v2\/comments?post=240477"}],"version-history":[{"count":0,"href":"https:\/\/aromasentia.com\/de\/wp-json\/wp\/v2\/product\/240477\/revisions"}],"wp:featuredmedia":[{"embeddable":true,"href":"https:\/\/aromasentia.com\/de\/wp-json\/wp\/v2\/media\/280558"}],"wp:attachment":[{"href":"https:\/\/aromasentia.com\/de\/wp-json\/wp\/v2\/media?parent=240477"}],"wp:term":[{"taxonomy":"product_brand","embeddable":true,"href":"https:\/\/aromasentia.com\/de\/wp-json\/wp\/v2\/product_brand?post=240477"},{"taxonomy":"product_cat","embeddable":true,"href":"https:\/\/aromasentia.com\/de\/wp-json\/wp\/v2\/product_cat?post=240477"},{"taxonomy":"product_tag","embeddable":true,"href":"https:\/\/aromasentia.com\/de\/wp-json\/wp\/v2\/product_tag?post=240477"}],"curies":[{"name":"wp","href":"https:\/\/api.w.org\/{rel}","templated":true}]}}