{"id":240469,"date":"2025-03-20T16:35:30","date_gmt":"2025-03-20T16:35:30","guid":{"rendered":"https:\/\/aromasentia.com\/product\/charcoal-soap-85g-unscented\/"},"modified":"2025-12-30T20:35:00","modified_gmt":"2025-12-30T20:35:00","slug":"holzkohle-seife-85g-unparfuemiert","status":"publish","type":"product","link":"https:\/\/aromasentia.com\/de\/holzkohle-seife-85g-unparfuemiert\/","title":{"rendered":"Holzkohle Seife 85g &#8211; Unparf\u00fcmiert"},"content":{"rendered":"<p><span style=\"color: rgb(75, 80, 88);\"><strong>Aktivkohleseife \u2013 parf\u00fcmfrei<\/strong> mit Argan\u00f6l, Hanfsamen\u00f6l und Sheabutter ist wirklich erstaunlich.&nbsp;<\/span><\/p>\n<p><span style=\"color: rgb(75, 80, 88);\">Sie reinigt die Haut porentief, entfernt alle Unreinheiten aus den Poren und h\u00e4lt sie gleichzeitig feucht und weich. Aktivkohle stellt das nat\u00fcrliche Gleichgewicht der Haut wieder her und spendet trockener Haut Feuchtigkeit.<\/span><\/p>\n<p><span style=\"color: rgb(75, 80, 88);\">Sie kann nicht nur f\u00fcr den K\u00f6rper verwendet werden, sondern eignet sich auch gut als Gesichtsreiniger. Holzkohle Seife soll die Haut entgiften und reinigen.&nbsp;<\/span><\/p>\n<p><span style=\"color: rgb(75, 80, 88);\">Diese Seife gl\u00e4ttet die Haut Ihrer Kunden und beruhigt ihren Geist. Dar\u00fcber hinaus ist sie frei von Parabenen, SLS und Palm\u00f6l.<\/span><\/p>\n<p><span style=\"color: rgb(75, 80, 88);\"><em>* Veganfreundlich * Tierversuchsfrei * Handgefertigt * Hergestellt im Vereinigten K\u00f6nigreich *<\/em><\/span><\/p>\n<p><span style=\"color: rgb(75, 80, 88);\"><strong>Kaufen Sie diese trendigen Seifen, lassen Sie sie sich nicht entgehen.<\/strong><\/span><\/p>\n","protected":false},"excerpt":{"rendered":"<p>Aktivkohleseife \u2013 parf\u00fcmfrei mit Argan\u00f6l, Hanfsamen\u00f6l und Sheabutter ist wirklich erstaunlich.&nbsp; Sie reinigt die Haut porentief, entfernt alle Unreinheiten aus den Poren und h\u00e4lt sie gleichzeitig feucht und weich. Aktivkohle stellt das nat\u00fcrliche Gleichgewicht der Haut wieder her und spendet trockener Haut Feuchtigkeit. Sie kann nicht nur f\u00fcr den K\u00f6rper verwendet werden, sondern eignet sich [&hellip;]<\/p>\n","protected":false},"featured_media":280492,"comment_status":"closed","ping_status":"open","template":"","meta":{"_angie_page":false},"product_brand":[27070],"product_cat":[19448,20589],"product_tag":[],"class_list":{"0":"post-240469","1":"product","2":"type-product","3":"status-publish","4":"has-post-thumbnail","6":"product_brand-aw-cosmetics","7":"product_cat-bad-und-korper","8":"product_cat-okologische-seifen","9":"pa_collection-charcoal-soap-bar-85g-de","10":"pa_made-in-vereinigtes-koenigreich","12":"first","13":"instock","14":"purchasable","15":"product-type-simple"},"supplier_id":null,"supplier_sku":"CHSB-06","barcode":null,"atum_controlled":true,"out_stock_date":null,"out_stock_threshold":null,"inheritable":false,"inbound_stock":null,"stock_on_hold":0,"sold_today":0,"sales_last_days":0,"reserved_stock":null,"customer_returns":null,"warehouse_damage":null,"lost_in_post":null,"other_logs":null,"out_stock_days":0,"lost_sales":0,"has_location":null,"update_date":"2026-04-27T06:57:22","atum_locations":[],"atum_stock_status":"instock","restock_status":false,"low_stock_amount":"","sales_update_date":"2025-10-09T03:27:59","calc_backorders":null,"_links":{"self":[{"href":"https:\/\/aromasentia.com\/de\/wp-json\/wp\/v2\/product\/240469","targetHints":{"allow":["GET"]}}],"collection":[{"href":"https:\/\/aromasentia.com\/de\/wp-json\/wp\/v2\/product"}],"about":[{"href":"https:\/\/aromasentia.com\/de\/wp-json\/wp\/v2\/types\/product"}],"replies":[{"embeddable":true,"href":"https:\/\/aromasentia.com\/de\/wp-json\/wp\/v2\/comments?post=240469"}],"version-history":[{"count":0,"href":"https:\/\/aromasentia.com\/de\/wp-json\/wp\/v2\/product\/240469\/revisions"}],"wp:featuredmedia":[{"embeddable":true,"href":"https:\/\/aromasentia.com\/de\/wp-json\/wp\/v2\/media\/280492"}],"wp:attachment":[{"href":"https:\/\/aromasentia.com\/de\/wp-json\/wp\/v2\/media?parent=240469"}],"wp:term":[{"taxonomy":"product_brand","embeddable":true,"href":"https:\/\/aromasentia.com\/de\/wp-json\/wp\/v2\/product_brand?post=240469"},{"taxonomy":"product_cat","embeddable":true,"href":"https:\/\/aromasentia.com\/de\/wp-json\/wp\/v2\/product_cat?post=240469"},{"taxonomy":"product_tag","embeddable":true,"href":"https:\/\/aromasentia.com\/de\/wp-json\/wp\/v2\/product_tag?post=240469"}],"curies":[{"name":"wp","href":"https:\/\/api.w.org\/{rel}","templated":true}]}}