{"id":240401,"date":"2025-03-20T16:37:16","date_gmt":"2025-03-20T16:37:16","guid":{"rendered":"https:\/\/aromasentia.com\/product\/rose-rose-petals-soap-loaf\/"},"modified":"2025-12-30T20:34:53","modified_gmt":"2025-12-30T20:34:53","slug":"rose-rose-petals-soap-loaf","status":"publish","type":"product","link":"https:\/\/aromasentia.com\/de\/rose-rose-petals-soap-loaf\/","title":{"rendered":"Rose &#038; Rose Petals &#8211; Soap Loaf"},"content":{"rendered":"<p>Manchmal m\u00f6chte man sich einfach etwas Besonderes g\u00f6nnen. Warum also nicht die Haut mit einer herrlichen, handgemachten Naturseife verw\u00f6hnen?<\/p>\n<p>Rosen sind nicht nur eine sch\u00f6ne Erg\u00e4nzung f\u00fcr ein romantisches Bad, sondern duften auch herrlich. Die Rose &amp; Rose Petals Seife aus den besten nat\u00fcrlichen Zutaten verleiht Ihrem Bad die perfekte Atmosph\u00e4re, entspannt Ihren K\u00f6rper, baut Stress ab und l\u00e4sst Ihre Haut strahlen.<\/p>\n<p>Nichts ist besser als eine wohltuende, duftende Naturseife, die die Monotonie Ihrer Morgenroutine auflockert. Unsere wunderbaren, handgemachten Seifen werden aus hochwertigsten nat\u00fcrlichen Zutaten im Schmelz- und Gie\u00dfverfahren hergestellt. Entdecken Sie eine Vielzahl an bet\u00f6renden D\u00fcften und f\u00fchlbaren Texturen. Diese feuchtigkeitsspendenden und hautpflegenden Seifen bieten einen herrlich langanhaltenden Schaum und hinterlassen ein sauberes, weiches und gesundes Hautgef\u00fchl.<\/p>\n","protected":false},"excerpt":{"rendered":"<p>Manchmal m\u00f6chte man sich einfach etwas Besonderes g\u00f6nnen. Warum also nicht die Haut mit einer herrlichen, handgemachten Naturseife verw\u00f6hnen? Rosen sind nicht nur eine sch\u00f6ne Erg\u00e4nzung f\u00fcr ein romantisches Bad, sondern duften auch herrlich. Die Rose &amp; Rose Petals Seife aus den besten nat\u00fcrlichen Zutaten verleiht Ihrem Bad die perfekte Atmosph\u00e4re, entspannt Ihren K\u00f6rper, baut [&hellip;]<\/p>\n","protected":false},"featured_media":281272,"comment_status":"closed","ping_status":"open","template":"","meta":{"_angie_page":false},"product_brand":[],"product_cat":[19448,26833,25841,20589,26370],"product_tag":[],"class_list":{"0":"post-240401","1":"product","2":"type-product","3":"status-publish","4":"has-post-thumbnail","6":"product_cat-bad-und-korper","7":"product_cat-blumig","8":"product_cat-dufte-aromen","9":"product_cat-okologische-seifen","10":"product_cat-rosen","11":"pa_collection-handcrafted-wild-soap-loaves-1-3-kg-slices-100-140g-de","12":"pa_made-in-vereinigtes-koenigreich","14":"first","15":"instock","16":"purchasable","17":"product-type-simple"},"supplier_id":null,"supplier_sku":"HCS-13L","barcode":null,"atum_controlled":true,"out_stock_date":null,"out_stock_threshold":null,"inheritable":false,"inbound_stock":null,"stock_on_hold":0,"sold_today":0,"sales_last_days":0,"reserved_stock":null,"customer_returns":null,"warehouse_damage":null,"lost_in_post":null,"other_logs":null,"out_stock_days":0,"lost_sales":0,"has_location":null,"update_date":"2026-01-30T01:25:19","atum_locations":[],"atum_stock_status":"instock","restock_status":false,"low_stock_amount":"","sales_update_date":"2026-01-30T01:25:19","calc_backorders":null,"_links":{"self":[{"href":"https:\/\/aromasentia.com\/de\/wp-json\/wp\/v2\/product\/240401","targetHints":{"allow":["GET"]}}],"collection":[{"href":"https:\/\/aromasentia.com\/de\/wp-json\/wp\/v2\/product"}],"about":[{"href":"https:\/\/aromasentia.com\/de\/wp-json\/wp\/v2\/types\/product"}],"replies":[{"embeddable":true,"href":"https:\/\/aromasentia.com\/de\/wp-json\/wp\/v2\/comments?post=240401"}],"version-history":[{"count":0,"href":"https:\/\/aromasentia.com\/de\/wp-json\/wp\/v2\/product\/240401\/revisions"}],"wp:featuredmedia":[{"embeddable":true,"href":"https:\/\/aromasentia.com\/de\/wp-json\/wp\/v2\/media\/281272"}],"wp:attachment":[{"href":"https:\/\/aromasentia.com\/de\/wp-json\/wp\/v2\/media?parent=240401"}],"wp:term":[{"taxonomy":"product_brand","embeddable":true,"href":"https:\/\/aromasentia.com\/de\/wp-json\/wp\/v2\/product_brand?post=240401"},{"taxonomy":"product_cat","embeddable":true,"href":"https:\/\/aromasentia.com\/de\/wp-json\/wp\/v2\/product_cat?post=240401"},{"taxonomy":"product_tag","embeddable":true,"href":"https:\/\/aromasentia.com\/de\/wp-json\/wp\/v2\/product_tag?post=240401"}],"curies":[{"name":"wp","href":"https:\/\/api.w.org\/{rel}","templated":true}]}}