{"id":240373,"date":"2025-03-20T16:37:16","date_gmt":"2025-03-20T16:37:16","guid":{"rendered":"https:\/\/aromasentia.com\/product\/1x-cinnamon-vanilla-bath-donut\/"},"modified":"2025-12-30T20:34:45","modified_gmt":"2025-12-30T20:34:45","slug":"1x-cinnamon-vanilla-bath-donut","status":"publish","type":"product","link":"https:\/\/aromasentia.com\/de\/1x-cinnamon-vanilla-bath-donut\/","title":{"rendered":"1x Cinnamon &#038; Vanilla Bath Donut"},"content":{"rendered":"<p>Frisch gebacken! Machen Sie das Baden mit den <strong>Aroma Sentia-ping Zimt &#038; Vanille Bade-Donuts<\/strong> zu einem echten Vergn\u00fcgen. Der frische, warme Duft erf\u00fcllt das Bad Ihrer Kunden mit einem herrlichen Duft. <strong>Ideal f\u00fcr Geburtstage, Weihnachten oder einfach als kleine Belohnung f\u00fcr sich selbst<\/strong>. Der frische, warme Duft erf\u00fcllt das Bad Ihrer Kunden mit einem herrlichen Duft.&nbsp;<\/p>\n<p>Eine ringf\u00f6rmige Badebombe voller Farbe und Duft. <strong>Wir wissen, dass sie verlockend sind, aber bitte tun Sie es nicht.<\/strong><\/p>\n<p>Iss mich nicht!<\/p>\n<p>Ohne Tierversuche<\/p>\n<p>Einzeln eingeschwei\u00dft<\/p>\n<p><span style=\"color: rgb(184, 49, 47);\"><strong>Handgefertigt in Sheffield<\/strong><\/span><\/p>\n<p style=\"text-align: justify;\"><span style=\"color: rgb(243, 121, 52);\"><strong>Hinweis: Produkt nicht in der Slowakei erh\u00e4ltlich<\/strong><\/span><\/p>\n","protected":false},"excerpt":{"rendered":"<p>Frisch gebacken! Machen Sie das Baden mit den Aroma Sentia-ping Zimt &#038; Vanille Bade-Donuts zu einem echten Vergn\u00fcgen. Der frische, warme Duft erf\u00fcllt das Bad Ihrer Kunden mit einem herrlichen Duft. Ideal f\u00fcr Geburtstage, Weihnachten oder einfach als kleine Belohnung f\u00fcr sich selbst. Der frische, warme Duft erf\u00fcllt das Bad Ihrer Kunden mit einem herrlichen [&hellip;]<\/p>\n","protected":false},"featured_media":281153,"comment_status":"closed","ping_status":"open","template":"","meta":{"_angie_page":false},"product_brand":[],"product_cat":[19448,25841,26889,26131],"product_tag":[],"class_list":{"0":"post-240373","1":"product","2":"type-product","3":"status-publish","4":"has-post-thumbnail","6":"product_cat-bad-und-korper","7":"product_cat-dufte-aromen","8":"product_cat-wurzig","9":"product_cat-zimt","10":"pa_made-in-vereinigtes-koenigreich","12":"first","13":"outofstock","14":"purchasable","15":"product-type-simple"},"supplier_id":null,"supplier_sku":"Donut-07","barcode":null,"atum_controlled":true,"out_stock_date":"2026-04-25 15:14:04","out_stock_threshold":null,"inheritable":false,"inbound_stock":null,"stock_on_hold":0,"sold_today":0,"sales_last_days":0,"reserved_stock":null,"customer_returns":null,"warehouse_damage":null,"lost_in_post":null,"other_logs":null,"out_stock_days":0,"lost_sales":0,"has_location":null,"update_date":"2026-04-27T06:59:11","atum_locations":[],"atum_stock_status":"outofstock","restock_status":false,"low_stock_amount":"","sales_update_date":"2026-01-30T01:25:50","calc_backorders":null,"_links":{"self":[{"href":"https:\/\/aromasentia.com\/de\/wp-json\/wp\/v2\/product\/240373","targetHints":{"allow":["GET"]}}],"collection":[{"href":"https:\/\/aromasentia.com\/de\/wp-json\/wp\/v2\/product"}],"about":[{"href":"https:\/\/aromasentia.com\/de\/wp-json\/wp\/v2\/types\/product"}],"replies":[{"embeddable":true,"href":"https:\/\/aromasentia.com\/de\/wp-json\/wp\/v2\/comments?post=240373"}],"version-history":[{"count":0,"href":"https:\/\/aromasentia.com\/de\/wp-json\/wp\/v2\/product\/240373\/revisions"}],"wp:featuredmedia":[{"embeddable":true,"href":"https:\/\/aromasentia.com\/de\/wp-json\/wp\/v2\/media\/281153"}],"wp:attachment":[{"href":"https:\/\/aromasentia.com\/de\/wp-json\/wp\/v2\/media?parent=240373"}],"wp:term":[{"taxonomy":"product_brand","embeddable":true,"href":"https:\/\/aromasentia.com\/de\/wp-json\/wp\/v2\/product_brand?post=240373"},{"taxonomy":"product_cat","embeddable":true,"href":"https:\/\/aromasentia.com\/de\/wp-json\/wp\/v2\/product_cat?post=240373"},{"taxonomy":"product_tag","embeddable":true,"href":"https:\/\/aromasentia.com\/de\/wp-json\/wp\/v2\/product_tag?post=240373"}],"curies":[{"name":"wp","href":"https:\/\/api.w.org\/{rel}","templated":true}]}}