{"id":240353,"date":"2025-03-20T16:37:16","date_gmt":"2025-03-20T16:37:16","guid":{"rendered":"https:\/\/aromasentia.com\/product\/double-butter-luxury-soap-slice-earthy-oils\/"},"modified":"2025-12-30T20:34:45","modified_gmt":"2025-12-30T20:34:45","slug":"double-butter-luxury-soap-earthy-oils","status":"publish","type":"product","link":"https:\/\/aromasentia.com\/de\/double-butter-luxury-soap-earthy-oils\/","title":{"rendered":"Double Butter Luxury Soap &#8211; Earthy Oils"},"content":{"rendered":"<p>Pflegen Sie Ihre Haut mit den erdenden D\u00fcften unserer Double Butter Luxury Soap Slice &#8211; Earthy Oils. Dieses dekadente Seifenst\u00fcck ist mit einer doppelten Dosis feuchtigkeitsspendender Buttersorten wie Shea und Kakao angereichert, die f\u00fcr einen au\u00dfergew\u00f6hnlich cremigen Schaum sorgen. Die Mischung aus reichhaltigen, erdenden \u00e4therischen \u00d6len wie Patchouli, Vetiver oder Sandelholz reinigt sanft und bietet gleichzeitig ein beruhigendes, zentrierendes und tief verbindendes aromatisches Erlebnis, das die Haut weich und subtil mit der Tiefe der Natur parf\u00fcmiert macht.<\/p>\n","protected":false},"excerpt":{"rendered":"<p>Pflegen Sie Ihre Haut mit den erdenden D\u00fcften unserer Double Butter Luxury Soap Slice &#8211; Earthy Oils. Dieses dekadente Seifenst\u00fcck ist mit einer doppelten Dosis feuchtigkeitsspendender Buttersorten wie Shea und Kakao angereichert, die f\u00fcr einen au\u00dfergew\u00f6hnlich cremigen Schaum sorgen. Die Mischung aus reichhaltigen, erdenden \u00e4therischen \u00d6len wie Patchouli, Vetiver oder Sandelholz reinigt sanft und bietet [&hellip;]<\/p>\n","protected":false},"featured_media":281028,"comment_status":"closed","ping_status":"open","template":"","meta":[],"product_brand":[],"product_cat":[19448,20589],"product_tag":[],"class_list":{"0":"post-240353","1":"product","2":"type-product","3":"status-publish","4":"has-post-thumbnail","6":"product_cat-bad-und-korper","7":"product_cat-okologische-seifen","8":"pa_made-in-vereinigtes-koenigreich","10":"first","11":"outofstock","12":"purchasable","13":"product-type-simple"},"supplier_id":null,"supplier_sku":"DSDBSoap-01","barcode":null,"atum_controlled":true,"out_stock_date":"2025-10-09 13:31:21","out_stock_threshold":null,"inheritable":false,"inbound_stock":null,"stock_on_hold":0,"sold_today":0,"sales_last_days":0,"reserved_stock":null,"customer_returns":null,"warehouse_damage":null,"lost_in_post":null,"other_logs":null,"out_stock_days":112,"lost_sales":0,"has_location":null,"update_date":"2026-01-30T01:25:15","atum_locations":[],"atum_stock_status":"outofstock","restock_status":false,"low_stock_amount":"","sales_update_date":"2026-01-30T01:25:15","calc_backorders":null,"_links":{"self":[{"href":"https:\/\/aromasentia.com\/de\/wp-json\/wp\/v2\/product\/240353","targetHints":{"allow":["GET"]}}],"collection":[{"href":"https:\/\/aromasentia.com\/de\/wp-json\/wp\/v2\/product"}],"about":[{"href":"https:\/\/aromasentia.com\/de\/wp-json\/wp\/v2\/types\/product"}],"replies":[{"embeddable":true,"href":"https:\/\/aromasentia.com\/de\/wp-json\/wp\/v2\/comments?post=240353"}],"version-history":[{"count":0,"href":"https:\/\/aromasentia.com\/de\/wp-json\/wp\/v2\/product\/240353\/revisions"}],"wp:featuredmedia":[{"embeddable":true,"href":"https:\/\/aromasentia.com\/de\/wp-json\/wp\/v2\/media\/281028"}],"wp:attachment":[{"href":"https:\/\/aromasentia.com\/de\/wp-json\/wp\/v2\/media?parent=240353"}],"wp:term":[{"taxonomy":"product_brand","embeddable":true,"href":"https:\/\/aromasentia.com\/de\/wp-json\/wp\/v2\/product_brand?post=240353"},{"taxonomy":"product_cat","embeddable":true,"href":"https:\/\/aromasentia.com\/de\/wp-json\/wp\/v2\/product_cat?post=240353"},{"taxonomy":"product_tag","embeddable":true,"href":"https:\/\/aromasentia.com\/de\/wp-json\/wp\/v2\/product_tag?post=240353"}],"curies":[{"name":"wp","href":"https:\/\/api.w.org\/{rel}","templated":true}]}}