{"id":240249,"date":"2025-03-20T16:38:28","date_gmt":"2025-03-20T16:38:28","guid":{"rendered":"https:\/\/aromasentia.com\/product\/baby-powder-soap-loaf\/"},"modified":"2025-12-30T20:34:24","modified_gmt":"2025-12-30T20:34:24","slug":"baby-powder-soap-loaf","status":"publish","type":"product","link":"https:\/\/aromasentia.com\/de\/baby-powder-soap-loaf\/","title":{"rendered":"Baby Powder &#8211; Soap Loaf"},"content":{"rendered":"<p>Manchmal m\u00f6chte man sich einfach etwas Besonderes g\u00f6nnen. Warum also nicht die Haut mit einer wunderbaren, nat\u00fcrlichen, handgemachten Seife verw\u00f6hnen?<\/p>\n<p>Die Babypuderseife mit seidigem, geschmeidigem Schaum und frischem Babypuderduft pflegt und befeuchtet trockene Haut und h\u00e4lt sie weich und geschmeidig.<\/p>\n<p>Nichts ist besser als eine verw\u00f6hnende, wunderbar duftende Naturseife, um die Monotonie der Morgenroutine aufzubrechen. Unsere wunderbaren, handgemachten Seifen werden aus den hochwertigsten nat\u00fcrlichen Zutaten im Schmelz- und Gie\u00dfverfahren hergestellt. Entdecken Sie mit ihnen eine Vielzahl an berauschenden D\u00fcften und f\u00fchlbaren Texturen. Diese feuchtigkeitsspendenden und hautpflegenden Seifen bieten einen herrlich langanhaltenden Schaum und hinterlassen ein sauberes, weiches und gesundes Hautgef\u00fchl.<\/p>\n","protected":false},"excerpt":{"rendered":"<p>Manchmal m\u00f6chte man sich einfach etwas Besonderes g\u00f6nnen. Warum also nicht die Haut mit einer wunderbaren, nat\u00fcrlichen, handgemachten Seife verw\u00f6hnen? Die Babypuderseife mit seidigem, geschmeidigem Schaum und frischem Babypuderduft pflegt und befeuchtet trockene Haut und h\u00e4lt sie weich und geschmeidig. Nichts ist besser als eine verw\u00f6hnende, wunderbar duftende Naturseife, um die Monotonie der Morgenroutine aufzubrechen. [&hellip;]<\/p>\n","protected":false},"featured_media":281290,"comment_status":"closed","ping_status":"open","template":"","meta":{"_angie_page":false},"product_brand":[],"product_cat":[19448,20589],"product_tag":[],"class_list":{"0":"post-240249","1":"product","2":"type-product","3":"status-publish","4":"has-post-thumbnail","6":"product_cat-bad-und-korper","7":"product_cat-okologische-seifen","8":"pa_collection-handcrafted-wild-soap-loaves-1-3-kg-slices-100-140g-de","9":"pa_made-in-vereinigtes-koenigreich","11":"first","12":"instock","13":"purchasable","14":"product-type-simple"},"supplier_id":null,"supplier_sku":"HCS-16L","barcode":null,"atum_controlled":true,"out_stock_date":null,"out_stock_threshold":null,"inheritable":false,"inbound_stock":null,"stock_on_hold":0,"sold_today":0,"sales_last_days":0,"reserved_stock":null,"customer_returns":null,"warehouse_damage":null,"lost_in_post":null,"other_logs":null,"out_stock_days":0,"lost_sales":0,"has_location":null,"update_date":"2026-01-30T01:25:04","atum_locations":[],"atum_stock_status":"instock","restock_status":false,"low_stock_amount":"","sales_update_date":"2026-01-30T01:25:04","calc_backorders":null,"_links":{"self":[{"href":"https:\/\/aromasentia.com\/de\/wp-json\/wp\/v2\/product\/240249","targetHints":{"allow":["GET"]}}],"collection":[{"href":"https:\/\/aromasentia.com\/de\/wp-json\/wp\/v2\/product"}],"about":[{"href":"https:\/\/aromasentia.com\/de\/wp-json\/wp\/v2\/types\/product"}],"replies":[{"embeddable":true,"href":"https:\/\/aromasentia.com\/de\/wp-json\/wp\/v2\/comments?post=240249"}],"version-history":[{"count":0,"href":"https:\/\/aromasentia.com\/de\/wp-json\/wp\/v2\/product\/240249\/revisions"}],"wp:featuredmedia":[{"embeddable":true,"href":"https:\/\/aromasentia.com\/de\/wp-json\/wp\/v2\/media\/281290"}],"wp:attachment":[{"href":"https:\/\/aromasentia.com\/de\/wp-json\/wp\/v2\/media?parent=240249"}],"wp:term":[{"taxonomy":"product_brand","embeddable":true,"href":"https:\/\/aromasentia.com\/de\/wp-json\/wp\/v2\/product_brand?post=240249"},{"taxonomy":"product_cat","embeddable":true,"href":"https:\/\/aromasentia.com\/de\/wp-json\/wp\/v2\/product_cat?post=240249"},{"taxonomy":"product_tag","embeddable":true,"href":"https:\/\/aromasentia.com\/de\/wp-json\/wp\/v2\/product_tag?post=240249"}],"curies":[{"name":"wp","href":"https:\/\/api.w.org\/{rel}","templated":true}]}}