{"id":240189,"date":"2025-03-20T16:39:07","date_gmt":"2025-03-20T16:39:07","guid":{"rendered":"https:\/\/aromasentia.com\/product\/enchanted-rose-soap-bar-140g\/"},"modified":"2025-12-30T20:34:16","modified_gmt":"2025-12-30T20:34:16","slug":"handgemachte-seife-enchanted-rose-100g","status":"publish","type":"product","link":"https:\/\/aromasentia.com\/de\/handgemachte-seife-enchanted-rose-100g\/","title":{"rendered":"Handgemachte Seife Enchanted Rose   &#8211; 100g"},"content":{"rendered":"<p><span style=\"color: rgb(75, 80, 88);\">Entdecken Sie die coole, handgefertigte <strong>Rosen- &#038; Vanilleseife von Wild &#038; Natural \u2013 140 g.<\/strong><\/span><\/p>\n<p><span style=\"color: rgb(75, 80, 88);\">Erfreuen Sie sich am romantischen und luxuri\u00f6sen Duft der Rosen- &#038; Vanilleseife. Diese Seife vereint den zeitlosen Duft von Rosen mit den warmen, s\u00fc\u00dfen Noten von Vanille. Ein wahrer Genuss f\u00fcr die Sinne, der Sie verw\u00f6hnt und in Romantik geh\u00fcllt zur\u00fcckl\u00e4sst.<\/span><\/p>\n<p><span style=\"color: rgb(75, 80, 88);\"><strong>BITTE BEACHTEN:<\/strong> Unsere Seifen werden von Hand gefertigt, daher kann es zu leichten Abweichungen in Farbe und Design im Vergleich zu den Abbildungen kommen.<\/span><\/p>\n","protected":false},"excerpt":{"rendered":"<p>Entdecken Sie die coole, handgefertigte Rosen- &#038; Vanilleseife von Wild &#038; Natural \u2013 140 g. Erfreuen Sie sich am romantischen und luxuri\u00f6sen Duft der Rosen- &#038; Vanilleseife. Diese Seife vereint den zeitlosen Duft von Rosen mit den warmen, s\u00fc\u00dfen Noten von Vanille. Ein wahrer Genuss f\u00fcr die Sinne, der Sie verw\u00f6hnt und in Romantik geh\u00fcllt [&hellip;]<\/p>\n","protected":false},"featured_media":281539,"comment_status":"closed","ping_status":"open","template":"","meta":{"_angie_page":false},"product_brand":[],"product_cat":[19448,26833,25841,20589,26370],"product_tag":[],"class_list":{"0":"post-240189","1":"product","2":"type-product","3":"status-publish","4":"has-post-thumbnail","6":"product_cat-bad-und-korper","7":"product_cat-blumig","8":"product_cat-dufte-aromen","9":"product_cat-okologische-seifen","10":"product_cat-rosen","11":"pa_collection-handcrafted-wild-soap-loaves-1-3-kg-slices-100-140g-de","12":"pa_made-in-vereinigtes-koenigreich","13":"pa_size-140g","15":"first","16":"instock","17":"purchasable","18":"product-type-simple"},"supplier_id":null,"supplier_sku":"DSHCS-51","barcode":null,"atum_controlled":true,"out_stock_date":null,"out_stock_threshold":null,"inheritable":false,"inbound_stock":0,"stock_on_hold":0,"sold_today":0,"sales_last_days":0,"reserved_stock":0,"customer_returns":0,"warehouse_damage":0,"lost_in_post":0,"other_logs":0,"out_stock_days":0,"lost_sales":0,"has_location":false,"update_date":"2026-04-27T07:27:47","atum_locations":[],"atum_stock_status":"instock","restock_status":false,"low_stock_amount":"","sales_update_date":"2026-01-30T01:25:39","calc_backorders":null,"_links":{"self":[{"href":"https:\/\/aromasentia.com\/de\/wp-json\/wp\/v2\/product\/240189","targetHints":{"allow":["GET"]}}],"collection":[{"href":"https:\/\/aromasentia.com\/de\/wp-json\/wp\/v2\/product"}],"about":[{"href":"https:\/\/aromasentia.com\/de\/wp-json\/wp\/v2\/types\/product"}],"replies":[{"embeddable":true,"href":"https:\/\/aromasentia.com\/de\/wp-json\/wp\/v2\/comments?post=240189"}],"version-history":[{"count":0,"href":"https:\/\/aromasentia.com\/de\/wp-json\/wp\/v2\/product\/240189\/revisions"}],"wp:featuredmedia":[{"embeddable":true,"href":"https:\/\/aromasentia.com\/de\/wp-json\/wp\/v2\/media\/281539"}],"wp:attachment":[{"href":"https:\/\/aromasentia.com\/de\/wp-json\/wp\/v2\/media?parent=240189"}],"wp:term":[{"taxonomy":"product_brand","embeddable":true,"href":"https:\/\/aromasentia.com\/de\/wp-json\/wp\/v2\/product_brand?post=240189"},{"taxonomy":"product_cat","embeddable":true,"href":"https:\/\/aromasentia.com\/de\/wp-json\/wp\/v2\/product_cat?post=240189"},{"taxonomy":"product_tag","embeddable":true,"href":"https:\/\/aromasentia.com\/de\/wp-json\/wp\/v2\/product_tag?post=240189"}],"curies":[{"name":"wp","href":"https:\/\/api.w.org\/{rel}","templated":true}]}}