{"id":240185,"date":"2025-03-20T16:39:07","date_gmt":"2025-03-20T16:39:07","guid":{"rendered":"https:\/\/aromasentia.com\/product\/verdant-zen-soap-bar-140g\/"},"modified":"2025-12-30T20:34:09","modified_gmt":"2025-12-30T20:34:09","slug":"handgemachte-seife-verdant-zen-100g","status":"publish","type":"product","link":"https:\/\/aromasentia.com\/de\/handgemachte-seife-verdant-zen-100g\/","title":{"rendered":"Handgemachte Seife Verdant Zen   &#8211; 100g"},"content":{"rendered":"<p><span style=\"color: rgb(75, 80, 88);\">Entdecken Sie die coole, handgefertigte <strong>Gr\u00fcntee- und Olivenseife (140 g)<\/strong> von Wild &amp; Natural im Gro\u00dfhandel. Genie\u00dfen Sie die wohltuenden und regenerierenden Eigenschaften der Gr\u00fcntee- und Olivenseife. Diese Seife verleiht Ihrer Dusche die beruhigende Essenz von gr\u00fcnem Tee und die pflegenden Eigenschaften von Oliven\u00f6l. Es ist ein revitalisierendes Erlebnis, das Ihre Haut weich, geschmeidig und ausgeglichen macht.<\/span><\/p>\n<p><span style=\"color: rgb(75, 80, 88);\"><strong>BITTE BEACHTEN:<\/strong> Unsere Seifen werden von Hand gefertigt, daher kann es zu leichten Abweichungen in Farbe oder Design im Vergleich zu den bereitgestellten Abbildungen kommen.<\/span><\/p>\n","protected":false},"excerpt":{"rendered":"<p>Entdecken Sie die coole, handgefertigte Gr\u00fcntee- und Olivenseife (140 g) von Wild &amp; Natural im Gro\u00dfhandel. Genie\u00dfen Sie die wohltuenden und regenerierenden Eigenschaften der Gr\u00fcntee- und Olivenseife. Diese Seife verleiht Ihrer Dusche die beruhigende Essenz von gr\u00fcnem Tee und die pflegenden Eigenschaften von Oliven\u00f6l. Es ist ein revitalisierendes Erlebnis, das Ihre Haut weich, geschmeidig und [&hellip;]<\/p>\n","protected":false},"featured_media":281522,"comment_status":"closed","ping_status":"open","template":"","meta":{"_angie_page":false},"product_brand":[],"product_cat":[19448,20589],"product_tag":[],"class_list":{"0":"post-240185","1":"product","2":"type-product","3":"status-publish","4":"has-post-thumbnail","6":"product_cat-bad-und-korper","7":"product_cat-okologische-seifen","8":"pa_collection-handcrafted-wild-soap-loaves-1-3-kg-slices-100-140g-de","9":"pa_made-in-vereinigtes-koenigreich","10":"pa_size-140g","12":"first","13":"outofstock","14":"purchasable","15":"product-type-simple"},"supplier_id":null,"supplier_sku":"DSHCS-50","barcode":null,"atum_controlled":true,"out_stock_date":"2025-09-04 22:30:37","out_stock_threshold":null,"inheritable":false,"inbound_stock":null,"stock_on_hold":0,"sold_today":0,"sales_last_days":0,"reserved_stock":null,"customer_returns":null,"warehouse_damage":null,"lost_in_post":null,"other_logs":null,"out_stock_days":34,"lost_sales":0,"has_location":null,"update_date":"2026-04-27T07:27:47","atum_locations":[],"atum_stock_status":"outofstock","restock_status":false,"low_stock_amount":"","sales_update_date":"2025-10-09T03:22:08","calc_backorders":null,"_links":{"self":[{"href":"https:\/\/aromasentia.com\/de\/wp-json\/wp\/v2\/product\/240185","targetHints":{"allow":["GET"]}}],"collection":[{"href":"https:\/\/aromasentia.com\/de\/wp-json\/wp\/v2\/product"}],"about":[{"href":"https:\/\/aromasentia.com\/de\/wp-json\/wp\/v2\/types\/product"}],"replies":[{"embeddable":true,"href":"https:\/\/aromasentia.com\/de\/wp-json\/wp\/v2\/comments?post=240185"}],"version-history":[{"count":0,"href":"https:\/\/aromasentia.com\/de\/wp-json\/wp\/v2\/product\/240185\/revisions"}],"wp:featuredmedia":[{"embeddable":true,"href":"https:\/\/aromasentia.com\/de\/wp-json\/wp\/v2\/media\/281522"}],"wp:attachment":[{"href":"https:\/\/aromasentia.com\/de\/wp-json\/wp\/v2\/media?parent=240185"}],"wp:term":[{"taxonomy":"product_brand","embeddable":true,"href":"https:\/\/aromasentia.com\/de\/wp-json\/wp\/v2\/product_brand?post=240185"},{"taxonomy":"product_cat","embeddable":true,"href":"https:\/\/aromasentia.com\/de\/wp-json\/wp\/v2\/product_cat?post=240185"},{"taxonomy":"product_tag","embeddable":true,"href":"https:\/\/aromasentia.com\/de\/wp-json\/wp\/v2\/product_tag?post=240185"}],"curies":[{"name":"wp","href":"https:\/\/api.w.org\/{rel}","templated":true}]}}