{"id":240181,"date":"2025-03-20T16:39:07","date_gmt":"2025-03-20T16:39:07","guid":{"rendered":"https:\/\/aromasentia.com\/product\/raspberry-bliss-soap-bar-140g\/"},"modified":"2025-12-30T20:34:09","modified_gmt":"2025-12-30T20:34:09","slug":"handgemachte-seife-raspberry-bliss-100g","status":"publish","type":"product","link":"https:\/\/aromasentia.com\/de\/handgemachte-seife-raspberry-bliss-100g\/","title":{"rendered":"Handgemachte Seife Raspberry Bliss   &#8211; 100g"},"content":{"rendered":"<p><span style=\"color: rgb(75, 80, 88);\">Entdecken Sie die coole &nbsp;Wild &amp; Natural <strong>Himbeer- &amp; Vanilleseife &#8211; 140 g<\/strong>. Erleben Sie den s\u00fc\u00dfen und spritzigen Reiz der Himbeer- &amp; Vanilleseife. Diese Seife vereint das lebendige Aroma reifer Himbeeren mit den wohltuenden Noten von Vanille. Sie ist eine k\u00f6stliche Wohltat f\u00fcr Ihre Haut, die Sie erfrischt und leicht duftend zur\u00fcckl\u00e4sst.<\/span><\/p>\n<p><span style=\"color: rgb(75, 80, 88);\"><strong>BITTE BEACHTEN:<\/strong> Unsere Seifen werden von Hand gefertigt, daher kann es zu leichten Abweichungen in Farbe oder Design im Vergleich zu den Abbildungen kommen.<\/span><\/p>\n","protected":false},"excerpt":{"rendered":"<p>Entdecken Sie die coole &nbsp;Wild &amp; Natural Himbeer- &amp; Vanilleseife &#8211; 140 g. Erleben Sie den s\u00fc\u00dfen und spritzigen Reiz der Himbeer- &amp; Vanilleseife. Diese Seife vereint das lebendige Aroma reifer Himbeeren mit den wohltuenden Noten von Vanille. Sie ist eine k\u00f6stliche Wohltat f\u00fcr Ihre Haut, die Sie erfrischt und leicht duftend zur\u00fcckl\u00e4sst. BITTE BEACHTEN: [&hellip;]<\/p>\n","protected":false},"featured_media":281513,"comment_status":"closed","ping_status":"open","template":"","meta":{"_angie_page":false},"product_brand":[],"product_cat":[19448,20589],"product_tag":[],"class_list":{"0":"post-240181","1":"product","2":"type-product","3":"status-publish","4":"has-post-thumbnail","6":"product_cat-bad-und-korper","7":"product_cat-okologische-seifen","8":"pa_collection-handcrafted-wild-soap-loaves-1-3-kg-slices-100-140g-de","9":"pa_made-in-vereinigtes-koenigreich","10":"pa_size-140g","12":"first","13":"instock","14":"purchasable","15":"product-type-simple"},"supplier_id":null,"supplier_sku":"DSHCS-49","barcode":null,"atum_controlled":true,"out_stock_date":null,"out_stock_threshold":null,"inheritable":false,"inbound_stock":null,"stock_on_hold":0,"sold_today":0,"sales_last_days":0,"reserved_stock":null,"customer_returns":null,"warehouse_damage":null,"lost_in_post":null,"other_logs":null,"out_stock_days":0,"lost_sales":0,"has_location":null,"update_date":"2026-05-04T00:02:51","atum_locations":[],"atum_stock_status":"instock","restock_status":false,"low_stock_amount":"","sales_update_date":"2026-01-30T01:24:28","calc_backorders":null,"_links":{"self":[{"href":"https:\/\/aromasentia.com\/de\/wp-json\/wp\/v2\/product\/240181","targetHints":{"allow":["GET"]}}],"collection":[{"href":"https:\/\/aromasentia.com\/de\/wp-json\/wp\/v2\/product"}],"about":[{"href":"https:\/\/aromasentia.com\/de\/wp-json\/wp\/v2\/types\/product"}],"replies":[{"embeddable":true,"href":"https:\/\/aromasentia.com\/de\/wp-json\/wp\/v2\/comments?post=240181"}],"version-history":[{"count":0,"href":"https:\/\/aromasentia.com\/de\/wp-json\/wp\/v2\/product\/240181\/revisions"}],"wp:featuredmedia":[{"embeddable":true,"href":"https:\/\/aromasentia.com\/de\/wp-json\/wp\/v2\/media\/281513"}],"wp:attachment":[{"href":"https:\/\/aromasentia.com\/de\/wp-json\/wp\/v2\/media?parent=240181"}],"wp:term":[{"taxonomy":"product_brand","embeddable":true,"href":"https:\/\/aromasentia.com\/de\/wp-json\/wp\/v2\/product_brand?post=240181"},{"taxonomy":"product_cat","embeddable":true,"href":"https:\/\/aromasentia.com\/de\/wp-json\/wp\/v2\/product_cat?post=240181"},{"taxonomy":"product_tag","embeddable":true,"href":"https:\/\/aromasentia.com\/de\/wp-json\/wp\/v2\/product_tag?post=240181"}],"curies":[{"name":"wp","href":"https:\/\/api.w.org\/{rel}","templated":true}]}}