{"id":240105,"date":"2025-03-20T16:41:57","date_gmt":"2025-03-20T16:41:57","guid":{"rendered":"https:\/\/aromasentia.com\/product\/tangerine-grapefruit-bath-bomb-180g\/"},"modified":"2025-12-30T20:33:53","modified_gmt":"2025-12-30T20:33:53","slug":"tangerine-grapefruit-bath-bomb-180g","status":"publish","type":"product","link":"https:\/\/aromasentia.com\/de\/tangerine-grapefruit-bath-bomb-180g\/","title":{"rendered":"Tangerine &#038; Grapefruit Bath Bomb &#8211; 180g"},"content":{"rendered":"<p><span style=\"color: rgb(75, 80, 88);\">Suchen Sie nach einer entspannenden Wohltat? Dann sind Sie hier genau richtig. Unsere <strong>EU<\/strong>-Badebomben sind genau das Richtige f\u00fcr alle, die einen hochwertigen Badezusatz suchen, der gut aussieht und gut riecht.<\/span><\/p>\n<p><span style=\"color: rgb(75, 80, 88);\">Sie sind au\u00dferdem \u00e4u\u00dferst preiswert. Jede Bombe wiegt satte <strong>180 Gramm<\/strong> und enth\u00e4lt Sheabutter f\u00fcr ein besonders geschmeidiges Hautgef\u00fchl.<\/span><\/p>\n<p><span style=\"color: rgb(75, 80, 88);\">Wir bieten eine gro\u00dfe Auswahl an fantastischen D\u00fcften, jeder in seiner eigenen, unverwechselbaren Farbe. Kaufen Sie mehrere verschiedene H\u00fcllen, um in Ihrem Gesch\u00e4ft oder f\u00fcr Ihre Website ein Hingucker zu sein, dem Ihre Kunden nicht widerstehen k\u00f6nnen.<\/span><\/p>\n","protected":false},"excerpt":{"rendered":"<p>Suchen Sie nach einer entspannenden Wohltat? Dann sind Sie hier genau richtig. Unsere EU-Badebomben sind genau das Richtige f\u00fcr alle, die einen hochwertigen Badezusatz suchen, der gut aussieht und gut riecht. Sie sind au\u00dferdem \u00e4u\u00dferst preiswert. Jede Bombe wiegt satte 180 Gramm und enth\u00e4lt Sheabutter f\u00fcr ein besonders geschmeidiges Hautgef\u00fchl. Wir bieten eine gro\u00dfe Auswahl [&hellip;]<\/p>\n","protected":false},"featured_media":282116,"comment_status":"closed","ping_status":"open","template":"","meta":{"_angie_page":false},"product_brand":[],"product_cat":[19448,20511,25841,26204,26401,26819],"product_tag":[],"class_list":{"0":"post-240105","1":"product","2":"type-product","3":"status-publish","4":"has-post-thumbnail","6":"product_cat-bad-und-korper","7":"product_cat-badebomben-badekugeln","8":"product_cat-dufte-aromen","9":"product_cat-grapefruit","10":"product_cat-tangerine","11":"product_cat-zitrus","12":"pa_collection-jumbo-bath-bombs-180g-de","13":"pa_made-in-vereinigtes-koenigreich","14":"pa_size-180g","16":"first","17":"outofstock","18":"purchasable","19":"product-type-simple"},"supplier_id":null,"supplier_sku":"DSJBB-13","barcode":null,"atum_controlled":true,"out_stock_date":"2026-04-25 15:14:28","out_stock_threshold":null,"inheritable":false,"inbound_stock":null,"stock_on_hold":0,"sold_today":0,"sales_last_days":0,"reserved_stock":null,"customer_returns":null,"warehouse_damage":null,"lost_in_post":null,"other_logs":null,"out_stock_days":0,"lost_sales":0,"has_location":null,"update_date":"2026-04-27T07:27:51","atum_locations":[],"atum_stock_status":"outofstock","restock_status":false,"low_stock_amount":"","sales_update_date":"2025-10-09T03:22:12","calc_backorders":null,"_links":{"self":[{"href":"https:\/\/aromasentia.com\/de\/wp-json\/wp\/v2\/product\/240105","targetHints":{"allow":["GET"]}}],"collection":[{"href":"https:\/\/aromasentia.com\/de\/wp-json\/wp\/v2\/product"}],"about":[{"href":"https:\/\/aromasentia.com\/de\/wp-json\/wp\/v2\/types\/product"}],"replies":[{"embeddable":true,"href":"https:\/\/aromasentia.com\/de\/wp-json\/wp\/v2\/comments?post=240105"}],"version-history":[{"count":0,"href":"https:\/\/aromasentia.com\/de\/wp-json\/wp\/v2\/product\/240105\/revisions"}],"wp:featuredmedia":[{"embeddable":true,"href":"https:\/\/aromasentia.com\/de\/wp-json\/wp\/v2\/media\/282116"}],"wp:attachment":[{"href":"https:\/\/aromasentia.com\/de\/wp-json\/wp\/v2\/media?parent=240105"}],"wp:term":[{"taxonomy":"product_brand","embeddable":true,"href":"https:\/\/aromasentia.com\/de\/wp-json\/wp\/v2\/product_brand?post=240105"},{"taxonomy":"product_cat","embeddable":true,"href":"https:\/\/aromasentia.com\/de\/wp-json\/wp\/v2\/product_cat?post=240105"},{"taxonomy":"product_tag","embeddable":true,"href":"https:\/\/aromasentia.com\/de\/wp-json\/wp\/v2\/product_tag?post=240105"}],"curies":[{"name":"wp","href":"https:\/\/api.w.org\/{rel}","templated":true}]}}