{"id":240081,"date":"2025-03-20T16:42:55","date_gmt":"2025-03-20T16:42:55","guid":{"rendered":"https:\/\/aromasentia.com\/product\/ylang-ylang-orange-solid-shampoo-loaf\/"},"modified":"2025-12-30T20:33:53","modified_gmt":"2025-12-30T20:33:53","slug":"ylang-ylang-orange-fuer-sexy-haar","status":"publish","type":"product","link":"https:\/\/aromasentia.com\/de\/ylang-ylang-orange-fuer-sexy-haar\/","title":{"rendered":"Ylang Ylang &#038; Orange &#8211; f\u00fcr sexy Haar"},"content":{"rendered":"<p>Herrlich duftendes festes Shampoo mit Ylang-Ylang und Orange f\u00fcr alle Haartypen. Ideal f\u00fcr unterwegs, da nichts versch\u00fcttet werden kann. Macht Ihr Haar gl\u00e4nzend und duftend!<\/p>\n<p>Shampoo-Riegel sind ein ganz nat\u00fcrliches Pflegeshampoo in fester Riegelform. Unser festes Shampoo wird aus hochwertigen Pflanzen\u00f6len auf Arganbasis hergestellt. Bildet einen wunderbar dichten, cremigen Schaum, der das Haar auf nat\u00fcrliche Weise pflegt. Diese festen Shampoos sind mit reinen \u00e4therischen \u00d6len parf\u00fcmiert und sorgen f\u00fcr einen umwerfenden nat\u00fcrlichen Duft.<\/p>\n<p>Immer mehr Menschen machen sich Gedanken \u00fcber Dinge wie den Plastikverbrauch in der Kosmetikindustrie und die damit verbundene Verschmutzung. Feste Shampoos sind umweltfreundlich, da Sie keine Flaschen und Verpackungen verschwenden. Sie schonen auch Ihr Budget, denn festes Shampoo h\u00e4lt 2-5 mal l\u00e4nger als fl\u00fcssige Produkte.<\/p>\n","protected":false},"excerpt":{"rendered":"<p>Herrlich duftendes festes Shampoo mit Ylang-Ylang und Orange f\u00fcr alle Haartypen. Ideal f\u00fcr unterwegs, da nichts versch\u00fcttet werden kann. Macht Ihr Haar gl\u00e4nzend und duftend! Shampoo-Riegel sind ein ganz nat\u00fcrliches Pflegeshampoo in fester Riegelform. Unser festes Shampoo wird aus hochwertigen Pflanzen\u00f6len auf Arganbasis hergestellt. Bildet einen wunderbar dichten, cremigen Schaum, der das Haar auf nat\u00fcrliche [&hellip;]<\/p>\n","protected":false},"featured_media":282800,"comment_status":"closed","ping_status":"open","template":"","meta":[],"product_brand":[],"product_cat":[19448,26833,25841,20553,26308,26444,26819],"product_tag":[],"class_list":{"0":"post-240081","1":"product","2":"type-product","3":"status-publish","4":"has-post-thumbnail","6":"product_cat-bad-und-korper","7":"product_cat-blumig","8":"product_cat-dufte-aromen","9":"product_cat-haarpflege","10":"product_cat-orange","11":"product_cat-ylang-ylang","12":"product_cat-zitrus","13":"pa_collection-solid-shampoo-with-argan-base-de","14":"pa_made-in-vereinigtes-koenigreich","16":"first","17":"outofstock","18":"purchasable","19":"product-type-simple"},"supplier_id":null,"supplier_sku":"Solid-07","barcode":null,"atum_controlled":true,"out_stock_date":"2025-12-11 15:23:32","out_stock_threshold":null,"inheritable":false,"inbound_stock":null,"stock_on_hold":0,"sold_today":0,"sales_last_days":0,"reserved_stock":null,"customer_returns":null,"warehouse_damage":null,"lost_in_post":null,"other_logs":null,"out_stock_days":56,"lost_sales":0,"has_location":null,"update_date":"2026-02-06T00:01:13","atum_locations":[],"atum_stock_status":"outofstock","restock_status":false,"low_stock_amount":"","sales_update_date":"2026-02-06T00:01:13","calc_backorders":null,"_links":{"self":[{"href":"https:\/\/aromasentia.com\/de\/wp-json\/wp\/v2\/product\/240081","targetHints":{"allow":["GET"]}}],"collection":[{"href":"https:\/\/aromasentia.com\/de\/wp-json\/wp\/v2\/product"}],"about":[{"href":"https:\/\/aromasentia.com\/de\/wp-json\/wp\/v2\/types\/product"}],"replies":[{"embeddable":true,"href":"https:\/\/aromasentia.com\/de\/wp-json\/wp\/v2\/comments?post=240081"}],"version-history":[{"count":0,"href":"https:\/\/aromasentia.com\/de\/wp-json\/wp\/v2\/product\/240081\/revisions"}],"wp:featuredmedia":[{"embeddable":true,"href":"https:\/\/aromasentia.com\/de\/wp-json\/wp\/v2\/media\/282800"}],"wp:attachment":[{"href":"https:\/\/aromasentia.com\/de\/wp-json\/wp\/v2\/media?parent=240081"}],"wp:term":[{"taxonomy":"product_brand","embeddable":true,"href":"https:\/\/aromasentia.com\/de\/wp-json\/wp\/v2\/product_brand?post=240081"},{"taxonomy":"product_cat","embeddable":true,"href":"https:\/\/aromasentia.com\/de\/wp-json\/wp\/v2\/product_cat?post=240081"},{"taxonomy":"product_tag","embeddable":true,"href":"https:\/\/aromasentia.com\/de\/wp-json\/wp\/v2\/product_tag?post=240081"}],"curies":[{"name":"wp","href":"https:\/\/api.w.org\/{rel}","templated":true}]}}