{"id":240029,"date":"2025-03-20T16:42:55","date_gmt":"2025-03-20T16:42:55","guid":{"rendered":"https:\/\/aromasentia.com\/product\/cinnamon-and-orange-bath-bombs\/"},"modified":"2025-12-30T20:33:46","modified_gmt":"2025-12-30T20:33:46","slug":"cinnamon-and-orange-bath-bombs","status":"publish","type":"product","link":"https:\/\/aromasentia.com\/de\/cinnamon-and-orange-bath-bombs\/","title":{"rendered":"Cinnamon and Orange Bath Bombs"},"content":{"rendered":"<p>Wenn Sie an kalten Abenden gerne einen w\u00e4rmenden Duft genie\u00dfen, sind Sie hier genau richtig.&nbsp;<\/p>\n<p>Diese Badebomben sind au\u00dferdem besonders preiswert. Jede Kugel wiegt \u00fcber 180 Gramm und enth\u00e4lt Sheabutter f\u00fcr ein geschmeidigeres Hautgef\u00fchl.&nbsp;<\/p>\n<p>Wir bieten eine gro\u00dfe Auswahl an fantastischen D\u00fcften, jeder in seiner eigenen, unverwechselbaren Farbe.<\/p>\n<p>Sie werden einzeln sicher in Folie verpackt geliefert.&nbsp;<\/p>\n<p>Stellen Sie sie in Ihren Shop und Ihre Kunden werden begeistert sein.<\/p>\n","protected":false},"excerpt":{"rendered":"<p>Wenn Sie an kalten Abenden gerne einen w\u00e4rmenden Duft genie\u00dfen, sind Sie hier genau richtig.&nbsp; Diese Badebomben sind au\u00dferdem besonders preiswert. Jede Kugel wiegt \u00fcber 180 Gramm und enth\u00e4lt Sheabutter f\u00fcr ein geschmeidigeres Hautgef\u00fchl.&nbsp; Wir bieten eine gro\u00dfe Auswahl an fantastischen D\u00fcften, jeder in seiner eigenen, unverwechselbaren Farbe. Sie werden einzeln sicher in Folie verpackt [&hellip;]<\/p>\n","protected":false},"featured_media":282419,"comment_status":"closed","ping_status":"open","template":"","meta":{"_angie_page":false},"product_brand":[],"product_cat":[19448,20511,25841,26308,26889,26131,26819],"product_tag":[],"class_list":{"0":"post-240029","1":"product","2":"type-product","3":"status-publish","4":"has-post-thumbnail","6":"product_cat-bad-und-korper","7":"product_cat-badebomben-badekugeln","8":"product_cat-dufte-aromen","9":"product_cat-orange","10":"product_cat-wurzig","11":"product_cat-zimt","12":"product_cat-zitrus","13":"pa_collection-jumbo-bath-bombs-180g-de","14":"pa_made-in-vereinigtes-koenigreich","16":"first","17":"outofstock","18":"purchasable","19":"product-type-simple"},"supplier_id":null,"supplier_sku":"DSJBB-CC1","barcode":null,"atum_controlled":true,"out_stock_date":"2026-04-25 15:14:56","out_stock_threshold":null,"inheritable":false,"inbound_stock":0,"stock_on_hold":0,"sold_today":0,"sales_last_days":0,"reserved_stock":0,"customer_returns":0,"warehouse_damage":0,"lost_in_post":0,"other_logs":0,"out_stock_days":0,"lost_sales":0,"has_location":false,"update_date":"2026-04-27T06:59:31","atum_locations":[],"atum_stock_status":"outofstock","restock_status":false,"low_stock_amount":"","sales_update_date":"2026-01-30T01:24:23","calc_backorders":null,"_links":{"self":[{"href":"https:\/\/aromasentia.com\/de\/wp-json\/wp\/v2\/product\/240029","targetHints":{"allow":["GET"]}}],"collection":[{"href":"https:\/\/aromasentia.com\/de\/wp-json\/wp\/v2\/product"}],"about":[{"href":"https:\/\/aromasentia.com\/de\/wp-json\/wp\/v2\/types\/product"}],"replies":[{"embeddable":true,"href":"https:\/\/aromasentia.com\/de\/wp-json\/wp\/v2\/comments?post=240029"}],"version-history":[{"count":0,"href":"https:\/\/aromasentia.com\/de\/wp-json\/wp\/v2\/product\/240029\/revisions"}],"wp:featuredmedia":[{"embeddable":true,"href":"https:\/\/aromasentia.com\/de\/wp-json\/wp\/v2\/media\/282419"}],"wp:attachment":[{"href":"https:\/\/aromasentia.com\/de\/wp-json\/wp\/v2\/media?parent=240029"}],"wp:term":[{"taxonomy":"product_brand","embeddable":true,"href":"https:\/\/aromasentia.com\/de\/wp-json\/wp\/v2\/product_brand?post=240029"},{"taxonomy":"product_cat","embeddable":true,"href":"https:\/\/aromasentia.com\/de\/wp-json\/wp\/v2\/product_cat?post=240029"},{"taxonomy":"product_tag","embeddable":true,"href":"https:\/\/aromasentia.com\/de\/wp-json\/wp\/v2\/product_tag?post=240029"}],"curies":[{"name":"wp","href":"https:\/\/api.w.org\/{rel}","templated":true}]}}