{"id":239977,"date":"2025-03-20T16:43:54","date_gmt":"2025-03-20T16:43:54","guid":{"rendered":"https:\/\/aromasentia.com\/product\/1x-lavender-marjoram\/"},"modified":"2025-12-30T20:33:31","modified_gmt":"2025-12-30T20:33:31","slug":"badebombe-aromatherapie-lavendel-majoran","status":"publish","type":"product","link":"https:\/\/aromasentia.com\/de\/badebombe-aromatherapie-lavendel-majoran\/","title":{"rendered":"Badebombe &#8222;Aromatherapie&#8220; &#8211; Lavendel &#038; Majoran"},"content":{"rendered":"<p><span style=\"color: rgb(75, 80, 88);\">Wenn Sie nach einer M\u00f6glichkeit suchen, sprudelnde Badebomben weiterzuverkaufen, dann werfen Sie einen Blick auf unser Sortiment an <strong>Aroma Sentia <\/strong> <strong>Badebomben mit \u00e4therischen \u00d6len<\/strong>.<\/span><\/p>\n<p><span style=\"color: rgb(75, 80, 88);\">Diese sind kleiner als unsere Jumbo-Badebomben, aber gerade gro\u00df genug, um Ihr Bad vollkommen entspannend zu machen. Wir bieten eine interessante Auswahl, jede mit ihrer eigenen unverwechselbaren Farbe, ihrem eigenen Duft und ihrer eigenen Wirkung.<\/span><\/p>\n<p><span style=\"color: rgb(75, 80, 88);\">Sie sind au\u00dferdem sehr preiswert. Jede Bombe wiegt <strong>120\u2013140 Gramm<\/strong> und enth\u00e4lt \u00e4therische \u00d6lmischungen f\u00fcr ein entspannendes Aromatherapiebad.<\/span><\/p>\n<p><span style=\"color: rgb(141, 186, 216);\"><strong>Beim Kauf von drei Badebomben der gleichen Gr\u00f6\u00dfe aus einem beliebigen Sortiment erhalten Sie eine kostenlose Geschenkbox aus Karton im Naturstil. &nbsp;<\/strong><\/span><\/p>\n<p><span style=\"color: rgb(141, 186, 216);\"><strong>Inklusive farbiger Zutatenliste.<\/strong><\/span><\/p>\n","protected":false},"excerpt":{"rendered":"<p>Wenn Sie nach einer M\u00f6glichkeit suchen, sprudelnde Badebomben weiterzuverkaufen, dann werfen Sie einen Blick auf unser Sortiment an Aroma Sentia Badebomben mit \u00e4therischen \u00d6len. Diese sind kleiner als unsere Jumbo-Badebomben, aber gerade gro\u00df genug, um Ihr Bad vollkommen entspannend zu machen. Wir bieten eine interessante Auswahl, jede mit ihrer eigenen unverwechselbaren Farbe, ihrem eigenen Duft [&hellip;]<\/p>\n","protected":false},"featured_media":283054,"comment_status":"closed","ping_status":"open","template":"","meta":[],"product_brand":[],"product_cat":[19448,26833,25841,26861,26234,26269],"product_tag":[],"class_list":{"0":"post-239977","1":"product","2":"type-product","3":"status-publish","4":"has-post-thumbnail","6":"product_cat-bad-und-korper","7":"product_cat-blumig","8":"product_cat-dufte-aromen","9":"product_cat-krauter-aromatisch","10":"product_cat-lavendel","11":"product_cat-spanischer-majoran","12":"pa_made-in-vereinigtes-koenigreich","14":"first","15":"outofstock","16":"purchasable","17":"product-type-simple"},"supplier_id":null,"supplier_sku":"EBB-01","barcode":null,"atum_controlled":true,"out_stock_date":"2025-10-09 13:11:47","out_stock_threshold":null,"inheritable":false,"inbound_stock":null,"stock_on_hold":0,"sold_today":0,"sales_last_days":0,"reserved_stock":null,"customer_returns":null,"warehouse_damage":null,"lost_in_post":null,"other_logs":null,"out_stock_days":112,"lost_sales":0,"has_location":null,"update_date":"2026-01-30T01:25:21","atum_locations":[],"atum_stock_status":"outofstock","restock_status":false,"low_stock_amount":"","sales_update_date":"2026-01-30T01:25:21","calc_backorders":null,"_links":{"self":[{"href":"https:\/\/aromasentia.com\/de\/wp-json\/wp\/v2\/product\/239977","targetHints":{"allow":["GET"]}}],"collection":[{"href":"https:\/\/aromasentia.com\/de\/wp-json\/wp\/v2\/product"}],"about":[{"href":"https:\/\/aromasentia.com\/de\/wp-json\/wp\/v2\/types\/product"}],"replies":[{"embeddable":true,"href":"https:\/\/aromasentia.com\/de\/wp-json\/wp\/v2\/comments?post=239977"}],"version-history":[{"count":0,"href":"https:\/\/aromasentia.com\/de\/wp-json\/wp\/v2\/product\/239977\/revisions"}],"wp:featuredmedia":[{"embeddable":true,"href":"https:\/\/aromasentia.com\/de\/wp-json\/wp\/v2\/media\/283054"}],"wp:attachment":[{"href":"https:\/\/aromasentia.com\/de\/wp-json\/wp\/v2\/media?parent=239977"}],"wp:term":[{"taxonomy":"product_brand","embeddable":true,"href":"https:\/\/aromasentia.com\/de\/wp-json\/wp\/v2\/product_brand?post=239977"},{"taxonomy":"product_cat","embeddable":true,"href":"https:\/\/aromasentia.com\/de\/wp-json\/wp\/v2\/product_cat?post=239977"},{"taxonomy":"product_tag","embeddable":true,"href":"https:\/\/aromasentia.com\/de\/wp-json\/wp\/v2\/product_tag?post=239977"}],"curies":[{"name":"wp","href":"https:\/\/api.w.org\/{rel}","templated":true}]}}