{"id":239957,"date":"2025-03-20T16:43:54","date_gmt":"2025-03-20T16:43:54","guid":{"rendered":"https:\/\/aromasentia.com\/product\/coconut-and-lime-solid-shampoo-120g\/"},"modified":"2025-12-30T20:33:31","modified_gmt":"2025-12-30T20:33:31","slug":"coconut-and-lime-solid-shampoo-120g","status":"publish","type":"product","link":"https:\/\/aromasentia.com\/de\/coconut-and-lime-solid-shampoo-120g\/","title":{"rendered":"Coconut and Lime  Solid Shampoo &#8211; 120g"},"content":{"rendered":"<p><strong>Festes Shampoo mit Kokosnuss und Limette \u2013 90 g<\/strong> \u2013 <span style=\"color: rgb(75, 80, 88);\">Angereichert mit der Essenz von \u00e4therischem Limetten\u00f6l und Kokosnussduft bietet dieses Shampoo ein exotisches, fruchtiges Aroma, das die Sinne bet\u00f6rt. Die Formel spendet stumpfem oder trockenem Haar Feuchtigkeit, pflegt es und stellt seinen nat\u00fcrlichen Glanz wieder her, sodass ein strahlend sauberes Finish entsteht.<\/span><\/p>\n<p><span style=\"color: rgb(75, 80, 88);\">Unsere aktualisierte Formel basiert auf Argan\u00f6l und ist frei von SLS, was ein noch intensiveres Reinigungserlebnis gew\u00e4hrleistet.&nbsp;<\/span><\/p>\n<p><span style=\"color: rgb(75, 80, 88);\">Diese Seifen werden von Hand mit \u00e4therischen \u00d6len und in leuchtenden Farben hergestellt und eignen sich perfekt f\u00fcr unterwegs, da sie sauber und praktisch sind.<\/span><\/p>\n<p><span style=\"color: rgb(75, 80, 88);\">Jedes St\u00fcck ist sorgf\u00e4ltig in Wachspapier eingewickelt, mit einem Zutatenetikett versehen und wiegt ungef\u00e4hr 90\u2013100 g.<\/span><\/p>\n<p><span style=\"color: rgb(75, 80, 88);\"><strong>Bitte beachten: Da unsere Shampoo-Riegel handgefertigt sind, kann die Farbe leicht von den angezeigten Bildern abweichen.<\/strong><\/span><\/p>\n","protected":false},"excerpt":{"rendered":"<p>Festes Shampoo mit Kokosnuss und Limette \u2013 90 g \u2013 Angereichert mit der Essenz von \u00e4therischem Limetten\u00f6l und Kokosnussduft bietet dieses Shampoo ein exotisches, fruchtiges Aroma, das die Sinne bet\u00f6rt. Die Formel spendet stumpfem oder trockenem Haar Feuchtigkeit, pflegt es und stellt seinen nat\u00fcrlichen Glanz wieder her, sodass ein strahlend sauberes Finish entsteht. Unsere aktualisierte [&hellip;]<\/p>\n","protected":false},"featured_media":283009,"comment_status":"closed","ping_status":"open","template":"","meta":{"_angie_page":false},"product_brand":[],"product_cat":[19448,25841,20553,26256,26819],"product_tag":[],"class_list":{"0":"post-239957","1":"product","2":"type-product","3":"status-publish","4":"has-post-thumbnail","6":"product_cat-bad-und-korper","7":"product_cat-dufte-aromen","8":"product_cat-haarpflege","9":"product_cat-limette","10":"product_cat-zitrus","11":"pa_collection-solid-shampoo-with-argan-base-de","12":"pa_made-in-vereinigtes-koenigreich","13":"pa_size-100g","15":"first","16":"outofstock","17":"purchasable","18":"product-type-simple"},"supplier_id":null,"supplier_sku":"DSSolid-06","barcode":null,"atum_controlled":true,"out_stock_date":"2026-04-25 15:15:15","out_stock_threshold":null,"inheritable":false,"inbound_stock":null,"stock_on_hold":0,"sold_today":0,"sales_last_days":0,"reserved_stock":null,"customer_returns":null,"warehouse_damage":null,"lost_in_post":null,"other_logs":null,"out_stock_days":0,"lost_sales":0,"has_location":null,"update_date":"2026-04-27T06:59:51","atum_locations":[],"atum_stock_status":"outofstock","restock_status":false,"low_stock_amount":"","sales_update_date":"2025-10-09T03:29:20","calc_backorders":null,"_links":{"self":[{"href":"https:\/\/aromasentia.com\/de\/wp-json\/wp\/v2\/product\/239957","targetHints":{"allow":["GET"]}}],"collection":[{"href":"https:\/\/aromasentia.com\/de\/wp-json\/wp\/v2\/product"}],"about":[{"href":"https:\/\/aromasentia.com\/de\/wp-json\/wp\/v2\/types\/product"}],"replies":[{"embeddable":true,"href":"https:\/\/aromasentia.com\/de\/wp-json\/wp\/v2\/comments?post=239957"}],"version-history":[{"count":0,"href":"https:\/\/aromasentia.com\/de\/wp-json\/wp\/v2\/product\/239957\/revisions"}],"wp:featuredmedia":[{"embeddable":true,"href":"https:\/\/aromasentia.com\/de\/wp-json\/wp\/v2\/media\/283009"}],"wp:attachment":[{"href":"https:\/\/aromasentia.com\/de\/wp-json\/wp\/v2\/media?parent=239957"}],"wp:term":[{"taxonomy":"product_brand","embeddable":true,"href":"https:\/\/aromasentia.com\/de\/wp-json\/wp\/v2\/product_brand?post=239957"},{"taxonomy":"product_cat","embeddable":true,"href":"https:\/\/aromasentia.com\/de\/wp-json\/wp\/v2\/product_cat?post=239957"},{"taxonomy":"product_tag","embeddable":true,"href":"https:\/\/aromasentia.com\/de\/wp-json\/wp\/v2\/product_tag?post=239957"}],"curies":[{"name":"wp","href":"https:\/\/api.w.org\/{rel}","templated":true}]}}