{"id":239949,"date":"2025-03-20T16:43:54","date_gmt":"2025-03-20T16:43:54","guid":{"rendered":"https:\/\/aromasentia.com\/product\/chamomile-lemon-solid-shampoo-120g\/"},"modified":"2025-12-30T20:33:31","modified_gmt":"2025-12-30T20:33:31","slug":"chamomile-lemon-solid-shampoo-120g","status":"publish","type":"product","link":"https:\/\/aromasentia.com\/de\/chamomile-lemon-solid-shampoo-120g\/","title":{"rendered":"Chamomile &#038; Lemon Solid Shampoo &#8211; 120g"},"content":{"rendered":"<p style=\"text-align: left;\"><strong><span style=\"color: rgb(75, 80, 88);\">Festes Shampoo mit Kamille und Zitrone \u2013 90\u00a0g<\/span><\/strong><span style=\"color: rgb(75, 80, 88);\"> \u2013 Dieses Shampoo wurde mit der Essenz von Kamille und \u00e4therischem Zitronen\u00f6l hergestellt und bietet einen erfrischenden Duft, der speziell f\u00fcr blondes und gestr\u00e4hntes Haar entwickelt wurde. Es zielt darauf ab, die Farbe und den Glanz Ihrer Locken zu verbessern und sie lebendig und strahlend zu machen.<\/span><\/p>\n<p style=\"text-align: left;\"><span style=\"color: rgb(75, 80, 88);\">Unsere aktualisierte Formel basiert auf Argan\u00f6l und ist frei von SLS, was ein noch reichhaltigeres Reinigungserlebnis gew\u00e4hrleistet.&nbsp;<\/span><\/p>\n<p style=\"text-align: left;\"><span style=\"color: rgb(75, 80, 88);\">Diese Seifen werden von Hand mit \u00e4therischen \u00d6len und in leuchtenden Farben hergestellt und eignen sich perfekt f\u00fcr unterwegs und bieten sauberen Komfort.<\/span><\/p>\n<p style=\"text-align: left;\"><span style=\"color: rgb(75, 80, 88);\">Jedes St\u00fcck ist sorgf\u00e4ltig in Wachspapier eingewickelt, mit einem Zutatenetikett versehen und wiegt ungef\u00e4hr 115 g.<\/span><\/p>\n<p style=\"text-align: left;\"><span style=\"color: rgb(75, 80, 88);\"><strong>Bitte beachten: Da unsere Shampoo-Riegel handgefertigt sind, kann die Farbe leicht von den angezeigten Bildern abweichen.<\/strong><\/span><strong><span style=\"color: rgb(75, 80, 88);\">&nbsp;<\/span><\/strong><\/p>\n","protected":false},"excerpt":{"rendered":"<p>Festes Shampoo mit Kamille und Zitrone \u2013 90\u00a0g \u2013 Dieses Shampoo wurde mit der Essenz von Kamille und \u00e4therischem Zitronen\u00f6l hergestellt und bietet einen erfrischenden Duft, der speziell f\u00fcr blondes und gestr\u00e4hntes Haar entwickelt wurde. Es zielt darauf ab, die Farbe und den Glanz Ihrer Locken zu verbessern und sie lebendig und strahlend zu machen. [&hellip;]<\/p>\n","protected":false},"featured_media":282991,"comment_status":"closed","ping_status":"open","template":"","meta":{"_angie_page":false},"product_brand":[],"product_cat":[19448,26833,25841,20553,26130,26238,26819],"product_tag":[],"class_list":{"0":"post-239949","1":"product","2":"type-product","3":"status-publish","4":"has-post-thumbnail","6":"product_cat-bad-und-korper","7":"product_cat-blumig","8":"product_cat-dufte-aromen","9":"product_cat-haarpflege","10":"product_cat-romische-kamille","11":"product_cat-zitrone","12":"product_cat-zitrus","13":"pa_collection-solid-shampoo-with-argan-base-de","14":"pa_made-in-vereinigtes-koenigreich","15":"pa_size-100g","17":"first","18":"outofstock","19":"purchasable","20":"product-type-simple"},"supplier_id":null,"supplier_sku":"DSSolid-04","barcode":null,"atum_controlled":true,"out_stock_date":"2026-04-25 15:15:12","out_stock_threshold":null,"inheritable":false,"inbound_stock":null,"stock_on_hold":0,"sold_today":0,"sales_last_days":0,"reserved_stock":null,"customer_returns":null,"warehouse_damage":null,"lost_in_post":null,"other_logs":null,"out_stock_days":0,"lost_sales":0,"has_location":null,"update_date":"2026-04-29T06:54:08","atum_locations":[],"atum_stock_status":"outofstock","restock_status":false,"low_stock_amount":"","sales_update_date":"2025-10-09T03:29:20","calc_backorders":null,"_links":{"self":[{"href":"https:\/\/aromasentia.com\/de\/wp-json\/wp\/v2\/product\/239949","targetHints":{"allow":["GET"]}}],"collection":[{"href":"https:\/\/aromasentia.com\/de\/wp-json\/wp\/v2\/product"}],"about":[{"href":"https:\/\/aromasentia.com\/de\/wp-json\/wp\/v2\/types\/product"}],"replies":[{"embeddable":true,"href":"https:\/\/aromasentia.com\/de\/wp-json\/wp\/v2\/comments?post=239949"}],"version-history":[{"count":0,"href":"https:\/\/aromasentia.com\/de\/wp-json\/wp\/v2\/product\/239949\/revisions"}],"wp:featuredmedia":[{"embeddable":true,"href":"https:\/\/aromasentia.com\/de\/wp-json\/wp\/v2\/media\/282991"}],"wp:attachment":[{"href":"https:\/\/aromasentia.com\/de\/wp-json\/wp\/v2\/media?parent=239949"}],"wp:term":[{"taxonomy":"product_brand","embeddable":true,"href":"https:\/\/aromasentia.com\/de\/wp-json\/wp\/v2\/product_brand?post=239949"},{"taxonomy":"product_cat","embeddable":true,"href":"https:\/\/aromasentia.com\/de\/wp-json\/wp\/v2\/product_cat?post=239949"},{"taxonomy":"product_tag","embeddable":true,"href":"https:\/\/aromasentia.com\/de\/wp-json\/wp\/v2\/product_tag?post=239949"}],"curies":[{"name":"wp","href":"https:\/\/api.w.org\/{rel}","templated":true}]}}