{"id":239941,"date":"2025-03-20T16:43:54","date_gmt":"2025-03-20T16:43:54","guid":{"rendered":"https:\/\/aromasentia.com\/product\/thyme-mint-solid-shampoo-120g\/"},"modified":"2025-12-30T20:33:24","modified_gmt":"2025-12-30T20:33:24","slug":"thyme-mint-solid-shampoo-120g","status":"publish","type":"product","link":"https:\/\/aromasentia.com\/de\/thyme-mint-solid-shampoo-120g\/","title":{"rendered":"Thyme &#038; Mint Solid Shampoo &#8211; 120g"},"content":{"rendered":"<p><strong>Festes Shampoo mit Thymian und Minze \u2013 90 g<\/strong> \u2013 <span style=\"color: rgb(75, 80, 88);\">\u00c4therisches Thymian\u00f6l ist bekannt f\u00fcr seine kopfhautstimulierenden Eigenschaften und soll belebend und erfrischend wirken. Wir haben es mit der reinigenden Essenz der Minze kombiniert, um ein Shampoo zu kreieren, das ein revitalisierendes Gef\u00fchl vermittelt. Diese Mischung wurde entwickelt, um m\u00f6glicherweise dabei zu helfen, eine schuppenfreie Kopfhaut zu erhalten und gleichzeitig den nat\u00fcrlichen Glanz Ihres Haares zu verbessern.<\/span><\/p>\n<p><span style=\"color: rgb(75, 80, 88);\">Unsere aktualisierte Formel basiert auf Argan\u00f6l und ist frei von SLS, was ein sanfteres Reinigungserlebnis gew\u00e4hrleistet.<\/span><\/p>\n<p><span style=\"color: rgb(75, 80, 88);\">Diese Seifen werden von Hand mit \u00e4therischen \u00d6len und in lebendigen Farbt\u00f6nen hergestellt und eignen sich perfekt f\u00fcr unterwegs und bieten sauberen Komfort.<\/span><\/p>\n<p><span style=\"color: rgb(75, 80, 88);\">Jedes St\u00fcck ist sorgf\u00e4ltig in Wachspapier eingewickelt, mit einem Zutatenetikett versehen und wiegt ungef\u00e4hr 90 &#8211; 100 g.<\/span><\/p>\n<p><span style=\"color: rgb(75, 80, 88);\"><strong>Bitte beachten Sie: Aufgrund der handgemachten Natur von Bei unseren Shampoo-Riegeln kann die Farbe leicht von den angezeigten Bildern abweichen.<\/strong><\/span><\/p>\n","protected":false},"excerpt":{"rendered":"<p>Festes Shampoo mit Thymian und Minze \u2013 90 g \u2013 \u00c4therisches Thymian\u00f6l ist bekannt f\u00fcr seine kopfhautstimulierenden Eigenschaften und soll belebend und erfrischend wirken. Wir haben es mit der reinigenden Essenz der Minze kombiniert, um ein Shampoo zu kreieren, das ein revitalisierendes Gef\u00fchl vermittelt. Diese Mischung wurde entwickelt, um m\u00f6glicherweise dabei zu helfen, eine schuppenfreie [&hellip;]<\/p>\n","protected":false},"featured_media":282973,"comment_status":"closed","ping_status":"open","template":"","meta":[],"product_brand":[],"product_cat":[19448,25841,20553,26861,26361],"product_tag":[],"class_list":{"0":"post-239941","1":"product","2":"type-product","3":"status-publish","4":"has-post-thumbnail","6":"product_cat-bad-und-korper","7":"product_cat-dufte-aromen","8":"product_cat-haarpflege","9":"product_cat-krauter-aromatisch","10":"product_cat-roter-thymian","11":"pa_collection-solid-shampoo-with-argan-base-de","12":"pa_made-in-vereinigtes-koenigreich","13":"pa_size-100g","15":"first","16":"instock","17":"purchasable","18":"product-type-simple"},"supplier_id":null,"supplier_sku":"DSSolid-02","barcode":null,"atum_controlled":true,"out_stock_date":null,"out_stock_threshold":null,"inheritable":false,"inbound_stock":null,"stock_on_hold":0,"sold_today":0,"sales_last_days":0,"reserved_stock":null,"customer_returns":null,"warehouse_damage":null,"lost_in_post":null,"other_logs":null,"out_stock_days":0,"lost_sales":0,"has_location":null,"update_date":"2026-02-11T08:33:16","atum_locations":[],"atum_stock_status":"instock","restock_status":false,"low_stock_amount":"","sales_update_date":"2025-10-09T03:29:20","calc_backorders":null,"_links":{"self":[{"href":"https:\/\/aromasentia.com\/de\/wp-json\/wp\/v2\/product\/239941","targetHints":{"allow":["GET"]}}],"collection":[{"href":"https:\/\/aromasentia.com\/de\/wp-json\/wp\/v2\/product"}],"about":[{"href":"https:\/\/aromasentia.com\/de\/wp-json\/wp\/v2\/types\/product"}],"replies":[{"embeddable":true,"href":"https:\/\/aromasentia.com\/de\/wp-json\/wp\/v2\/comments?post=239941"}],"version-history":[{"count":0,"href":"https:\/\/aromasentia.com\/de\/wp-json\/wp\/v2\/product\/239941\/revisions"}],"wp:featuredmedia":[{"embeddable":true,"href":"https:\/\/aromasentia.com\/de\/wp-json\/wp\/v2\/media\/282973"}],"wp:attachment":[{"href":"https:\/\/aromasentia.com\/de\/wp-json\/wp\/v2\/media?parent=239941"}],"wp:term":[{"taxonomy":"product_brand","embeddable":true,"href":"https:\/\/aromasentia.com\/de\/wp-json\/wp\/v2\/product_brand?post=239941"},{"taxonomy":"product_cat","embeddable":true,"href":"https:\/\/aromasentia.com\/de\/wp-json\/wp\/v2\/product_cat?post=239941"},{"taxonomy":"product_tag","embeddable":true,"href":"https:\/\/aromasentia.com\/de\/wp-json\/wp\/v2\/product_tag?post=239941"}],"curies":[{"name":"wp","href":"https:\/\/api.w.org\/{rel}","templated":true}]}}