{"id":239929,"date":"2025-03-20T16:43:54","date_gmt":"2025-03-20T16:43:54","guid":{"rendered":"https:\/\/aromasentia.com\/product\/ginger-solid-shampoo-loaf\/"},"modified":"2025-12-30T20:33:24","modified_gmt":"2025-12-30T20:33:24","slug":"ingwer-foerdert-die-durchblutung-der-kopfhaut-und-kann-das-haarwachstum-anregen","status":"publish","type":"product","link":"https:\/\/aromasentia.com\/de\/ingwer-foerdert-die-durchblutung-der-kopfhaut-und-kann-das-haarwachstum-anregen\/","title":{"rendered":"Ingwer &#8211; f\u00f6rdert die Durchblutung der Kopfhaut und kann das Haarwachstum anregen"},"content":{"rendered":"<p>Ginger Festes Shampoo hat einen warmen, w\u00fcrzigen Duft, der belebend wirkt. Dieses nat\u00fcrliche feste Shampoo f\u00f6rdert die Durchblutung und sorgt f\u00fcr schnelleres Haarwachstum.<\/p>\n<p>Shampoo-Riegel sind ein rein nat\u00fcrliches Pflegeshampoo in fester Riegelform. Unser festes Shampoo wird aus hochwertigen Pflanzen\u00f6len auf Arganbasis hergestellt. Es bildet einen wunderbar dichten, cremigen Schaum, der das Haar auf nat\u00fcrliche Weise pflegt. Diese festen Shampoos sind mit reinen \u00e4therischen \u00d6len parf\u00fcmiert und sorgen f\u00fcr einen umwerfenden nat\u00fcrlichen Duft.<\/p>\n<p>Immer mehr Menschen machen sich zunehmend Gedanken \u00fcber den Plastikverbrauch in der Kosmetikindustrie und die damit verbundene Verschmutzung. Feste Shampoos sind umweltfreundlich, da Sie keine Flaschen und Verpackungen verschwenden. Sie schonen auch Ihr Budget, denn festes Shampoo h\u00e4lt 2-5 mal l\u00e4nger als fl\u00fcssige Produkte.<\/p>\n","protected":false},"excerpt":{"rendered":"<p>Ginger Festes Shampoo hat einen warmen, w\u00fcrzigen Duft, der belebend wirkt. Dieses nat\u00fcrliche feste Shampoo f\u00f6rdert die Durchblutung und sorgt f\u00fcr schnelleres Haarwachstum. Shampoo-Riegel sind ein rein nat\u00fcrliches Pflegeshampoo in fester Riegelform. Unser festes Shampoo wird aus hochwertigen Pflanzen\u00f6len auf Arganbasis hergestellt. Es bildet einen wunderbar dichten, cremigen Schaum, der das Haar auf nat\u00fcrliche Weise [&hellip;]<\/p>\n","protected":false},"featured_media":282882,"comment_status":"closed","ping_status":"open","template":"","meta":[],"product_brand":[],"product_cat":[19448,25841,26195,20553,26889],"product_tag":[],"class_list":{"0":"post-239929","1":"product","2":"type-product","3":"status-publish","4":"has-post-thumbnail","6":"product_cat-bad-und-korper","7":"product_cat-dufte-aromen","8":"product_cat-geranie","9":"product_cat-haarpflege","10":"product_cat-wurzig","11":"pa_collection-solid-shampoo-with-argan-base-de","12":"pa_made-in-vereinigtes-koenigreich","14":"first","15":"outofstock","16":"purchasable","17":"product-type-simple"},"supplier_id":null,"supplier_sku":"Solid-09","barcode":null,"atum_controlled":true,"out_stock_date":"2025-12-11 15:23:33","out_stock_threshold":null,"inheritable":false,"inbound_stock":null,"stock_on_hold":0,"sold_today":0,"sales_last_days":0,"reserved_stock":null,"customer_returns":null,"warehouse_damage":null,"lost_in_post":null,"other_logs":null,"out_stock_days":49,"lost_sales":0,"has_location":null,"update_date":"2026-01-30T01:24:21","atum_locations":[],"atum_stock_status":"outofstock","restock_status":false,"low_stock_amount":"","sales_update_date":"2026-01-30T01:24:21","calc_backorders":null,"_links":{"self":[{"href":"https:\/\/aromasentia.com\/de\/wp-json\/wp\/v2\/product\/239929","targetHints":{"allow":["GET"]}}],"collection":[{"href":"https:\/\/aromasentia.com\/de\/wp-json\/wp\/v2\/product"}],"about":[{"href":"https:\/\/aromasentia.com\/de\/wp-json\/wp\/v2\/types\/product"}],"replies":[{"embeddable":true,"href":"https:\/\/aromasentia.com\/de\/wp-json\/wp\/v2\/comments?post=239929"}],"version-history":[{"count":0,"href":"https:\/\/aromasentia.com\/de\/wp-json\/wp\/v2\/product\/239929\/revisions"}],"wp:featuredmedia":[{"embeddable":true,"href":"https:\/\/aromasentia.com\/de\/wp-json\/wp\/v2\/media\/282882"}],"wp:attachment":[{"href":"https:\/\/aromasentia.com\/de\/wp-json\/wp\/v2\/media?parent=239929"}],"wp:term":[{"taxonomy":"product_brand","embeddable":true,"href":"https:\/\/aromasentia.com\/de\/wp-json\/wp\/v2\/product_brand?post=239929"},{"taxonomy":"product_cat","embeddable":true,"href":"https:\/\/aromasentia.com\/de\/wp-json\/wp\/v2\/product_cat?post=239929"},{"taxonomy":"product_tag","embeddable":true,"href":"https:\/\/aromasentia.com\/de\/wp-json\/wp\/v2\/product_tag?post=239929"}],"curies":[{"name":"wp","href":"https:\/\/api.w.org\/{rel}","templated":true}]}}