{"id":239885,"date":"2025-03-20T16:45:23","date_gmt":"2025-03-20T16:45:23","guid":{"rendered":"https:\/\/aromasentia.com\/product\/enchanting-heart-heaven\/"},"modified":"2025-12-30T20:33:16","modified_gmt":"2025-12-30T20:33:16","slug":"bezaubernder-herzhimmel","status":"publish","type":"product","link":"https:\/\/aromasentia.com\/de\/bezaubernder-herzhimmel\/","title":{"rendered":"Bezaubernder Herzhimmel"},"content":{"rendered":"<p><span style=\"color: rgb(75, 80, 88);\">Wir stellen das <strong>Aromatherapie-Set \u201eEnchanting Heart Heaven\u201c vor \u2013 ein absolutes Muss f\u00fcr Bad und K\u00f6rperpflege!<\/strong><\/span><\/p>\n<p><span style=\"color: rgb(75, 80, 88);\">Verw\u00f6hnen Sie Ihre Kunden mit einem himmlischen Erlebnis mit <strong>Muskatellersalbei &#038; Wacholder-Badebombe<\/strong>, <strong>Himalaya-Badesalz<\/strong> und <strong>Lavendelbl\u00fcten<\/strong>.<\/span><\/p>\n<p><span style=\"color: rgb(75, 80, 88);\">Jedes Set wird in Gro\u00dfbritannien von Hand gefertigt und ist ein Beweis f\u00fcr Qualit\u00e4t, Luxus und Engagement f\u00fcr den Umweltschutz.&nbsp;<\/span><\/p>\n<p><span style=\"color: rgb(75, 80, 88);\">Bieten Sie Ihren Kunden eine Reise durch ruhige D\u00fcfte und wohltuende B\u00e4der, bei der jedes Element ein Schritt in Richtung Gelassenheit ist.<\/span><\/p>\n<p><span style=\"color: rgb(75, 80, 88);\">Gewicht der Badebombe: ca. 0,140 kg<\/span><\/p>\n<p><span style=\"color: rgb(75, 80, 88);\">Gewicht des Himalaya-Salzes: ca. 0,050 kg<\/span><\/p>\n<p><span style=\"color: rgb(75, 80, 88);\">Gewicht der Bl\u00fctenbl\u00e4tter: ca. 0,005 kg<\/span><\/p>\n","protected":false},"excerpt":{"rendered":"<p>Wir stellen das Aromatherapie-Set \u201eEnchanting Heart Heaven\u201c vor \u2013 ein absolutes Muss f\u00fcr Bad und K\u00f6rperpflege! Verw\u00f6hnen Sie Ihre Kunden mit einem himmlischen Erlebnis mit Muskatellersalbei &#038; Wacholder-Badebombe, Himalaya-Badesalz und Lavendelbl\u00fcten. Jedes Set wird in Gro\u00dfbritannien von Hand gefertigt und ist ein Beweis f\u00fcr Qualit\u00e4t, Luxus und Engagement f\u00fcr den Umweltschutz.&nbsp; Bieten Sie Ihren Kunden [&hellip;]<\/p>\n","protected":false},"featured_media":283262,"comment_status":"closed","ping_status":"open","template":"","meta":[],"product_brand":[],"product_cat":[19448],"product_tag":[],"class_list":{"0":"post-239885","1":"product","2":"type-product","3":"status-publish","4":"has-post-thumbnail","6":"product_cat-bad-und-korper","7":"pa_collection-aromatherapy-set-bath-bomb-himalayan-baths-salt-and-flowers-de","8":"pa_made-in-vereinigtes-koenigreich","10":"first","11":"outofstock","12":"purchasable","13":"product-type-simple"},"supplier_id":null,"supplier_sku":"EBBS-03","barcode":null,"atum_controlled":true,"out_stock_date":"2026-01-26 01:09:54","out_stock_threshold":null,"inheritable":false,"inbound_stock":null,"stock_on_hold":0,"sold_today":0,"sales_last_days":0,"reserved_stock":null,"customer_returns":null,"warehouse_damage":null,"lost_in_post":null,"other_logs":null,"out_stock_days":10,"lost_sales":0,"has_location":null,"update_date":"2026-02-06T00:02:17","atum_locations":[],"atum_stock_status":"outofstock","restock_status":false,"low_stock_amount":"","sales_update_date":"2026-02-06T00:02:17","calc_backorders":null,"_links":{"self":[{"href":"https:\/\/aromasentia.com\/de\/wp-json\/wp\/v2\/product\/239885","targetHints":{"allow":["GET"]}}],"collection":[{"href":"https:\/\/aromasentia.com\/de\/wp-json\/wp\/v2\/product"}],"about":[{"href":"https:\/\/aromasentia.com\/de\/wp-json\/wp\/v2\/types\/product"}],"replies":[{"embeddable":true,"href":"https:\/\/aromasentia.com\/de\/wp-json\/wp\/v2\/comments?post=239885"}],"version-history":[{"count":0,"href":"https:\/\/aromasentia.com\/de\/wp-json\/wp\/v2\/product\/239885\/revisions"}],"wp:featuredmedia":[{"embeddable":true,"href":"https:\/\/aromasentia.com\/de\/wp-json\/wp\/v2\/media\/283262"}],"wp:attachment":[{"href":"https:\/\/aromasentia.com\/de\/wp-json\/wp\/v2\/media?parent=239885"}],"wp:term":[{"taxonomy":"product_brand","embeddable":true,"href":"https:\/\/aromasentia.com\/de\/wp-json\/wp\/v2\/product_brand?post=239885"},{"taxonomy":"product_cat","embeddable":true,"href":"https:\/\/aromasentia.com\/de\/wp-json\/wp\/v2\/product_cat?post=239885"},{"taxonomy":"product_tag","embeddable":true,"href":"https:\/\/aromasentia.com\/de\/wp-json\/wp\/v2\/product_tag?post=239885"}],"curies":[{"name":"wp","href":"https:\/\/api.w.org\/{rel}","templated":true}]}}