{"id":239753,"date":"2025-03-20T16:47:59","date_gmt":"2025-03-20T16:47:59","guid":{"rendered":"https:\/\/aromasentia.com\/product\/ginger-orange-hand-body-wash-300ml\/"},"modified":"2025-12-30T20:33:01","modified_gmt":"2025-12-30T20:33:01","slug":"ingwer-orange-hand-und-duschgel-300ml","status":"publish","type":"product","link":"https:\/\/aromasentia.com\/de\/ingwer-orange-hand-und-duschgel-300ml\/","title":{"rendered":"Ingwer &#038; Orange Hand- und Duschgel 300ml"},"content":{"rendered":"<p><strong>Ingwer &#038; Orange Hand &amp; Body Wash<\/strong> ist ein erfrischendes und belebendes Produkt, das entwickelt wurde, um die Haut zu reinigen und zu pflegen, w\u00e4hrend es gleichzeitig eine anregende und belebende Erfahrung bietet.<\/p>\n<p>Der Ingwer bietet einen warmen und w\u00fcrzigen Duft, der sowohl anregend als auch belebend ist. Er wird oft in der Aromatherapie verwendet, um Stress abzubauen und das Gef\u00fchl der Entspannung zu f\u00f6rdern. Die Orange hat einen hellen und zitrusartigen Duft, der sowohl erfrischend als auch belebend ist.<\/p>\n<p>Dieses Hand- und K\u00f6rperwaschmittel sch\u00e4umt leicht auf und l\u00e4sst sich leicht absp\u00fclen, so dass sich die Haut weich und glatt anf\u00fchlt. Es ist perfekt f\u00fcr die Verwendung in der Dusche oder Badewanne und kann t\u00e4glich verwendet werden, um die Haut sauber, mit Feuchtigkeit versorgt und erfrischt zu halten.<\/p>\n","protected":false},"excerpt":{"rendered":"<p>Ingwer &#038; Orange Hand &amp; Body Wash ist ein erfrischendes und belebendes Produkt, das entwickelt wurde, um die Haut zu reinigen und zu pflegen, w\u00e4hrend es gleichzeitig eine anregende und belebende Erfahrung bietet. Der Ingwer bietet einen warmen und w\u00fcrzigen Duft, der sowohl anregend als auch belebend ist. Er wird oft in der Aromatherapie verwendet, [&hellip;]<\/p>\n","protected":false},"featured_media":284222,"comment_status":"closed","ping_status":"open","template":"","meta":{"_angie_page":false},"product_brand":[27070],"product_cat":[19448,25841,26195,20989,26308,26889,26819],"product_tag":[],"class_list":{"0":"post-239753","1":"product","2":"type-product","3":"status-publish","4":"has-post-thumbnail","6":"product_brand-aw-cosmetics","7":"product_cat-bad-und-korper","8":"product_cat-dufte-aromen","9":"product_cat-geranie","10":"product_cat-korperpflege","11":"product_cat-orange","12":"product_cat-wurzig","13":"product_cat-zitrus","14":"pa_collection-fragranced-hand-body-wash-de","15":"pa_made-in-vereinigtes-koenigreich","16":"pa_size-300ml","18":"first","19":"instock","20":"purchasable","21":"product-type-simple"},"supplier_id":null,"supplier_sku":"FHBW-01","barcode":null,"atum_controlled":true,"out_stock_date":null,"out_stock_threshold":null,"inheritable":false,"inbound_stock":null,"stock_on_hold":0,"sold_today":0,"sales_last_days":0,"reserved_stock":null,"customer_returns":null,"warehouse_damage":null,"lost_in_post":null,"other_logs":null,"out_stock_days":0,"lost_sales":0,"has_location":null,"update_date":"2026-04-27T07:03:21","atum_locations":[],"atum_stock_status":"instock","restock_status":false,"low_stock_amount":"","sales_update_date":"2025-09-05T00:19:10","calc_backorders":null,"_links":{"self":[{"href":"https:\/\/aromasentia.com\/de\/wp-json\/wp\/v2\/product\/239753","targetHints":{"allow":["GET"]}}],"collection":[{"href":"https:\/\/aromasentia.com\/de\/wp-json\/wp\/v2\/product"}],"about":[{"href":"https:\/\/aromasentia.com\/de\/wp-json\/wp\/v2\/types\/product"}],"replies":[{"embeddable":true,"href":"https:\/\/aromasentia.com\/de\/wp-json\/wp\/v2\/comments?post=239753"}],"version-history":[{"count":0,"href":"https:\/\/aromasentia.com\/de\/wp-json\/wp\/v2\/product\/239753\/revisions"}],"wp:featuredmedia":[{"embeddable":true,"href":"https:\/\/aromasentia.com\/de\/wp-json\/wp\/v2\/media\/284222"}],"wp:attachment":[{"href":"https:\/\/aromasentia.com\/de\/wp-json\/wp\/v2\/media?parent=239753"}],"wp:term":[{"taxonomy":"product_brand","embeddable":true,"href":"https:\/\/aromasentia.com\/de\/wp-json\/wp\/v2\/product_brand?post=239753"},{"taxonomy":"product_cat","embeddable":true,"href":"https:\/\/aromasentia.com\/de\/wp-json\/wp\/v2\/product_cat?post=239753"},{"taxonomy":"product_tag","embeddable":true,"href":"https:\/\/aromasentia.com\/de\/wp-json\/wp\/v2\/product_tag?post=239753"}],"curies":[{"name":"wp","href":"https:\/\/api.w.org\/{rel}","templated":true}]}}