{"id":239749,"date":"2025-03-20T16:47:59","date_gmt":"2025-03-20T16:47:59","guid":{"rendered":"https:\/\/aromasentia.com\/product\/blackberry-almond-hand-body-wash-300ml\/"},"modified":"2025-12-30T20:33:01","modified_gmt":"2025-12-30T20:33:01","slug":"brombeer-und-mandel-hand-und-duschgel-300-ml","status":"publish","type":"product","link":"https:\/\/aromasentia.com\/de\/brombeer-und-mandel-hand-und-duschgel-300-ml\/","title":{"rendered":"Brombeer- und Mandel-Hand- und Duschgel 300 ml"},"content":{"rendered":"<h2>Revitalisieren und erfrischen Sie sich mit 4x Blackberry &amp; Almond Hand &amp; Body Wash 300ml<\/h2>\n<p><strong>Bromberry &amp; Almond Hand &amp; Body Wash<\/strong> ist ein luxuri\u00f6ses und pflegendes Produkt, das die Haut reinigt und mit Feuchtigkeit versorgt und gleichzeitig einen herrlichen und s\u00fc\u00dfen Duft verstr\u00f6mt.<\/p>\n<p>Die Brombeere sorgt f\u00fcr einen s\u00fc\u00dfen und fruchtigen Duft, der sowohl erfrischend als auch k\u00f6stlich ist. Mandel hingegen hat einen warmen und nussigen Duft, der sowohl beruhigend als auch verw\u00f6hnend ist.<\/p>\n<p>Dieses Hand- und K\u00f6rperwaschmittel sch\u00e4umt leicht auf und l\u00e4sst sich leicht absp\u00fclen, so dass sich die Haut weich und glatt anf\u00fchlt. Es ist perfekt f\u00fcr die Verwendung in der Dusche oder in der Badewanne und kann t\u00e4glich verwendet werden, um die <a href=\"https:\/\/aromasentia.com\/wsp\" rel=\"noopener noreferrer\" target=\"_blank\">Haut sauber<\/a>, mit Feuchtigkeit versorgt und erfrischt zu halten.<\/p>\n<p><strong>Testen Sie es noch heute und heben Sie Ihre Baderoutine auf eine neue Ebene des Genusses!<\/strong> <\/p>\n","protected":false},"excerpt":{"rendered":"<p>Revitalisieren und erfrischen Sie sich mit 4x Blackberry &amp; Almond Hand &amp; Body Wash 300ml Bromberry &amp; Almond Hand &amp; Body Wash ist ein luxuri\u00f6ses und pflegendes Produkt, das die Haut reinigt und mit Feuchtigkeit versorgt und gleichzeitig einen herrlichen und s\u00fc\u00dfen Duft verstr\u00f6mt. Die Brombeere sorgt f\u00fcr einen s\u00fc\u00dfen und fruchtigen Duft, der sowohl [&hellip;]<\/p>\n","protected":false},"featured_media":284213,"comment_status":"closed","ping_status":"open","template":"","meta":{"_angie_page":false},"product_brand":[27070],"product_cat":[19448,26527,25841,26847,26854,20989,26559],"product_tag":[],"class_list":{"0":"post-239749","1":"product","2":"type-product","3":"status-publish","4":"has-post-thumbnail","6":"product_brand-aw-cosmetics","7":"product_cat-bad-und-korper","8":"product_cat-brombeere","9":"product_cat-dufte-aromen","10":"product_cat-fruchtig","11":"product_cat-gourmand","12":"product_cat-korperpflege","13":"product_cat-mandel","14":"pa_collection-fragranced-hand-body-wash-de","15":"pa_made-in-vereinigtes-koenigreich","16":"pa_size-300ml","18":"first","19":"instock","20":"purchasable","21":"product-type-simple"},"supplier_id":null,"supplier_sku":"FHBW-02","barcode":null,"atum_controlled":true,"out_stock_date":null,"out_stock_threshold":null,"inheritable":false,"inbound_stock":null,"stock_on_hold":0,"sold_today":0,"sales_last_days":0,"reserved_stock":null,"customer_returns":null,"warehouse_damage":null,"lost_in_post":null,"other_logs":null,"out_stock_days":0,"lost_sales":0,"has_location":null,"update_date":"2026-05-04T00:03:55","atum_locations":[],"atum_stock_status":"instock","restock_status":false,"low_stock_amount":"","sales_update_date":"2026-01-30T01:24:37","calc_backorders":null,"_links":{"self":[{"href":"https:\/\/aromasentia.com\/de\/wp-json\/wp\/v2\/product\/239749","targetHints":{"allow":["GET"]}}],"collection":[{"href":"https:\/\/aromasentia.com\/de\/wp-json\/wp\/v2\/product"}],"about":[{"href":"https:\/\/aromasentia.com\/de\/wp-json\/wp\/v2\/types\/product"}],"replies":[{"embeddable":true,"href":"https:\/\/aromasentia.com\/de\/wp-json\/wp\/v2\/comments?post=239749"}],"version-history":[{"count":0,"href":"https:\/\/aromasentia.com\/de\/wp-json\/wp\/v2\/product\/239749\/revisions"}],"wp:featuredmedia":[{"embeddable":true,"href":"https:\/\/aromasentia.com\/de\/wp-json\/wp\/v2\/media\/284213"}],"wp:attachment":[{"href":"https:\/\/aromasentia.com\/de\/wp-json\/wp\/v2\/media?parent=239749"}],"wp:term":[{"taxonomy":"product_brand","embeddable":true,"href":"https:\/\/aromasentia.com\/de\/wp-json\/wp\/v2\/product_brand?post=239749"},{"taxonomy":"product_cat","embeddable":true,"href":"https:\/\/aromasentia.com\/de\/wp-json\/wp\/v2\/product_cat?post=239749"},{"taxonomy":"product_tag","embeddable":true,"href":"https:\/\/aromasentia.com\/de\/wp-json\/wp\/v2\/product_tag?post=239749"}],"curies":[{"name":"wp","href":"https:\/\/api.w.org\/{rel}","templated":true}]}}