{"id":239745,"date":"2025-03-20T16:47:59","date_gmt":"2025-03-20T16:47:59","guid":{"rendered":"https:\/\/aromasentia.com\/product\/mango-lime-hand-body-wash-300ml\/"},"modified":"2025-12-30T20:33:01","modified_gmt":"2025-12-30T20:33:01","slug":"mango-lime-hand-und-duschgel-300-ml","status":"publish","type":"product","link":"https:\/\/aromasentia.com\/de\/mango-lime-hand-und-duschgel-300-ml\/","title":{"rendered":"Mango &#038; Lime Hand- und Duschgel 300 ml"},"content":{"rendered":"<p><strong>Mango &#038; Limette Hand &amp; Body Wash<\/strong> ist ein erfrischendes und belebendes Produkt, das die Haut reinigt und pflegt und gleichzeitig einen angenehmen und tropischen Duft verstr\u00f6mt.<\/p>\n<p>S\u00fc\u00dfe und fruchtige Mango ist sowohl erfrischend als auch tropisch. Limette hat einen hellen und zitrusartigen Duft, der sowohl belebend als auch erfrischend ist.<\/p>\n<p>Dieses Hand- und K\u00f6rperwaschmittel sch\u00e4umt leicht auf und l\u00e4sst sich leicht absp\u00fclen, so dass sich die Haut weich und glatt anf\u00fchlt. Es ist perfekt f\u00fcr die Verwendung in der Dusche oder Badewanne und kann t\u00e4glich verwendet werden, um die Haut sauber, mit Feuchtigkeit versorgt und erfrischt zu halten.<\/p>\n","protected":false},"excerpt":{"rendered":"<p>Mango &#038; Limette Hand &amp; Body Wash ist ein erfrischendes und belebendes Produkt, das die Haut reinigt und pflegt und gleichzeitig einen angenehmen und tropischen Duft verstr\u00f6mt. S\u00fc\u00dfe und fruchtige Mango ist sowohl erfrischend als auch tropisch. Limette hat einen hellen und zitrusartigen Duft, der sowohl belebend als auch erfrischend ist. Dieses Hand- und K\u00f6rperwaschmittel [&hellip;]<\/p>\n","protected":false},"featured_media":284204,"comment_status":"closed","ping_status":"open","template":"","meta":{"_angie_page":false},"product_brand":[27070],"product_cat":[19448,25841,20989,26256,26819],"product_tag":[],"class_list":{"0":"post-239745","1":"product","2":"type-product","3":"status-publish","4":"has-post-thumbnail","6":"product_brand-aw-cosmetics","7":"product_cat-bad-und-korper","8":"product_cat-dufte-aromen","9":"product_cat-korperpflege","10":"product_cat-limette","11":"product_cat-zitrus","12":"pa_collection-fragranced-hand-body-wash-de","13":"pa_made-in-vereinigtes-koenigreich","14":"pa_size-300ml","16":"first","17":"instock","18":"purchasable","19":"product-type-simple"},"supplier_id":null,"supplier_sku":"FHBW-03","barcode":null,"atum_controlled":true,"out_stock_date":null,"out_stock_threshold":null,"inheritable":false,"inbound_stock":null,"stock_on_hold":0,"sold_today":0,"sales_last_days":0,"reserved_stock":null,"customer_returns":null,"warehouse_damage":null,"lost_in_post":null,"other_logs":null,"out_stock_days":0,"lost_sales":0,"has_location":null,"update_date":"2026-04-27T07:03:21","atum_locations":[],"atum_stock_status":"instock","restock_status":false,"low_stock_amount":"","sales_update_date":"2026-01-30T01:24:44","calc_backorders":null,"_links":{"self":[{"href":"https:\/\/aromasentia.com\/de\/wp-json\/wp\/v2\/product\/239745","targetHints":{"allow":["GET"]}}],"collection":[{"href":"https:\/\/aromasentia.com\/de\/wp-json\/wp\/v2\/product"}],"about":[{"href":"https:\/\/aromasentia.com\/de\/wp-json\/wp\/v2\/types\/product"}],"replies":[{"embeddable":true,"href":"https:\/\/aromasentia.com\/de\/wp-json\/wp\/v2\/comments?post=239745"}],"version-history":[{"count":0,"href":"https:\/\/aromasentia.com\/de\/wp-json\/wp\/v2\/product\/239745\/revisions"}],"wp:featuredmedia":[{"embeddable":true,"href":"https:\/\/aromasentia.com\/de\/wp-json\/wp\/v2\/media\/284204"}],"wp:attachment":[{"href":"https:\/\/aromasentia.com\/de\/wp-json\/wp\/v2\/media?parent=239745"}],"wp:term":[{"taxonomy":"product_brand","embeddable":true,"href":"https:\/\/aromasentia.com\/de\/wp-json\/wp\/v2\/product_brand?post=239745"},{"taxonomy":"product_cat","embeddable":true,"href":"https:\/\/aromasentia.com\/de\/wp-json\/wp\/v2\/product_cat?post=239745"},{"taxonomy":"product_tag","embeddable":true,"href":"https:\/\/aromasentia.com\/de\/wp-json\/wp\/v2\/product_tag?post=239745"}],"curies":[{"name":"wp","href":"https:\/\/api.w.org\/{rel}","templated":true}]}}