{"id":239741,"date":"2025-03-20T16:47:59","date_gmt":"2025-03-20T16:47:59","guid":{"rendered":"https:\/\/aromasentia.com\/product\/raspberry-pomegranate-hand-body-wash-300ml\/"},"modified":"2025-12-30T20:33:01","modified_gmt":"2025-12-30T20:33:01","slug":"himbeer-und-granatapfel-hand-und-duschgel-300-ml","status":"publish","type":"product","link":"https:\/\/aromasentia.com\/de\/himbeer-und-granatapfel-hand-und-duschgel-300-ml\/","title":{"rendered":"Himbeer- und Granatapfel-Hand- und Duschgel, 300 ml"},"content":{"rendered":"<p><strong>Himbeere &#038; Granatapfel Hand &amp; Body Wash<\/strong> ist ein luxuri\u00f6ses und pflegendes Produkt, das die Haut reinigt und mit Feuchtigkeit versorgt und gleichzeitig einen s\u00fc\u00dfen und fruchtigen Duft verstr\u00f6mt.<\/p>\n<p>Die Himbeere hat einen s\u00fc\u00dfen und fruchtigen Duft, der sowohl erfrischend als auch k\u00f6stlich ist. Der Granatapfel ist ein reichhaltiger und spritziger Duft, der sowohl belebend als auch verw\u00f6hnend ist.<\/p>\n<p>Dieses Hand- und K\u00f6rperwaschmittel sch\u00e4umt leicht auf und l\u00e4sst sich leicht absp\u00fclen, so dass sich die Haut weich und glatt anf\u00fchlt. Es ist perfekt f\u00fcr die Verwendung in der Dusche oder Badewanne und kann t\u00e4glich verwendet werden, um die Haut sauber, mit Feuchtigkeit versorgt und erfrischt zu halten.<\/p>\n<p>><\/p>\n","protected":false},"excerpt":{"rendered":"<p>Himbeere &#038; Granatapfel Hand &amp; Body Wash ist ein luxuri\u00f6ses und pflegendes Produkt, das die Haut reinigt und mit Feuchtigkeit versorgt und gleichzeitig einen s\u00fc\u00dfen und fruchtigen Duft verstr\u00f6mt. Die Himbeere hat einen s\u00fc\u00dfen und fruchtigen Duft, der sowohl erfrischend als auch k\u00f6stlich ist. Der Granatapfel ist ein reichhaltiger und spritziger Duft, der sowohl belebend [&hellip;]<\/p>\n","protected":false},"featured_media":284195,"comment_status":"closed","ping_status":"open","template":"","meta":{"_angie_page":false},"product_brand":[27070],"product_cat":[19448,25841,26847,26474,20989],"product_tag":[],"class_list":{"0":"post-239741","1":"product","2":"type-product","3":"status-publish","4":"has-post-thumbnail","6":"product_brand-aw-cosmetics","7":"product_cat-bad-und-korper","8":"product_cat-dufte-aromen","9":"product_cat-fruchtig","10":"product_cat-granatapfel","11":"product_cat-korperpflege","12":"pa_collection-fragranced-hand-body-wash-de","13":"pa_made-in-vereinigtes-koenigreich","14":"pa_size-300ml","16":"first","17":"instock","18":"purchasable","19":"product-type-simple"},"supplier_id":null,"supplier_sku":"FHBW-04","barcode":null,"atum_controlled":true,"out_stock_date":null,"out_stock_threshold":null,"inheritable":false,"inbound_stock":0,"stock_on_hold":0,"sold_today":0,"sales_last_days":0,"reserved_stock":0,"customer_returns":0,"warehouse_damage":0,"lost_in_post":0,"other_logs":0,"out_stock_days":0,"lost_sales":0,"has_location":false,"update_date":"2026-04-27T07:03:21","atum_locations":[],"atum_stock_status":"instock","restock_status":false,"low_stock_amount":"","sales_update_date":"2026-01-30T01:24:49","calc_backorders":null,"_links":{"self":[{"href":"https:\/\/aromasentia.com\/de\/wp-json\/wp\/v2\/product\/239741","targetHints":{"allow":["GET"]}}],"collection":[{"href":"https:\/\/aromasentia.com\/de\/wp-json\/wp\/v2\/product"}],"about":[{"href":"https:\/\/aromasentia.com\/de\/wp-json\/wp\/v2\/types\/product"}],"replies":[{"embeddable":true,"href":"https:\/\/aromasentia.com\/de\/wp-json\/wp\/v2\/comments?post=239741"}],"version-history":[{"count":0,"href":"https:\/\/aromasentia.com\/de\/wp-json\/wp\/v2\/product\/239741\/revisions"}],"wp:featuredmedia":[{"embeddable":true,"href":"https:\/\/aromasentia.com\/de\/wp-json\/wp\/v2\/media\/284195"}],"wp:attachment":[{"href":"https:\/\/aromasentia.com\/de\/wp-json\/wp\/v2\/media?parent=239741"}],"wp:term":[{"taxonomy":"product_brand","embeddable":true,"href":"https:\/\/aromasentia.com\/de\/wp-json\/wp\/v2\/product_brand?post=239741"},{"taxonomy":"product_cat","embeddable":true,"href":"https:\/\/aromasentia.com\/de\/wp-json\/wp\/v2\/product_cat?post=239741"},{"taxonomy":"product_tag","embeddable":true,"href":"https:\/\/aromasentia.com\/de\/wp-json\/wp\/v2\/product_tag?post=239741"}],"curies":[{"name":"wp","href":"https:\/\/api.w.org\/{rel}","templated":true}]}}