{"id":239733,"date":"2025-03-20T16:47:59","date_gmt":"2025-03-20T16:47:59","guid":{"rendered":"https:\/\/aromasentia.com\/product\/sandalwood-silk-hand-body-wash-300ml\/"},"modified":"2025-12-30T20:32:54","modified_gmt":"2025-12-30T20:32:54","slug":"sandelholz-seiden-hand-und-duschgel-300-ml","status":"publish","type":"product","link":"https:\/\/aromasentia.com\/de\/sandelholz-seiden-hand-und-duschgel-300-ml\/","title":{"rendered":"Sandelholz-Seiden-Hand- und Duschgel 300 ml"},"content":{"rendered":"<p><strong>Sandalwood Silk Hand &amp; Body Wash<\/strong> ist ein luxuri\u00f6ses und verw\u00f6hnendes Produkt, das die Haut reinigt und mit Feuchtigkeit versorgt, w\u00e4hrend es gleichzeitig einen warmen und holzigen Duft verstr\u00f6mt.<\/p>\n<p>Der Duft von Sandelholzseide ist sowohl beruhigend als auch erdend. Dieses Waschmittel bietet eine weiche und seidige Textur, die sowohl luxuri\u00f6s als auch pflegend ist.<\/p>\n<p>Dieses Hand- und K\u00f6rperwaschmittel sch\u00e4umt leicht auf und l\u00e4sst sich leicht absp\u00fclen, so dass sich die Haut weich und glatt anf\u00fchlt. Es ist perfekt f\u00fcr die Verwendung in der Dusche oder Badewanne und kann t\u00e4glich verwendet werden, um die Haut sauber, mit Feuchtigkeit versorgt und erfrischt zu halten.<\/p>\n","protected":false},"excerpt":{"rendered":"<p>Sandalwood Silk Hand &amp; Body Wash ist ein luxuri\u00f6ses und verw\u00f6hnendes Produkt, das die Haut reinigt und mit Feuchtigkeit versorgt, w\u00e4hrend es gleichzeitig einen warmen und holzigen Duft verstr\u00f6mt. Der Duft von Sandelholzseide ist sowohl beruhigend als auch erdend. Dieses Waschmittel bietet eine weiche und seidige Textur, die sowohl luxuri\u00f6s als auch pflegend ist. Dieses [&hellip;]<\/p>\n","protected":false},"featured_media":284177,"comment_status":"closed","ping_status":"open","template":"","meta":{"_angie_page":false},"product_brand":[27070],"product_cat":[19448,25841,26896,20989,26387],"product_tag":[],"class_list":{"0":"post-239733","1":"product","2":"type-product","3":"status-publish","4":"has-post-thumbnail","6":"product_brand-aw-cosmetics","7":"product_cat-bad-und-korper","8":"product_cat-dufte-aromen","9":"product_cat-holzig","10":"product_cat-korperpflege","11":"product_cat-sandelholz","12":"pa_collection-fragranced-hand-body-wash-de","13":"pa_made-in-vereinigtes-koenigreich","14":"pa_size-300ml","16":"first","17":"instock","18":"purchasable","19":"product-type-simple"},"supplier_id":null,"supplier_sku":"FHBW-06","barcode":null,"atum_controlled":true,"out_stock_date":null,"out_stock_threshold":null,"inheritable":false,"inbound_stock":null,"stock_on_hold":0,"sold_today":0,"sales_last_days":0,"reserved_stock":null,"customer_returns":null,"warehouse_damage":null,"lost_in_post":null,"other_logs":null,"out_stock_days":0,"lost_sales":0,"has_location":null,"update_date":"2026-05-04T00:03:55","atum_locations":[],"atum_stock_status":"instock","restock_status":false,"low_stock_amount":"","sales_update_date":"2025-09-05T00:19:10","calc_backorders":null,"_links":{"self":[{"href":"https:\/\/aromasentia.com\/de\/wp-json\/wp\/v2\/product\/239733","targetHints":{"allow":["GET"]}}],"collection":[{"href":"https:\/\/aromasentia.com\/de\/wp-json\/wp\/v2\/product"}],"about":[{"href":"https:\/\/aromasentia.com\/de\/wp-json\/wp\/v2\/types\/product"}],"replies":[{"embeddable":true,"href":"https:\/\/aromasentia.com\/de\/wp-json\/wp\/v2\/comments?post=239733"}],"version-history":[{"count":0,"href":"https:\/\/aromasentia.com\/de\/wp-json\/wp\/v2\/product\/239733\/revisions"}],"wp:featuredmedia":[{"embeddable":true,"href":"https:\/\/aromasentia.com\/de\/wp-json\/wp\/v2\/media\/284177"}],"wp:attachment":[{"href":"https:\/\/aromasentia.com\/de\/wp-json\/wp\/v2\/media?parent=239733"}],"wp:term":[{"taxonomy":"product_brand","embeddable":true,"href":"https:\/\/aromasentia.com\/de\/wp-json\/wp\/v2\/product_brand?post=239733"},{"taxonomy":"product_cat","embeddable":true,"href":"https:\/\/aromasentia.com\/de\/wp-json\/wp\/v2\/product_cat?post=239733"},{"taxonomy":"product_tag","embeddable":true,"href":"https:\/\/aromasentia.com\/de\/wp-json\/wp\/v2\/product_tag?post=239733"}],"curies":[{"name":"wp","href":"https:\/\/api.w.org\/{rel}","templated":true}]}}