{"id":239729,"date":"2025-03-20T16:47:59","date_gmt":"2025-03-20T16:47:59","guid":{"rendered":"https:\/\/aromasentia.com\/product\/ginger-orange-lotion-300ml-white-label\/"},"modified":"2025-12-30T20:32:54","modified_gmt":"2025-12-30T20:32:54","slug":"ginger-orange-lotion-300ml-white-label","status":"publish","type":"product","link":"https:\/\/aromasentia.com\/de\/ginger-orange-lotion-300ml-white-label\/","title":{"rendered":"Ginger &#038; Orange Lotion 300ml &#8211; White Label"},"content":{"rendered":"<p>Beleben und w\u00e4rmen Sie Ihre Haut mit unserer Ginger &#038; Orange Lotion. Diese 300 ml Lotion mit wei\u00dfem Etikett bietet eine lebendige Mischung aus w\u00fcrzigem, w\u00e4rmendem Ingwer und s\u00fc\u00dfer, belebender Orange. Die n\u00e4hrende Formel zieht leicht ein, spendet lang anhaltende Feuchtigkeit und hinterl\u00e4sst ein weiches, geschmeidiges und belebtes Hautgef\u00fchl. Das w\u00fcrzige und beruhigende Aroma weckt die Sinne und macht sie zur perfekten t\u00e4glichen Feuchtigkeitspflege, die Ihre Haut belebt und Ihre Stimmung mit ihrem fr\u00f6hlichen, aromatischen Charme aufhellt.<\/p>\n","protected":false},"excerpt":{"rendered":"<p>Beleben und w\u00e4rmen Sie Ihre Haut mit unserer Ginger &#038; Orange Lotion. Diese 300 ml Lotion mit wei\u00dfem Etikett bietet eine lebendige Mischung aus w\u00fcrzigem, w\u00e4rmendem Ingwer und s\u00fc\u00dfer, belebender Orange. Die n\u00e4hrende Formel zieht leicht ein, spendet lang anhaltende Feuchtigkeit und hinterl\u00e4sst ein weiches, geschmeidiges und belebtes Hautgef\u00fchl. Das w\u00fcrzige und beruhigende Aroma weckt [&hellip;]<\/p>\n","protected":false},"featured_media":284168,"comment_status":"closed","ping_status":"open","template":"","meta":[],"product_brand":[],"product_cat":[19448,25841,26195,20989,26308,26889,26819],"product_tag":[],"class_list":{"0":"post-239729","1":"product","2":"type-product","3":"status-publish","4":"has-post-thumbnail","6":"product_cat-bad-und-korper","7":"product_cat-dufte-aromen","8":"product_cat-geranie","9":"product_cat-korperpflege","10":"product_cat-orange","11":"product_cat-wurzig","12":"product_cat-zitrus","13":"pa_collection-unlabelled-fragranced-hand-body-lotions-de","14":"pa_made-in-vereinigtes-koenigreich","15":"pa_size-300ml","17":"first","18":"instock","19":"purchasable","20":"product-type-simple"},"supplier_id":null,"supplier_sku":"FHBLUL-01DS","barcode":null,"atum_controlled":true,"out_stock_date":null,"out_stock_threshold":null,"inheritable":false,"inbound_stock":null,"stock_on_hold":0,"sold_today":0,"sales_last_days":0,"reserved_stock":null,"customer_returns":null,"warehouse_damage":null,"lost_in_post":null,"other_logs":null,"out_stock_days":0,"lost_sales":0,"has_location":null,"update_date":"2026-02-05T22:37:01","atum_locations":[],"atum_stock_status":"instock","restock_status":false,"low_stock_amount":"","sales_update_date":"2026-01-30T01:24:30","calc_backorders":null,"_links":{"self":[{"href":"https:\/\/aromasentia.com\/de\/wp-json\/wp\/v2\/product\/239729","targetHints":{"allow":["GET"]}}],"collection":[{"href":"https:\/\/aromasentia.com\/de\/wp-json\/wp\/v2\/product"}],"about":[{"href":"https:\/\/aromasentia.com\/de\/wp-json\/wp\/v2\/types\/product"}],"replies":[{"embeddable":true,"href":"https:\/\/aromasentia.com\/de\/wp-json\/wp\/v2\/comments?post=239729"}],"version-history":[{"count":0,"href":"https:\/\/aromasentia.com\/de\/wp-json\/wp\/v2\/product\/239729\/revisions"}],"wp:featuredmedia":[{"embeddable":true,"href":"https:\/\/aromasentia.com\/de\/wp-json\/wp\/v2\/media\/284168"}],"wp:attachment":[{"href":"https:\/\/aromasentia.com\/de\/wp-json\/wp\/v2\/media?parent=239729"}],"wp:term":[{"taxonomy":"product_brand","embeddable":true,"href":"https:\/\/aromasentia.com\/de\/wp-json\/wp\/v2\/product_brand?post=239729"},{"taxonomy":"product_cat","embeddable":true,"href":"https:\/\/aromasentia.com\/de\/wp-json\/wp\/v2\/product_cat?post=239729"},{"taxonomy":"product_tag","embeddable":true,"href":"https:\/\/aromasentia.com\/de\/wp-json\/wp\/v2\/product_tag?post=239729"}],"curies":[{"name":"wp","href":"https:\/\/api.w.org\/{rel}","templated":true}]}}