{"id":239725,"date":"2025-03-20T16:47:59","date_gmt":"2025-03-20T16:47:59","guid":{"rendered":"https:\/\/aromasentia.com\/product\/blackberry-almond-lotion-300ml-white-label\/"},"modified":"2025-12-30T20:32:54","modified_gmt":"2025-12-30T20:32:54","slug":"blackberry-almond-lotion-300ml-white-label","status":"publish","type":"product","link":"https:\/\/aromasentia.com\/de\/blackberry-almond-lotion-300ml-white-label\/","title":{"rendered":"Blackberry &#038; Almond Lotion 300ml &#8211; White Label"},"content":{"rendered":"<p>Pflegen Sie Ihre Haut mit der beruhigenden Mischung unserer Brombeer-Mandel-Lotion. Diese 300 ml Lotion mit wei\u00dfem Etikett kombiniert das s\u00fc\u00dfe, leicht herbe Aroma reifer Brombeeren mit der warmen, nussigen S\u00fc\u00dfe von Mandeln. Die reichhaltige, feuchtigkeitsspendende Formel pflegt die Haut intensiv und hinterl\u00e4sst ein au\u00dfergew\u00f6hnlich weiches, geschmeidiges und hydratisiertes Hautgef\u00fchl. Eine wunderbar beruhigende und verw\u00f6hnende Tageslotion, die Ihre Haut verw\u00f6hnt und Sie gleichzeitig mit einem k\u00f6stlichen, subtilen Duft umh\u00fcllt.<\/p>\n","protected":false},"excerpt":{"rendered":"<p>Pflegen Sie Ihre Haut mit der beruhigenden Mischung unserer Brombeer-Mandel-Lotion. Diese 300 ml Lotion mit wei\u00dfem Etikett kombiniert das s\u00fc\u00dfe, leicht herbe Aroma reifer Brombeeren mit der warmen, nussigen S\u00fc\u00dfe von Mandeln. Die reichhaltige, feuchtigkeitsspendende Formel pflegt die Haut intensiv und hinterl\u00e4sst ein au\u00dfergew\u00f6hnlich weiches, geschmeidiges und hydratisiertes Hautgef\u00fchl. Eine wunderbar beruhigende und verw\u00f6hnende Tageslotion, [&hellip;]<\/p>\n","protected":false},"featured_media":284159,"comment_status":"closed","ping_status":"open","template":"","meta":{"_angie_page":false},"product_brand":[],"product_cat":[19448,26527,25841,26847,26854,20989,26559],"product_tag":[],"class_list":{"0":"post-239725","1":"product","2":"type-product","3":"status-publish","4":"has-post-thumbnail","6":"product_cat-bad-und-korper","7":"product_cat-brombeere","8":"product_cat-dufte-aromen","9":"product_cat-fruchtig","10":"product_cat-gourmand","11":"product_cat-korperpflege","12":"product_cat-mandel","13":"pa_collection-unlabelled-fragranced-hand-body-lotions-de","14":"pa_made-in-vereinigtes-koenigreich","15":"pa_size-300ml","17":"first","18":"instock","19":"purchasable","20":"product-type-simple"},"supplier_id":null,"supplier_sku":"FHBLUL-02DS","barcode":null,"atum_controlled":true,"out_stock_date":null,"out_stock_threshold":null,"inheritable":false,"inbound_stock":null,"stock_on_hold":0,"sold_today":0,"sales_last_days":0,"reserved_stock":null,"customer_returns":null,"warehouse_damage":null,"lost_in_post":null,"other_logs":null,"out_stock_days":0,"lost_sales":0,"has_location":null,"update_date":"2026-04-27T07:03:21","atum_locations":[],"atum_stock_status":"instock","restock_status":false,"low_stock_amount":"","sales_update_date":"2025-09-05T00:19:09","calc_backorders":null,"_links":{"self":[{"href":"https:\/\/aromasentia.com\/de\/wp-json\/wp\/v2\/product\/239725","targetHints":{"allow":["GET"]}}],"collection":[{"href":"https:\/\/aromasentia.com\/de\/wp-json\/wp\/v2\/product"}],"about":[{"href":"https:\/\/aromasentia.com\/de\/wp-json\/wp\/v2\/types\/product"}],"replies":[{"embeddable":true,"href":"https:\/\/aromasentia.com\/de\/wp-json\/wp\/v2\/comments?post=239725"}],"version-history":[{"count":0,"href":"https:\/\/aromasentia.com\/de\/wp-json\/wp\/v2\/product\/239725\/revisions"}],"wp:featuredmedia":[{"embeddable":true,"href":"https:\/\/aromasentia.com\/de\/wp-json\/wp\/v2\/media\/284159"}],"wp:attachment":[{"href":"https:\/\/aromasentia.com\/de\/wp-json\/wp\/v2\/media?parent=239725"}],"wp:term":[{"taxonomy":"product_brand","embeddable":true,"href":"https:\/\/aromasentia.com\/de\/wp-json\/wp\/v2\/product_brand?post=239725"},{"taxonomy":"product_cat","embeddable":true,"href":"https:\/\/aromasentia.com\/de\/wp-json\/wp\/v2\/product_cat?post=239725"},{"taxonomy":"product_tag","embeddable":true,"href":"https:\/\/aromasentia.com\/de\/wp-json\/wp\/v2\/product_tag?post=239725"}],"curies":[{"name":"wp","href":"https:\/\/api.w.org\/{rel}","templated":true}]}}