{"id":239721,"date":"2025-03-20T16:47:59","date_gmt":"2025-03-20T16:47:59","guid":{"rendered":"https:\/\/aromasentia.com\/product\/mango-lime-lotion-300ml-white-label\/"},"modified":"2025-12-30T20:32:54","modified_gmt":"2025-12-30T20:32:54","slug":"mango-lime-lotion-300ml-white-label","status":"publish","type":"product","link":"https:\/\/aromasentia.com\/de\/mango-lime-lotion-300ml-white-label\/","title":{"rendered":"Mango &#038; Lime Lotion 300ml &#8211; White Label"},"content":{"rendered":"<p>Entfliehen Sie mit unserer Mango &#038; Lime Lotion in die Tropen. Diese 300 ml Lotion mit wei\u00dfem Etikett enth\u00e4lt eine k\u00f6stliche Mischung aus s\u00fc\u00dfer, saftiger Mango und spritziger, erfrischender Limette. Die feuchtigkeitsspendende Formel verschmilzt mit der Haut und sorgt f\u00fcr lang anhaltende Geschmeidigkeit und ein gesundes Strahlen. Das lebendige, exotische Aroma hebt sofort die Stimmung und belebt die Sinne, sodass die t\u00e4gliche Feuchtigkeitspflege zu einem kleinen Urlaub wird. Perfekt, um Ihre Haut geschmeidig und gepflegt zu machen und einen k\u00f6stlichen Duft zu verstr\u00f6men.<\/p>\n","protected":false},"excerpt":{"rendered":"<p>Entfliehen Sie mit unserer Mango &#038; Lime Lotion in die Tropen. Diese 300 ml Lotion mit wei\u00dfem Etikett enth\u00e4lt eine k\u00f6stliche Mischung aus s\u00fc\u00dfer, saftiger Mango und spritziger, erfrischender Limette. Die feuchtigkeitsspendende Formel verschmilzt mit der Haut und sorgt f\u00fcr lang anhaltende Geschmeidigkeit und ein gesundes Strahlen. Das lebendige, exotische Aroma hebt sofort die Stimmung [&hellip;]<\/p>\n","protected":false},"featured_media":284150,"comment_status":"closed","ping_status":"open","template":"","meta":{"_angie_page":false},"product_brand":[],"product_cat":[19448,25841,20989,26256,26819],"product_tag":[],"class_list":{"0":"post-239721","1":"product","2":"type-product","3":"status-publish","4":"has-post-thumbnail","6":"product_cat-bad-und-korper","7":"product_cat-dufte-aromen","8":"product_cat-korperpflege","9":"product_cat-limette","10":"product_cat-zitrus","11":"pa_collection-unlabelled-fragranced-hand-body-lotions-de","12":"pa_made-in-vereinigtes-koenigreich","13":"pa_size-300ml","15":"first","16":"instock","17":"purchasable","18":"product-type-simple"},"supplier_id":null,"supplier_sku":"FHBLUL-03DS","barcode":null,"atum_controlled":true,"out_stock_date":null,"out_stock_threshold":null,"inheritable":false,"inbound_stock":null,"stock_on_hold":0,"sold_today":0,"sales_last_days":0,"reserved_stock":null,"customer_returns":null,"warehouse_damage":null,"lost_in_post":null,"other_logs":null,"out_stock_days":0,"lost_sales":0,"has_location":null,"update_date":"2026-04-27T07:03:21","atum_locations":[],"atum_stock_status":"instock","restock_status":false,"low_stock_amount":"","sales_update_date":"2025-09-05T00:19:09","calc_backorders":null,"_links":{"self":[{"href":"https:\/\/aromasentia.com\/de\/wp-json\/wp\/v2\/product\/239721","targetHints":{"allow":["GET"]}}],"collection":[{"href":"https:\/\/aromasentia.com\/de\/wp-json\/wp\/v2\/product"}],"about":[{"href":"https:\/\/aromasentia.com\/de\/wp-json\/wp\/v2\/types\/product"}],"replies":[{"embeddable":true,"href":"https:\/\/aromasentia.com\/de\/wp-json\/wp\/v2\/comments?post=239721"}],"version-history":[{"count":0,"href":"https:\/\/aromasentia.com\/de\/wp-json\/wp\/v2\/product\/239721\/revisions"}],"wp:featuredmedia":[{"embeddable":true,"href":"https:\/\/aromasentia.com\/de\/wp-json\/wp\/v2\/media\/284150"}],"wp:attachment":[{"href":"https:\/\/aromasentia.com\/de\/wp-json\/wp\/v2\/media?parent=239721"}],"wp:term":[{"taxonomy":"product_brand","embeddable":true,"href":"https:\/\/aromasentia.com\/de\/wp-json\/wp\/v2\/product_brand?post=239721"},{"taxonomy":"product_cat","embeddable":true,"href":"https:\/\/aromasentia.com\/de\/wp-json\/wp\/v2\/product_cat?post=239721"},{"taxonomy":"product_tag","embeddable":true,"href":"https:\/\/aromasentia.com\/de\/wp-json\/wp\/v2\/product_tag?post=239721"}],"curies":[{"name":"wp","href":"https:\/\/api.w.org\/{rel}","templated":true}]}}