{"id":239709,"date":"2025-03-20T16:47:59","date_gmt":"2025-03-20T16:47:59","guid":{"rendered":"https:\/\/aromasentia.com\/product\/sandalwood-silk-lotion-300ml-white-label\/"},"modified":"2025-12-30T20:32:54","modified_gmt":"2025-12-30T20:32:54","slug":"sandalwood-silk-lotion-300ml-white-label","status":"publish","type":"product","link":"https:\/\/aromasentia.com\/de\/sandalwood-silk-lotion-300ml-white-label\/","title":{"rendered":"Sandalwood Silk Lotion 300ml &#8211; White Label"},"content":{"rendered":"<p>Verw\u00f6hnen Sie Ihre Haut mit der luxuri\u00f6sen Sandalwood Silk Lotion. Diese 300 ml gro\u00dfe Lotion mit wei\u00dfem Etikett bietet tiefe Feuchtigkeit mit einem raffinierten, erdenden Aroma von reichhaltigem Sandelholz. Die seidige Formel zieht schnell ein und hinterl\u00e4sst ein au\u00dfergew\u00f6hnlich weiches, geschmeidiges und gepflegtes Hautgef\u00fchl ohne fettige R\u00fcckst\u00e4nde. Sie eignet sich perfekt f\u00fcr die t\u00e4gliche Feuchtigkeitspflege und bietet dauerhaften Komfort und einen subtilen, eleganten Duft, der die Sinne beruhigt und Ihrer Hautpflege einen Hauch von zeitlosem Luxus verleiht.<\/p>\n","protected":false},"excerpt":{"rendered":"<p>Verw\u00f6hnen Sie Ihre Haut mit der luxuri\u00f6sen Sandalwood Silk Lotion. Diese 300 ml gro\u00dfe Lotion mit wei\u00dfem Etikett bietet tiefe Feuchtigkeit mit einem raffinierten, erdenden Aroma von reichhaltigem Sandelholz. Die seidige Formel zieht schnell ein und hinterl\u00e4sst ein au\u00dfergew\u00f6hnlich weiches, geschmeidiges und gepflegtes Hautgef\u00fchl ohne fettige R\u00fcckst\u00e4nde. Sie eignet sich perfekt f\u00fcr die t\u00e4gliche Feuchtigkeitspflege [&hellip;]<\/p>\n","protected":false},"featured_media":284123,"comment_status":"closed","ping_status":"open","template":"","meta":{"_angie_page":false},"product_brand":[],"product_cat":[19448,25841,26896,20989,26387],"product_tag":[],"class_list":{"0":"post-239709","1":"product","2":"type-product","3":"status-publish","4":"has-post-thumbnail","6":"product_cat-bad-und-korper","7":"product_cat-dufte-aromen","8":"product_cat-holzig","9":"product_cat-korperpflege","10":"product_cat-sandelholz","11":"pa_collection-unlabelled-fragranced-hand-body-lotions-de","12":"pa_made-in-vereinigtes-koenigreich","13":"pa_size-300ml","15":"first","16":"instock","17":"purchasable","18":"product-type-simple"},"supplier_id":null,"supplier_sku":"FHBLUL-06DS","barcode":null,"atum_controlled":true,"out_stock_date":null,"out_stock_threshold":null,"inheritable":false,"inbound_stock":null,"stock_on_hold":0,"sold_today":0,"sales_last_days":0,"reserved_stock":null,"customer_returns":null,"warehouse_damage":null,"lost_in_post":null,"other_logs":null,"out_stock_days":0,"lost_sales":0,"has_location":null,"update_date":"2026-05-04T00:03:55","atum_locations":[],"atum_stock_status":"instock","restock_status":false,"low_stock_amount":"","sales_update_date":"2025-09-05T00:19:08","calc_backorders":null,"_links":{"self":[{"href":"https:\/\/aromasentia.com\/de\/wp-json\/wp\/v2\/product\/239709","targetHints":{"allow":["GET"]}}],"collection":[{"href":"https:\/\/aromasentia.com\/de\/wp-json\/wp\/v2\/product"}],"about":[{"href":"https:\/\/aromasentia.com\/de\/wp-json\/wp\/v2\/types\/product"}],"replies":[{"embeddable":true,"href":"https:\/\/aromasentia.com\/de\/wp-json\/wp\/v2\/comments?post=239709"}],"version-history":[{"count":0,"href":"https:\/\/aromasentia.com\/de\/wp-json\/wp\/v2\/product\/239709\/revisions"}],"wp:featuredmedia":[{"embeddable":true,"href":"https:\/\/aromasentia.com\/de\/wp-json\/wp\/v2\/media\/284123"}],"wp:attachment":[{"href":"https:\/\/aromasentia.com\/de\/wp-json\/wp\/v2\/media?parent=239709"}],"wp:term":[{"taxonomy":"product_brand","embeddable":true,"href":"https:\/\/aromasentia.com\/de\/wp-json\/wp\/v2\/product_brand?post=239709"},{"taxonomy":"product_cat","embeddable":true,"href":"https:\/\/aromasentia.com\/de\/wp-json\/wp\/v2\/product_cat?post=239709"},{"taxonomy":"product_tag","embeddable":true,"href":"https:\/\/aromasentia.com\/de\/wp-json\/wp\/v2\/product_tag?post=239709"}],"curies":[{"name":"wp","href":"https:\/\/api.w.org\/{rel}","templated":true}]}}