{"id":239697,"date":"2025-03-20T16:47:59","date_gmt":"2025-03-20T16:47:59","guid":{"rendered":"https:\/\/aromasentia.com\/product\/raspberry-pomegranate-lotion-300ml\/"},"modified":"2025-12-30T20:32:47","modified_gmt":"2025-12-30T20:32:47","slug":"raspberry-pomegranate-lotion-300ml","status":"publish","type":"product","link":"https:\/\/aromasentia.com\/de\/raspberry-pomegranate-lotion-300ml\/","title":{"rendered":"Raspberry &#038; Pomegranate Lotion 300ml"},"content":{"rendered":"<p>Aroma Sentia <strong>Duftende Hand- und K\u00f6rperlotionen \u2013 Himbeer- und Granatapfellotion 300 ml<\/strong> eignen sich perfekt f\u00fcr den t\u00e4glichen Gebrauch. Wenn Ihre Kunden belebende D\u00fcfte und erschwingliche Preise m\u00f6gen, sollten Sie diese unbedingt bestellen.<\/p>\n<p>Sie sorgen f\u00fcr eine nat\u00fcrlich geschmeidige Haut und hinterlassen perfekt gepflegte, gesch\u00fctzte und zart duftende H\u00e4nde und K\u00f6rper. W\u00e4hlen Sie aus sechs fantastischen D\u00fcften. Ihre Kunden werden es zu sch\u00e4tzen wissen, dass alle frei von Parabenen, Sulfaten und anderen Chemikalien sind.<\/p>\n<p>Vielleicht gefallen Ihnen auch unsere <a href=\"https:\/\/aromasentia.com\/wsp\"><span style=\"color: rgb(141, 186, 216);\"><strong>Gesichtswassersprays<\/strong><\/span><\/a>. Bieten Sie ihnen diese Lotionen an, um ein ideales optionales Geschenkset zusammenzustellen.<\/p>\n<p><em>* Hergestellt in Gro\u00dfbritannien * Vegan * Nachhaltige Materialien * Keine Tierversuche *<\/em><\/p>\n<p><span style=\"color: rgb(141, 186, 216);\"><strong>\u00dcberraschen Sie Ihre Kunden noch heute und bereichern Sie Ihre Auswahl an Hautpflegeprodukten.<\/strong><\/span><\/p>\n","protected":false},"excerpt":{"rendered":"<p>Aroma Sentia Duftende Hand- und K\u00f6rperlotionen \u2013 Himbeer- und Granatapfellotion 300 ml eignen sich perfekt f\u00fcr den t\u00e4glichen Gebrauch. Wenn Ihre Kunden belebende D\u00fcfte und erschwingliche Preise m\u00f6gen, sollten Sie diese unbedingt bestellen. Sie sorgen f\u00fcr eine nat\u00fcrlich geschmeidige Haut und hinterlassen perfekt gepflegte, gesch\u00fctzte und zart duftende H\u00e4nde und K\u00f6rper. W\u00e4hlen Sie aus sechs [&hellip;]<\/p>\n","protected":false},"featured_media":284072,"comment_status":"closed","ping_status":"open","template":"","meta":{"_angie_page":false},"product_brand":[27070],"product_cat":[19448,25841,26847,26474,20989],"product_tag":[],"class_list":{"0":"post-239697","1":"product","2":"type-product","3":"status-publish","4":"has-post-thumbnail","6":"product_brand-aw-cosmetics","7":"product_cat-bad-und-korper","8":"product_cat-dufte-aromen","9":"product_cat-fruchtig","10":"product_cat-granatapfel","11":"product_cat-korperpflege","12":"pa_collection-fragranced-hand-body-lotions-de","13":"pa_made-in-vereinigtes-koenigreich","14":"pa_size-300ml","16":"first","17":"instock","18":"purchasable","19":"product-type-simple"},"supplier_id":null,"supplier_sku":"FHBL-04DS","barcode":null,"atum_controlled":true,"out_stock_date":null,"out_stock_threshold":null,"inheritable":false,"inbound_stock":null,"stock_on_hold":0,"sold_today":0,"sales_last_days":0,"reserved_stock":null,"customer_returns":null,"warehouse_damage":null,"lost_in_post":null,"other_logs":null,"out_stock_days":0,"lost_sales":0,"has_location":null,"update_date":"2026-04-30T06:45:55","atum_locations":[],"atum_stock_status":"instock","restock_status":false,"low_stock_amount":"","sales_update_date":"2025-09-05T00:19:07","calc_backorders":null,"_links":{"self":[{"href":"https:\/\/aromasentia.com\/de\/wp-json\/wp\/v2\/product\/239697","targetHints":{"allow":["GET"]}}],"collection":[{"href":"https:\/\/aromasentia.com\/de\/wp-json\/wp\/v2\/product"}],"about":[{"href":"https:\/\/aromasentia.com\/de\/wp-json\/wp\/v2\/types\/product"}],"replies":[{"embeddable":true,"href":"https:\/\/aromasentia.com\/de\/wp-json\/wp\/v2\/comments?post=239697"}],"version-history":[{"count":0,"href":"https:\/\/aromasentia.com\/de\/wp-json\/wp\/v2\/product\/239697\/revisions"}],"wp:featuredmedia":[{"embeddable":true,"href":"https:\/\/aromasentia.com\/de\/wp-json\/wp\/v2\/media\/284072"}],"wp:attachment":[{"href":"https:\/\/aromasentia.com\/de\/wp-json\/wp\/v2\/media?parent=239697"}],"wp:term":[{"taxonomy":"product_brand","embeddable":true,"href":"https:\/\/aromasentia.com\/de\/wp-json\/wp\/v2\/product_brand?post=239697"},{"taxonomy":"product_cat","embeddable":true,"href":"https:\/\/aromasentia.com\/de\/wp-json\/wp\/v2\/product_cat?post=239697"},{"taxonomy":"product_tag","embeddable":true,"href":"https:\/\/aromasentia.com\/de\/wp-json\/wp\/v2\/product_tag?post=239697"}],"curies":[{"name":"wp","href":"https:\/\/api.w.org\/{rel}","templated":true}]}}