{"id":239625,"date":"2025-03-20T16:48:36","date_gmt":"2025-03-20T16:48:36","guid":{"rendered":"https:\/\/aromasentia.com\/product\/funky-soap-loaf-raspberry-compote\/"},"modified":"2025-12-30T20:32:39","modified_gmt":"2025-12-30T20:32:39","slug":"funky-soap-loaf-raspberry-compote","status":"publish","type":"product","link":"https:\/\/aromasentia.com\/de\/funky-soap-loaf-raspberry-compote\/","title":{"rendered":"Funky Soap Loaf &#8211; Raspberry Compote"},"content":{"rendered":"<p><span style=\"color: rgb(75, 80, 88);\"><strong>Funky Soap Loaf &#8211; Himbeerkompott<\/strong>sieht fabelhaft aus und riecht fabelhaft! Diese farbenfrohe Seife in Ihrem E-Shop-Angebot wird die Aufmerksamkeit Ihrer Kunden sofort auf sich ziehen.<\/span><\/p>\n<p><span style=\"color: rgb(75, 80, 88);\">Jedes Funky Soap Loaf wiegt ungef\u00e4hr <strong>1,45 kg<\/strong>. Es kann in mindestens <strong>12 Scheiben<\/strong> geschnitten werden. <br \/><\/span><\/p>\n<p><span style=\"color: rgb(75, 80, 88);\"><strong>Bitte beachten:<\/strong> Farbe oder Design k\u00f6nnen leicht abweichen.&nbsp;<\/span><\/p>\n<p><span style=\"color: rgb(141, 186, 216);\"><strong>Dies ist eine wirklich fantastische Seife f\u00fcr alle, die Badezus\u00e4tze zubereiten m\u00f6chten.<br style=\"color: rgb(114, 114, 114); font-family: Raleway, sans-serif; font-size: 15px; font-style: normal; font-variant-ligatures: normal; font-variant-caps: normal; font-weight: 400; letter-spacing: normal; orphans: 2; text-align: start; text-indent: 0px; text-transform: none; white-space: normal; widows: 2; word-spacing: 0px; -webkit-text-stroke-width: 0px; background-color: rgb(255, 255, 255); text-decoration-thickness: initial; text-decoration-style: initial; text-decoration-color: initial;\">Zeit etwas spezieller und lustiger. Ihre Kunden werden das verr\u00fcckte Design lieben.<\/strong><\/span><\/p>\n","protected":false},"excerpt":{"rendered":"<p>Funky Soap Loaf &#8211; Himbeerkompottsieht fabelhaft aus und riecht fabelhaft! Diese farbenfrohe Seife in Ihrem E-Shop-Angebot wird die Aufmerksamkeit Ihrer Kunden sofort auf sich ziehen. Jedes Funky Soap Loaf wiegt ungef\u00e4hr 1,45 kg. Es kann in mindestens 12 Scheiben geschnitten werden. Bitte beachten: Farbe oder Design k\u00f6nnen leicht abweichen.&nbsp; Dies ist eine wirklich fantastische Seife [&hellip;]<\/p>\n","protected":false},"featured_media":284414,"comment_status":"closed","ping_status":"open","template":"","meta":[],"product_brand":[],"product_cat":[19448,20589],"product_tag":[],"class_list":{"0":"post-239625","1":"product","2":"type-product","3":"status-publish","4":"has-post-thumbnail","6":"product_cat-bad-und-korper","7":"product_cat-okologische-seifen","8":"pa_made-in-vereinigtes-koenigreich","10":"first","11":"outofstock","12":"purchasable","13":"product-type-simple"},"supplier_id":null,"supplier_sku":"FSL-02","barcode":null,"atum_controlled":true,"out_stock_date":"2025-09-04 23:39:59","out_stock_threshold":null,"inheritable":false,"inbound_stock":null,"stock_on_hold":0,"sold_today":0,"sales_last_days":0,"reserved_stock":null,"customer_returns":null,"warehouse_damage":null,"lost_in_post":null,"other_logs":null,"out_stock_days":0,"lost_sales":0,"has_location":null,"update_date":"2026-02-11T09:34:47","atum_locations":[],"atum_stock_status":"outofstock","restock_status":false,"low_stock_amount":"","sales_update_date":"2025-09-02T00:09:48","calc_backorders":null,"_links":{"self":[{"href":"https:\/\/aromasentia.com\/de\/wp-json\/wp\/v2\/product\/239625","targetHints":{"allow":["GET"]}}],"collection":[{"href":"https:\/\/aromasentia.com\/de\/wp-json\/wp\/v2\/product"}],"about":[{"href":"https:\/\/aromasentia.com\/de\/wp-json\/wp\/v2\/types\/product"}],"replies":[{"embeddable":true,"href":"https:\/\/aromasentia.com\/de\/wp-json\/wp\/v2\/comments?post=239625"}],"version-history":[{"count":0,"href":"https:\/\/aromasentia.com\/de\/wp-json\/wp\/v2\/product\/239625\/revisions"}],"wp:featuredmedia":[{"embeddable":true,"href":"https:\/\/aromasentia.com\/de\/wp-json\/wp\/v2\/media\/284414"}],"wp:attachment":[{"href":"https:\/\/aromasentia.com\/de\/wp-json\/wp\/v2\/media?parent=239625"}],"wp:term":[{"taxonomy":"product_brand","embeddable":true,"href":"https:\/\/aromasentia.com\/de\/wp-json\/wp\/v2\/product_brand?post=239625"},{"taxonomy":"product_cat","embeddable":true,"href":"https:\/\/aromasentia.com\/de\/wp-json\/wp\/v2\/product_cat?post=239625"},{"taxonomy":"product_tag","embeddable":true,"href":"https:\/\/aromasentia.com\/de\/wp-json\/wp\/v2\/product_tag?post=239625"}],"curies":[{"name":"wp","href":"https:\/\/api.w.org\/{rel}","templated":true}]}}