{"id":239617,"date":"2025-03-20T16:48:36","date_gmt":"2025-03-20T16:48:36","guid":{"rendered":"https:\/\/aromasentia.com\/product\/fragranced-sugar-body-scrub-watermelon-daquiri-300g\/"},"modified":"2025-12-30T20:32:32","modified_gmt":"2025-12-30T20:32:32","slug":"duftendes-zucker-koerperpeeling-wassermelonen-daiquiri-300-g","status":"publish","type":"product","link":"https:\/\/aromasentia.com\/de\/duftendes-zucker-koerperpeeling-wassermelonen-daiquiri-300-g\/","title":{"rendered":"Duftendes Zucker-K\u00f6rperpeeling \u2013 Wassermelonen-Daiquiri 300 g"},"content":{"rendered":"<p><span style=\"color: rgb(75, 80, 88);\">Es ist unglaublich, aber wahr &#8230; jetzt k\u00f6nnen Ihre Kunden ein luxuri\u00f6ses Zuckerpeeling genie\u00dfen, das sie an ihren Lieblingscocktail erinnern wird &#8211; <strong>Watermelon Daiquiri<\/strong><\/span><\/p>\n<p><span style=\"color: rgb(75, 80, 88);\">Cocktail Sugar Body Scrubs sind eines der besten nat\u00fcrlichen Sch\u00f6nheitsprodukte zur Peelung der Haut. Mit wunderbaren D\u00fcften und der Zugabe von Sheabutter beleben sie die Sinne und beruhigen die Haut. Ihre Kunden k\u00f6nnen sie das ganze Jahr \u00fcber f\u00fcr eine weiche und strahlende Haut verwenden.<\/span><\/p>\n<p><span style=\"color: rgb(75, 80, 88);\"><strong>Cocktail Sugar Body Scrubs<\/strong> mit ihrer cremigen Textur peelen sanft, f\u00f6rdern die Durchblutung und entfernen abgestorbene Hautzellen, indem sie diese wegschrubben. Sie helfen, alle Unreinheiten zu entfernen und hinterlassen ein erneuertes und frisches Hautgef\u00fchl. AW-Zucker-K\u00f6rperpeelings sind die perfekte Art, sich etwas Gutes zu tun.<\/span><\/p>\n<p><span style=\"color: rgb(75, 80, 88);\"><br \/><\/span><\/p>\n<p><span style=\"color: rgb(75, 80, 88);\"><strong>Anwendung:<\/strong> Eine gro\u00dfz\u00fcgige Menge auf die nasse oder trockene Haut auftragen! Mit kreisenden Bewegungen die Hautoberfl\u00e4che massieren. Mit warmem Wasser absp\u00fclen. Trocken tupfen und Ihre Lieblingsfeuchtigkeitscreme auftragen. Ein- bis zweimal pro Woche anwenden. An einem k\u00fchlen, trockenen Ort aufbewahren.<\/span><\/p>\n<p><span style=\"color: rgb(75, 80, 88);\"><em>* Vegan * Tierversuchsfrei * F\u00fcr alle Hauttypen geeignet * Handgefertigt * Hergestellt im Vereinigten K\u00f6nigreich *<\/em><\/span><\/p>\n<p><span style=\"color: rgb(75, 80, 88);\"><strong>Jetzt schrubben und gesund profitieren! Bestellen Sie noch heute.<\/strong><\/span><\/p>\n","protected":false},"excerpt":{"rendered":"<p>Es ist unglaublich, aber wahr &#8230; jetzt k\u00f6nnen Ihre Kunden ein luxuri\u00f6ses Zuckerpeeling genie\u00dfen, das sie an ihren Lieblingscocktail erinnern wird &#8211; Watermelon Daiquiri Cocktail Sugar Body Scrubs sind eines der besten nat\u00fcrlichen Sch\u00f6nheitsprodukte zur Peelung der Haut. Mit wunderbaren D\u00fcften und der Zugabe von Sheabutter beleben sie die Sinne und beruhigen die Haut. Ihre [&hellip;]<\/p>\n","protected":false},"featured_media":284380,"comment_status":"closed","ping_status":"open","template":"","meta":{"_angie_page":false},"product_brand":[],"product_cat":[19448,25841,26847,20989,26476],"product_tag":[],"class_list":{"0":"post-239617","1":"product","2":"type-product","3":"status-publish","4":"has-post-thumbnail","6":"product_cat-bad-und-korper","7":"product_cat-dufte-aromen","8":"product_cat-fruchtig","9":"product_cat-korperpflege","10":"product_cat-wassermelone","11":"pa_collection-fragranced-sugar-body-scrub-de","12":"pa_made-in-vereinigtes-koenigreich","13":"pa_size-300g","15":"first","16":"instock","17":"purchasable","18":"product-type-simple"},"supplier_id":null,"supplier_sku":"FSBS-01","barcode":null,"atum_controlled":true,"out_stock_date":null,"out_stock_threshold":null,"inheritable":false,"inbound_stock":null,"stock_on_hold":0,"sold_today":0,"sales_last_days":0,"reserved_stock":null,"customer_returns":null,"warehouse_damage":null,"lost_in_post":null,"other_logs":null,"out_stock_days":0,"lost_sales":0,"has_location":null,"update_date":"2026-04-28T01:01:01","atum_locations":[],"atum_stock_status":"instock","restock_status":false,"low_stock_amount":"","sales_update_date":"2025-09-05T00:19:11","calc_backorders":null,"_links":{"self":[{"href":"https:\/\/aromasentia.com\/de\/wp-json\/wp\/v2\/product\/239617","targetHints":{"allow":["GET"]}}],"collection":[{"href":"https:\/\/aromasentia.com\/de\/wp-json\/wp\/v2\/product"}],"about":[{"href":"https:\/\/aromasentia.com\/de\/wp-json\/wp\/v2\/types\/product"}],"replies":[{"embeddable":true,"href":"https:\/\/aromasentia.com\/de\/wp-json\/wp\/v2\/comments?post=239617"}],"version-history":[{"count":0,"href":"https:\/\/aromasentia.com\/de\/wp-json\/wp\/v2\/product\/239617\/revisions"}],"wp:featuredmedia":[{"embeddable":true,"href":"https:\/\/aromasentia.com\/de\/wp-json\/wp\/v2\/media\/284380"}],"wp:attachment":[{"href":"https:\/\/aromasentia.com\/de\/wp-json\/wp\/v2\/media?parent=239617"}],"wp:term":[{"taxonomy":"product_brand","embeddable":true,"href":"https:\/\/aromasentia.com\/de\/wp-json\/wp\/v2\/product_brand?post=239617"},{"taxonomy":"product_cat","embeddable":true,"href":"https:\/\/aromasentia.com\/de\/wp-json\/wp\/v2\/product_cat?post=239617"},{"taxonomy":"product_tag","embeddable":true,"href":"https:\/\/aromasentia.com\/de\/wp-json\/wp\/v2\/product_tag?post=239617"}],"curies":[{"name":"wp","href":"https:\/\/api.w.org\/{rel}","templated":true}]}}