{"id":239549,"date":"2025-03-20T16:49:31","date_gmt":"2025-03-20T16:49:31","guid":{"rendered":"https:\/\/aromasentia.com\/product\/greenman-soap-100g-manly-man\/"},"modified":"2025-12-30T20:32:25","modified_gmt":"2025-12-30T20:32:25","slug":"greenman-seife-100g-maennlicher-mann","status":"publish","type":"product","link":"https:\/\/aromasentia.com\/de\/greenman-seife-100g-maennlicher-mann\/","title":{"rendered":"Greenman Seife 100g &#8211; M\u00e4nnlicher Mann"},"content":{"rendered":"<p>Die Manly Man Greenman Seifen sind rein, nat\u00fcrlich und aromatisch, hergestellt aus Pflanzenstoffen und \u00e4therischen \u00d6len. Die dekadente, erdige Mischung aus Nelke und Salbei verleiht dieser Seife ein besonders w\u00fcrziges Aroma. Inspiriert vom alten keltischen Mythos des Gr\u00fcnen Mannes: nat\u00fcrlich, erdig und lebendig. Diese fast mythischen Seifen werden ausschlie\u00dflich mit nachhaltigem Palm\u00f6l, uralten Pflanzenstoffen und reinen aromatischen \u00d6len hergestellt und verwandeln Ihre t\u00e4gliche K\u00f6rperw\u00e4sche in ein Reinigungsritual, das Sie genie\u00dfen k\u00f6nnen. SLS- und parabenfrei Handgefertigt in England Mit aromatischen \u00d6len und Pflanzenstoffen Eine Seife f\u00fcr alle F\u00e4lle<\/p>\n","protected":false},"excerpt":{"rendered":"<p>Die Manly Man Greenman Seifen sind rein, nat\u00fcrlich und aromatisch, hergestellt aus Pflanzenstoffen und \u00e4therischen \u00d6len. Die dekadente, erdige Mischung aus Nelke und Salbei verleiht dieser Seife ein besonders w\u00fcrziges Aroma. Inspiriert vom alten keltischen Mythos des Gr\u00fcnen Mannes: nat\u00fcrlich, erdig und lebendig. Diese fast mythischen Seifen werden ausschlie\u00dflich mit nachhaltigem Palm\u00f6l, uralten Pflanzenstoffen und [&hellip;]<\/p>\n","protected":false},"featured_media":286008,"comment_status":"closed","ping_status":"open","template":"","meta":{"_angie_page":false},"product_brand":[],"product_cat":[19448,20589],"product_tag":[],"class_list":{"0":"post-239549","1":"product","2":"type-product","3":"status-publish","4":"has-post-thumbnail","6":"product_cat-bad-und-korper","7":"product_cat-okologische-seifen","8":"pa_collection-greenman-soaps-de","9":"pa_made-in-vereinigtes-koenigreich","10":"pa_size-100g","12":"first","13":"instock","14":"purchasable","15":"product-type-simple"},"supplier_id":null,"supplier_sku":"GMSoap-06","barcode":null,"atum_controlled":true,"out_stock_date":null,"out_stock_threshold":null,"inheritable":false,"inbound_stock":null,"stock_on_hold":0,"sold_today":0,"sales_last_days":0,"reserved_stock":null,"customer_returns":null,"warehouse_damage":null,"lost_in_post":null,"other_logs":null,"out_stock_days":0,"lost_sales":0,"has_location":null,"update_date":"2026-05-04T00:03:55","atum_locations":[],"atum_stock_status":"instock","restock_status":false,"low_stock_amount":"","sales_update_date":"2026-01-30T01:24:57","calc_backorders":null,"_links":{"self":[{"href":"https:\/\/aromasentia.com\/de\/wp-json\/wp\/v2\/product\/239549","targetHints":{"allow":["GET"]}}],"collection":[{"href":"https:\/\/aromasentia.com\/de\/wp-json\/wp\/v2\/product"}],"about":[{"href":"https:\/\/aromasentia.com\/de\/wp-json\/wp\/v2\/types\/product"}],"replies":[{"embeddable":true,"href":"https:\/\/aromasentia.com\/de\/wp-json\/wp\/v2\/comments?post=239549"}],"version-history":[{"count":0,"href":"https:\/\/aromasentia.com\/de\/wp-json\/wp\/v2\/product\/239549\/revisions"}],"wp:featuredmedia":[{"embeddable":true,"href":"https:\/\/aromasentia.com\/de\/wp-json\/wp\/v2\/media\/286008"}],"wp:attachment":[{"href":"https:\/\/aromasentia.com\/de\/wp-json\/wp\/v2\/media?parent=239549"}],"wp:term":[{"taxonomy":"product_brand","embeddable":true,"href":"https:\/\/aromasentia.com\/de\/wp-json\/wp\/v2\/product_brand?post=239549"},{"taxonomy":"product_cat","embeddable":true,"href":"https:\/\/aromasentia.com\/de\/wp-json\/wp\/v2\/product_cat?post=239549"},{"taxonomy":"product_tag","embeddable":true,"href":"https:\/\/aromasentia.com\/de\/wp-json\/wp\/v2\/product_tag?post=239549"}],"curies":[{"name":"wp","href":"https:\/\/api.w.org\/{rel}","templated":true}]}}