{"id":239533,"date":"2025-03-20T16:49:31","date_gmt":"2025-03-20T16:49:31","guid":{"rendered":"https:\/\/aromasentia.com\/product\/greenman-soap-100g-morning-fresh\/"},"modified":"2025-12-30T20:32:17","modified_gmt":"2025-12-30T20:32:17","slug":"greenman-seife-100g-morgenerfrischnung","status":"publish","type":"product","link":"https:\/\/aromasentia.com\/de\/greenman-seife-100g-morgenerfrischnung\/","title":{"rendered":"Greenman Seife 100g &#8211; Morgenerfrischnung"},"content":{"rendered":"<p>Die Morning Fresh Greenman Seifen sind rein, nat\u00fcrlich und aromatisch und werden aus Pflanzenstoffen und \u00e4therischen \u00d6len hergestellt. Der intensive Duft von Weihrauch wird in dieser au\u00dfergew\u00f6hnlichen Seife durch die rauchigen Zitrusnoten der Bergamotte verst\u00e4rkt. Inspiriert vom alten keltischen Mythos des Gr\u00fcnen Mannes: nat\u00fcrlich, erdig und lebendig. Mit ausschlie\u00dflich nachhaltigem Palm\u00f6l, uralten Pflanzenstoffen und reinen Aroma\u00f6len verwandeln diese fast mythischen Seifen Ihre t\u00e4gliche K\u00f6rperw\u00e4sche in ein Reinigungsritual zum Genie\u00dfen. * SLS- und Parabenfrei * Handgefertigt in England * Mit Aroma\u00f6len und Pflanzenstoffen * Eine Seife f\u00fcr alle F\u00e4lle *<\/p>\n","protected":false},"excerpt":{"rendered":"<p>Die Morning Fresh Greenman Seifen sind rein, nat\u00fcrlich und aromatisch und werden aus Pflanzenstoffen und \u00e4therischen \u00d6len hergestellt. Der intensive Duft von Weihrauch wird in dieser au\u00dfergew\u00f6hnlichen Seife durch die rauchigen Zitrusnoten der Bergamotte verst\u00e4rkt. Inspiriert vom alten keltischen Mythos des Gr\u00fcnen Mannes: nat\u00fcrlich, erdig und lebendig. Mit ausschlie\u00dflich nachhaltigem Palm\u00f6l, uralten Pflanzenstoffen und reinen [&hellip;]<\/p>\n","protected":false},"featured_media":285580,"comment_status":"closed","ping_status":"open","template":"","meta":{"_angie_page":false},"product_brand":[],"product_cat":[19448,20589],"product_tag":[],"class_list":{"0":"post-239533","1":"product","2":"type-product","3":"status-publish","4":"has-post-thumbnail","6":"product_cat-bad-und-korper","7":"product_cat-okologische-seifen","8":"pa_collection-greenman-soaps-de","9":"pa_made-in-vereinigtes-koenigreich","10":"pa_size-100g","12":"first","13":"instock","14":"purchasable","15":"product-type-simple"},"supplier_id":null,"supplier_sku":"GMSoap-02","barcode":null,"atum_controlled":true,"out_stock_date":null,"out_stock_threshold":null,"inheritable":false,"inbound_stock":null,"stock_on_hold":0,"sold_today":0,"sales_last_days":0,"reserved_stock":null,"customer_returns":null,"warehouse_damage":null,"lost_in_post":null,"other_logs":null,"out_stock_days":0,"lost_sales":0,"has_location":null,"update_date":"2026-05-04T00:03:55","atum_locations":[],"atum_stock_status":"instock","restock_status":false,"low_stock_amount":"","sales_update_date":"2025-09-05T00:19:16","calc_backorders":null,"_links":{"self":[{"href":"https:\/\/aromasentia.com\/de\/wp-json\/wp\/v2\/product\/239533","targetHints":{"allow":["GET"]}}],"collection":[{"href":"https:\/\/aromasentia.com\/de\/wp-json\/wp\/v2\/product"}],"about":[{"href":"https:\/\/aromasentia.com\/de\/wp-json\/wp\/v2\/types\/product"}],"replies":[{"embeddable":true,"href":"https:\/\/aromasentia.com\/de\/wp-json\/wp\/v2\/comments?post=239533"}],"version-history":[{"count":0,"href":"https:\/\/aromasentia.com\/de\/wp-json\/wp\/v2\/product\/239533\/revisions"}],"wp:featuredmedia":[{"embeddable":true,"href":"https:\/\/aromasentia.com\/de\/wp-json\/wp\/v2\/media\/285580"}],"wp:attachment":[{"href":"https:\/\/aromasentia.com\/de\/wp-json\/wp\/v2\/media?parent=239533"}],"wp:term":[{"taxonomy":"product_brand","embeddable":true,"href":"https:\/\/aromasentia.com\/de\/wp-json\/wp\/v2\/product_brand?post=239533"},{"taxonomy":"product_cat","embeddable":true,"href":"https:\/\/aromasentia.com\/de\/wp-json\/wp\/v2\/product_cat?post=239533"},{"taxonomy":"product_tag","embeddable":true,"href":"https:\/\/aromasentia.com\/de\/wp-json\/wp\/v2\/product_tag?post=239533"}],"curies":[{"name":"wp","href":"https:\/\/api.w.org\/{rel}","templated":true}]}}