{"id":239529,"date":"2025-03-20T16:49:31","date_gmt":"2025-03-20T16:49:31","guid":{"rendered":"https:\/\/aromasentia.com\/product\/greenman-soap-100g-gardeners-scrub\/"},"modified":"2025-12-30T20:32:17","modified_gmt":"2025-12-30T20:32:17","slug":"greenman-seife-100g-gaertnerschrubb","status":"publish","type":"product","link":"https:\/\/aromasentia.com\/de\/greenman-seife-100g-gaertnerschrubb\/","title":{"rendered":"Greenman Seife 100g &#8211; G\u00e4rtnerschrubb"},"content":{"rendered":"<p>Die Gardener&#8217;s Scrub Greenman Seifen sind rein, nat\u00fcrlich und aromatisch und werden aus Pflanzenstoffen und \u00e4therischen \u00d6len hergestellt. Mit Zitrone und Basilikum entgiftet, strafft und erhellt diese reichhaltige Seife Ihre Haut und reinigt sie gleichzeitig. Inspiriert vom alten keltischen Mythos des Gr\u00fcnen Mannes: nat\u00fcrlich, erdig und lebendig. Mit ausschlie\u00dflich nachhaltigem Palm\u00f6l, uralten Pflanzenstoffen und reinen Aroma\u00f6len verwandeln diese fast mythischen Seifen Ihre t\u00e4gliche K\u00f6rperw\u00e4sche in ein Reinigungsritual, das Sie genie\u00dfen k\u00f6nnen. * SLS- und parabenfrei * Handgefertigt in England * Mit Aroma\u00f6len und Pflanzenstoffen * Eine Seife f\u00fcr alle F\u00e4lle *<\/p>\n","protected":false},"excerpt":{"rendered":"<p>Die Gardener&#8217;s Scrub Greenman Seifen sind rein, nat\u00fcrlich und aromatisch und werden aus Pflanzenstoffen und \u00e4therischen \u00d6len hergestellt. Mit Zitrone und Basilikum entgiftet, strafft und erhellt diese reichhaltige Seife Ihre Haut und reinigt sie gleichzeitig. Inspiriert vom alten keltischen Mythos des Gr\u00fcnen Mannes: nat\u00fcrlich, erdig und lebendig. Mit ausschlie\u00dflich nachhaltigem Palm\u00f6l, uralten Pflanzenstoffen und reinen [&hellip;]<\/p>\n","protected":false},"featured_media":285483,"comment_status":"closed","ping_status":"open","template":"","meta":{"_angie_page":false},"product_brand":[],"product_cat":[19448,20589],"product_tag":[],"class_list":{"0":"post-239529","1":"product","2":"type-product","3":"status-publish","4":"has-post-thumbnail","6":"product_cat-bad-und-korper","7":"product_cat-okologische-seifen","8":"pa_collection-greenman-soaps-de","9":"pa_made-in-vereinigtes-koenigreich","10":"pa_size-100g","12":"first","13":"instock","14":"purchasable","15":"product-type-simple"},"supplier_id":null,"supplier_sku":"GMSoap-01","barcode":null,"atum_controlled":true,"out_stock_date":null,"out_stock_threshold":null,"inheritable":false,"inbound_stock":null,"stock_on_hold":0,"sold_today":0,"sales_last_days":0,"reserved_stock":null,"customer_returns":null,"warehouse_damage":null,"lost_in_post":null,"other_logs":null,"out_stock_days":0,"lost_sales":0,"has_location":null,"update_date":"2026-05-04T00:03:55","atum_locations":[],"atum_stock_status":"instock","restock_status":false,"low_stock_amount":"","sales_update_date":"2025-09-05T00:19:16","calc_backorders":null,"_links":{"self":[{"href":"https:\/\/aromasentia.com\/de\/wp-json\/wp\/v2\/product\/239529","targetHints":{"allow":["GET"]}}],"collection":[{"href":"https:\/\/aromasentia.com\/de\/wp-json\/wp\/v2\/product"}],"about":[{"href":"https:\/\/aromasentia.com\/de\/wp-json\/wp\/v2\/types\/product"}],"replies":[{"embeddable":true,"href":"https:\/\/aromasentia.com\/de\/wp-json\/wp\/v2\/comments?post=239529"}],"version-history":[{"count":0,"href":"https:\/\/aromasentia.com\/de\/wp-json\/wp\/v2\/product\/239529\/revisions"}],"wp:featuredmedia":[{"embeddable":true,"href":"https:\/\/aromasentia.com\/de\/wp-json\/wp\/v2\/media\/285483"}],"wp:attachment":[{"href":"https:\/\/aromasentia.com\/de\/wp-json\/wp\/v2\/media?parent=239529"}],"wp:term":[{"taxonomy":"product_brand","embeddable":true,"href":"https:\/\/aromasentia.com\/de\/wp-json\/wp\/v2\/product_brand?post=239529"},{"taxonomy":"product_cat","embeddable":true,"href":"https:\/\/aromasentia.com\/de\/wp-json\/wp\/v2\/product_cat?post=239529"},{"taxonomy":"product_tag","embeddable":true,"href":"https:\/\/aromasentia.com\/de\/wp-json\/wp\/v2\/product_tag?post=239529"}],"curies":[{"name":"wp","href":"https:\/\/api.w.org\/{rel}","templated":true}]}}