{"id":239525,"date":"2025-03-20T16:49:31","date_gmt":"2025-03-20T16:49:31","guid":{"rendered":"https:\/\/aromasentia.com\/product\/gemstone-bath-bomb-raspberry-pomegranate\/"},"modified":"2025-12-30T20:32:17","modified_gmt":"2025-12-30T20:32:17","slug":"edelstein-badebombe-weiss-und-blau","status":"publish","type":"product","link":"https:\/\/aromasentia.com\/de\/edelstein-badebombe-weiss-und-blau\/","title":{"rendered":"Edelstein-Badebombe \u2013 Wei\u00df und Blau"},"content":{"rendered":"<p><span style=\"color: rgb(75, 80, 88);\"><strong>Edelstein-Badebomben \u2013 Himbeere &#038; Granatapfel<\/strong> sind Ihr neues Must-have, wenn Sie Badeprodukte verkaufen. Sie geben Ihren Kunden ein luxuri\u00f6ses Gef\u00fchl und lassen sie entspannen und abschalten.<\/span><\/p>\n<p><span style=\"color: rgb(75, 80, 88);\">Ihre Einzigartigkeit zeigt sich nicht nur in der Form und den wundersch\u00f6nen Farben mit etwas Glitzer*, sondern vor allem in den \u00dcberraschungen, die sie verbergen. In jeder Badebombe befindet sich ein echter Edelstein, der ihr zus\u00e4tzlichen Wert verleiht.<\/span><\/p>\n<p><span style=\"color: rgb(75, 80, 88);\">Die Edelsteine, die wir in unsere Badebomben f\u00fcllen, werden sorgf\u00e4ltig ausgew\u00e4hlt und es gibt bis zu 13 Arten. Es gibt nur einen Weg, herauszufinden, welcher Edelstein im Inneren auf Sie wartet. Ihre Kunden m\u00fcssen ein Bad nehmen, um es herauszufinden \u2013 \u00dcberraschung! Jeder Stein hat einzigartige Eigenschaften, die wir in der dem Set beiliegenden Brosch\u00fcre beschrieben haben.<\/span><\/p>\n<p><span style=\"color: rgb(75, 80, 88);\">Edelstein-Badebomben sind das perfekte Geschenk f\u00fcr alle, die sich in ihrem Home-Spa besonders f\u00fchlen m\u00f6chten.<\/span><\/p>\n<p><span style=\"color: rgb(75, 80, 88);\"><strong>Brosch\u00fcren finden Sie in jedem Edelstein-Badebomben-Set \u2013 Gewicht 190\u2013220 g<\/strong><\/span><\/p>\n<p><span style=\"color: rgb(75, 80, 88);\"><em>*Umweltfreundlicher K\u00f6rperglitzer.<\/em><\/span><\/p>\n","protected":false},"excerpt":{"rendered":"<p>Edelstein-Badebomben \u2013 Himbeere &#038; Granatapfel sind Ihr neues Must-have, wenn Sie Badeprodukte verkaufen. Sie geben Ihren Kunden ein luxuri\u00f6ses Gef\u00fchl und lassen sie entspannen und abschalten. Ihre Einzigartigkeit zeigt sich nicht nur in der Form und den wundersch\u00f6nen Farben mit etwas Glitzer*, sondern vor allem in den \u00dcberraschungen, die sie verbergen. In jeder Badebombe befindet [&hellip;]<\/p>\n","protected":false},"featured_media":285370,"comment_status":"closed","ping_status":"open","template":"","meta":{"_angie_page":false},"product_brand":[],"product_cat":[19448,20511,25841,26847,26474],"product_tag":[],"class_list":{"0":"post-239525","1":"product","2":"type-product","3":"status-publish","4":"has-post-thumbnail","6":"product_cat-bad-und-korper","7":"product_cat-badebomben-badekugeln","8":"product_cat-dufte-aromen","9":"product_cat-fruchtig","10":"product_cat-granatapfel","11":"pa_collection-gemstone-bath-bombs-de","12":"pa_made-in-vereinigtes-koenigreich","14":"first","15":"instock","16":"purchasable","17":"product-type-simple"},"supplier_id":null,"supplier_sku":"GemBB-01","barcode":null,"atum_controlled":true,"out_stock_date":null,"out_stock_threshold":null,"inheritable":false,"inbound_stock":null,"stock_on_hold":0,"sold_today":0,"sales_last_days":0,"reserved_stock":null,"customer_returns":null,"warehouse_damage":null,"lost_in_post":null,"other_logs":null,"out_stock_days":0,"lost_sales":0,"has_location":null,"update_date":"2026-04-27T07:04:34","atum_locations":[],"atum_stock_status":"instock","restock_status":false,"low_stock_amount":"","sales_update_date":"2026-01-20T05:14:15","calc_backorders":null,"_links":{"self":[{"href":"https:\/\/aromasentia.com\/de\/wp-json\/wp\/v2\/product\/239525","targetHints":{"allow":["GET"]}}],"collection":[{"href":"https:\/\/aromasentia.com\/de\/wp-json\/wp\/v2\/product"}],"about":[{"href":"https:\/\/aromasentia.com\/de\/wp-json\/wp\/v2\/types\/product"}],"replies":[{"embeddable":true,"href":"https:\/\/aromasentia.com\/de\/wp-json\/wp\/v2\/comments?post=239525"}],"version-history":[{"count":0,"href":"https:\/\/aromasentia.com\/de\/wp-json\/wp\/v2\/product\/239525\/revisions"}],"wp:featuredmedia":[{"embeddable":true,"href":"https:\/\/aromasentia.com\/de\/wp-json\/wp\/v2\/media\/285370"}],"wp:attachment":[{"href":"https:\/\/aromasentia.com\/de\/wp-json\/wp\/v2\/media?parent=239525"}],"wp:term":[{"taxonomy":"product_brand","embeddable":true,"href":"https:\/\/aromasentia.com\/de\/wp-json\/wp\/v2\/product_brand?post=239525"},{"taxonomy":"product_cat","embeddable":true,"href":"https:\/\/aromasentia.com\/de\/wp-json\/wp\/v2\/product_cat?post=239525"},{"taxonomy":"product_tag","embeddable":true,"href":"https:\/\/aromasentia.com\/de\/wp-json\/wp\/v2\/product_tag?post=239525"}],"curies":[{"name":"wp","href":"https:\/\/api.w.org\/{rel}","templated":true}]}}